{"id":9833,"date":"2025-04-08T12:24:49","date_gmt":"2025-04-08T10:24:49","guid":{"rendered":"https:\/\/pool-house.shop\/product\/saness-whirlpool-set-12-phasen\/"},"modified":"2025-04-08T12:24:49","modified_gmt":"2025-04-08T10:24:49","slug":"saness-whirlpool-set-12-phasen","status":"publish","type":"product","link":"https:\/\/pool-house.shop\/de\/product\/saness-whirlpool-set-12-phasen\/","title":{"rendered":"Saness Whirlpool Set 1+2 Phasen"},"content":{"rendered":"<p>Saness Whirlpool Set 1+2 Phasen<\/p>\n<p> Das myPOOL SANESS System bietet eine umfassende Wasseraufbereitung f\u00fcr Whirlpools. Es neutralisiert schnell und dauerhaft Keime und Bakterien und verhindert das Algenwachstum.<br \/>\n Es verhindert die Wassertr\u00fcbung durch einen organischen Flockungsmittel (einsetzbar nicht nur f\u00fcr Sandfilteranlagen, sondern auch f\u00fcr Papierfilter) und beugt der Bildung von Kalk- und Metallablagerungen vor.<br \/>\n Es enth\u00e4lt kein Chlor, Aktivsauerstoff, Peroxid, ist frei von Silber und anderen Schwermetallen. Das System ist v\u00f6llig schaumfrei und kann auch in stark flie\u00dfendem Wasser (Gegenstromanlage, Sprudelbecken) verwendet werden. <\/p>\n","protected":false},"excerpt":{"rendered":"<p>Saness Whirlpool Set 1+2 Phasen<\/p>\n<p> Das myPOOL SANESS System bietet eine umfassende Wasseraufbereitung f\u00fcr Whirlpools. Es neutralisiert schnell und dauerhaft Keime und Bakterien und verhindert das Algenwachstum.<br \/>\n Es verhindert die Wassertr\u00fcbung durch einen organischen Flockungsmittel (einsetzbar nicht nur f\u00fcr Sandfilteranlagen, sondern auch f\u00fcr Papierfilter) und beugt der Bildung von Kalk- und Metallablagerungen vor.<br \/>\n Es enth\u00e4lt kein Chlor, Aktivsauerstoff, Peroxid, ist frei von Silber und anderen Schwermetallen. Das System ist v\u00f6llig schaumfrei und kann auch in stark flie\u00dfendem Wasser (Gegenstromanlage, Sprudelbecken) verwendet werden. <\/p>\n","protected":false},"featured_media":4314,"template":"","meta":[],"product_brand":[],"product_cat":[271],"product_tag":[],"class_list":{"0":"post-9833","1":"product","2":"type-product","3":"status-publish","4":"has-post-thumbnail","6":"product_cat-poolchemie","7":"thunk-woo-product-list","8":"open-woo-hover-none","9":"open-single-product-tab-horizontal","10":"open-shadow-","11":"open-shadow-hover-","13":"first","14":"instock","15":"taxable","16":"shipping-taxable","17":"purchasable","18":"product-type-simple"},"yoast_head":"<!-- This site is optimized with the Yoast SEO plugin v26.9 - https:\/\/yoast.com\/product\/yoast-seo-wordpress\/ -->\n<title>Saness Whirlpool Set 1+2 Phasen - Pool-House<\/title>\n<meta name=\"robots\" content=\"index, follow, max-snippet:-1, max-image-preview:large, max-video-preview:-1\" \/>\n<link rel=\"canonical\" href=\"https:\/\/pool-house.shop\/de\/product\/saness-whirlpool-set-12-phasen\/\" \/>\n<meta property=\"og:locale\" content=\"de_DE\" \/>\n<meta property=\"og:type\" content=\"article\" \/>\n<meta property=\"og:title\" content=\"Saness Whirlpool Set 1+2 Phasen - Pool-House\" \/>\n<meta property=\"og:description\" content=\"Saness Whirlpool Set 1+2 Phasen  Das myPOOL SANESS System bietet eine umfassende Wasseraufbereitung f\u00fcr Whirlpools. Es neutralisiert schnell und dauerhaft Keime und Bakterien und verhindert das Algenwachstum.  Es verhindert die Wassertr\u00fcbung durch einen organischen Flockungsmittel (einsetzbar nicht nur f\u00fcr Sandfilteranlagen, sondern auch f\u00fcr Papierfilter) und beugt der Bildung von Kalk- und Metallablagerungen vor.  Es enth\u00e4lt kein Chlor, Aktivsauerstoff, Peroxid, ist frei von Silber und anderen Schwermetallen. Das System ist v\u00f6llig schaumfrei und kann auch in stark flie\u00dfendem Wasser (Gegenstromanlage, Sprudelbecken) verwendet werden.\" \/>\n<meta property=\"og:url\" content=\"https:\/\/pool-house.shop\/de\/product\/saness-whirlpool-set-12-phasen\/\" \/>\n<meta property=\"og:site_name\" content=\"Pool-House\" \/>\n<meta property=\"article:publisher\" content=\"https:\/\/www.facebook.com\/termodomsk\/\" \/>\n<meta property=\"og:image\" content=\"https:\/\/pool-house.shop\/wp-content\/uploads\/2025\/04\/150185.png\" \/>\n\t<meta property=\"og:image:width\" content=\"1600\" \/>\n\t<meta property=\"og:image:height\" content=\"1600\" \/>\n\t<meta property=\"og:image:type\" content=\"image\/png\" \/>\n<meta name=\"twitter:card\" content=\"summary_large_image\" \/>\n<script type=\"application\/ld+json\" class=\"yoast-schema-graph\">{\"@context\":\"https:\/\/schema.org\",\"@graph\":[{\"@type\":\"WebPage\",\"@id\":\"https:\/\/pool-house.shop\/de\/product\/saness-whirlpool-set-12-phasen\/\",\"url\":\"https:\/\/pool-house.shop\/de\/product\/saness-whirlpool-set-12-phasen\/\",\"name\":\"Saness Whirlpool Set 1+2 Phasen - Pool-House\",\"isPartOf\":{\"@id\":\"https:\/\/pool-house.shop\/de\/#website\"},\"primaryImageOfPage\":{\"@id\":\"https:\/\/pool-house.shop\/de\/product\/saness-whirlpool-set-12-phasen\/#primaryimage\"},\"image\":{\"@id\":\"https:\/\/pool-house.shop\/de\/product\/saness-whirlpool-set-12-phasen\/#primaryimage\"},\"thumbnailUrl\":\"https:\/\/pool-house.shop\/wp-content\/uploads\/2025\/04\/150185.png\",\"datePublished\":\"2025-04-08T10:24:49+00:00\",\"breadcrumb\":{\"@id\":\"https:\/\/pool-house.shop\/de\/product\/saness-whirlpool-set-12-phasen\/#breadcrumb\"},\"inLanguage\":\"de\",\"potentialAction\":[{\"@type\":\"ReadAction\",\"target\":[\"https:\/\/pool-house.shop\/de\/product\/saness-whirlpool-set-12-phasen\/\"]}]},{\"@type\":\"ImageObject\",\"inLanguage\":\"de\",\"@id\":\"https:\/\/pool-house.shop\/de\/product\/saness-whirlpool-set-12-phasen\/#primaryimage\",\"url\":\"https:\/\/pool-house.shop\/wp-content\/uploads\/2025\/04\/150185.png\",\"contentUrl\":\"https:\/\/pool-house.shop\/wp-content\/uploads\/2025\/04\/150185.png\",\"width\":1600,\"height\":1600},{\"@type\":\"BreadcrumbList\",\"@id\":\"https:\/\/pool-house.shop\/de\/product\/saness-whirlpool-set-12-phasen\/#breadcrumb\",\"itemListElement\":[{\"@type\":\"ListItem\",\"position\":1,\"name\":\"Domovsk\u00e1 str\u00e1nka\",\"item\":\"https:\/\/pool-house.shop\/de\/\"},{\"@type\":\"ListItem\",\"position\":2,\"name\":\"Shop\",\"item\":\"https:\/\/pool-house.shop\/de\/shop\/\"},{\"@type\":\"ListItem\",\"position\":3,\"name\":\"Saness Whirlpool Set 1+2 Phasen\"}]},{\"@type\":\"WebSite\",\"@id\":\"https:\/\/pool-house.shop\/de\/#website\",\"url\":\"https:\/\/pool-house.shop\/de\/\",\"name\":\"Pool-House\",\"description\":\"\",\"publisher\":{\"@id\":\"https:\/\/pool-house.shop\/de\/#organization\"},\"potentialAction\":[{\"@type\":\"SearchAction\",\"target\":{\"@type\":\"EntryPoint\",\"urlTemplate\":\"https:\/\/pool-house.shop\/de\/?s={search_term_string}\"},\"query-input\":{\"@type\":\"PropertyValueSpecification\",\"valueRequired\":true,\"valueName\":\"search_term_string\"}}],\"inLanguage\":\"de\"},{\"@type\":\"Organization\",\"@id\":\"https:\/\/pool-house.shop\/de\/#organization\",\"name\":\"Pool-House\",\"url\":\"https:\/\/pool-house.shop\/de\/\",\"logo\":{\"@type\":\"ImageObject\",\"inLanguage\":\"de\",\"@id\":\"https:\/\/pool-house.shop\/de\/#\/schema\/logo\/image\/\",\"url\":\"https:\/\/pool-house.shop\/wp-content\/uploads\/2025\/10\/logo-2-stvorec-mobil-modre.png\",\"contentUrl\":\"https:\/\/pool-house.shop\/wp-content\/uploads\/2025\/10\/logo-2-stvorec-mobil-modre.png\",\"width\":273,\"height\":189,\"caption\":\"Pool-House\"},\"image\":{\"@id\":\"https:\/\/pool-house.shop\/de\/#\/schema\/logo\/image\/\"},\"sameAs\":[\"https:\/\/www.facebook.com\/termodomsk\/\"]}]}<\/script>\n<!-- \/ Yoast SEO plugin. -->","yoast_head_json":{"title":"Saness Whirlpool Set 1+2 Phasen - Pool-House","robots":{"index":"index","follow":"follow","max-snippet":"max-snippet:-1","max-image-preview":"max-image-preview:large","max-video-preview":"max-video-preview:-1"},"canonical":"https:\/\/pool-house.shop\/de\/product\/saness-whirlpool-set-12-phasen\/","og_locale":"de_DE","og_type":"article","og_title":"Saness Whirlpool Set 1+2 Phasen - Pool-House","og_description":"Saness Whirlpool Set 1+2 Phasen  Das myPOOL SANESS System bietet eine umfassende Wasseraufbereitung f\u00fcr Whirlpools. Es neutralisiert schnell und dauerhaft Keime und Bakterien und verhindert das Algenwachstum.  Es verhindert die Wassertr\u00fcbung durch einen organischen Flockungsmittel (einsetzbar nicht nur f\u00fcr Sandfilteranlagen, sondern auch f\u00fcr Papierfilter) und beugt der Bildung von Kalk- und Metallablagerungen vor.  Es enth\u00e4lt kein Chlor, Aktivsauerstoff, Peroxid, ist frei von Silber und anderen Schwermetallen. Das System ist v\u00f6llig schaumfrei und kann auch in stark flie\u00dfendem Wasser (Gegenstromanlage, Sprudelbecken) verwendet werden.","og_url":"https:\/\/pool-house.shop\/de\/product\/saness-whirlpool-set-12-phasen\/","og_site_name":"Pool-House","article_publisher":"https:\/\/www.facebook.com\/termodomsk\/","og_image":[{"width":1600,"height":1600,"url":"https:\/\/pool-house.shop\/wp-content\/uploads\/2025\/04\/150185.png","type":"image\/png"}],"twitter_card":"summary_large_image","schema":{"@context":"https:\/\/schema.org","@graph":[{"@type":"WebPage","@id":"https:\/\/pool-house.shop\/de\/product\/saness-whirlpool-set-12-phasen\/","url":"https:\/\/pool-house.shop\/de\/product\/saness-whirlpool-set-12-phasen\/","name":"Saness Whirlpool Set 1+2 Phasen - Pool-House","isPartOf":{"@id":"https:\/\/pool-house.shop\/de\/#website"},"primaryImageOfPage":{"@id":"https:\/\/pool-house.shop\/de\/product\/saness-whirlpool-set-12-phasen\/#primaryimage"},"image":{"@id":"https:\/\/pool-house.shop\/de\/product\/saness-whirlpool-set-12-phasen\/#primaryimage"},"thumbnailUrl":"https:\/\/pool-house.shop\/wp-content\/uploads\/2025\/04\/150185.png","datePublished":"2025-04-08T10:24:49+00:00","breadcrumb":{"@id":"https:\/\/pool-house.shop\/de\/product\/saness-whirlpool-set-12-phasen\/#breadcrumb"},"inLanguage":"de","potentialAction":[{"@type":"ReadAction","target":["https:\/\/pool-house.shop\/de\/product\/saness-whirlpool-set-12-phasen\/"]}]},{"@type":"ImageObject","inLanguage":"de","@id":"https:\/\/pool-house.shop\/de\/product\/saness-whirlpool-set-12-phasen\/#primaryimage","url":"https:\/\/pool-house.shop\/wp-content\/uploads\/2025\/04\/150185.png","contentUrl":"https:\/\/pool-house.shop\/wp-content\/uploads\/2025\/04\/150185.png","width":1600,"height":1600},{"@type":"BreadcrumbList","@id":"https:\/\/pool-house.shop\/de\/product\/saness-whirlpool-set-12-phasen\/#breadcrumb","itemListElement":[{"@type":"ListItem","position":1,"name":"Domovsk\u00e1 str\u00e1nka","item":"https:\/\/pool-house.shop\/de\/"},{"@type":"ListItem","position":2,"name":"Shop","item":"https:\/\/pool-house.shop\/de\/shop\/"},{"@type":"ListItem","position":3,"name":"Saness Whirlpool Set 1+2 Phasen"}]},{"@type":"WebSite","@id":"https:\/\/pool-house.shop\/de\/#website","url":"https:\/\/pool-house.shop\/de\/","name":"Pool-House","description":"","publisher":{"@id":"https:\/\/pool-house.shop\/de\/#organization"},"potentialAction":[{"@type":"SearchAction","target":{"@type":"EntryPoint","urlTemplate":"https:\/\/pool-house.shop\/de\/?s={search_term_string}"},"query-input":{"@type":"PropertyValueSpecification","valueRequired":true,"valueName":"search_term_string"}}],"inLanguage":"de"},{"@type":"Organization","@id":"https:\/\/pool-house.shop\/de\/#organization","name":"Pool-House","url":"https:\/\/pool-house.shop\/de\/","logo":{"@type":"ImageObject","inLanguage":"de","@id":"https:\/\/pool-house.shop\/de\/#\/schema\/logo\/image\/","url":"https:\/\/pool-house.shop\/wp-content\/uploads\/2025\/10\/logo-2-stvorec-mobil-modre.png","contentUrl":"https:\/\/pool-house.shop\/wp-content\/uploads\/2025\/10\/logo-2-stvorec-mobil-modre.png","width":273,"height":189,"caption":"Pool-House"},"image":{"@id":"https:\/\/pool-house.shop\/de\/#\/schema\/logo\/image\/"},"sameAs":["https:\/\/www.facebook.com\/termodomsk\/"]}]}},"_links":{"self":[{"href":"https:\/\/pool-house.shop\/de\/wp-json\/wp\/v2\/product\/9833","targetHints":{"allow":["GET"]}}],"collection":[{"href":"https:\/\/pool-house.shop\/de\/wp-json\/wp\/v2\/product"}],"about":[{"href":"https:\/\/pool-house.shop\/de\/wp-json\/wp\/v2\/types\/product"}],"wp:featuredmedia":[{"embeddable":true,"href":"https:\/\/pool-house.shop\/de\/wp-json\/wp\/v2\/media\/4314"}],"wp:attachment":[{"href":"https:\/\/pool-house.shop\/de\/wp-json\/wp\/v2\/media?parent=9833"}],"wp:term":[{"taxonomy":"product_brand","embeddable":true,"href":"https:\/\/pool-house.shop\/de\/wp-json\/wp\/v2\/product_brand?post=9833"},{"taxonomy":"product_cat","embeddable":true,"href":"https:\/\/pool-house.shop\/de\/wp-json\/wp\/v2\/product_cat?post=9833"},{"taxonomy":"product_tag","embeddable":true,"href":"https:\/\/pool-house.shop\/de\/wp-json\/wp\/v2\/product_tag?post=9833"}],"curies":[{"name":"wp","href":"https:\/\/api.w.org\/{rel}","templated":true}]}}