{"id":9846,"date":"2025-04-08T12:24:21","date_gmt":"2025-04-08T10:24:21","guid":{"rendered":"https:\/\/pool-house.shop\/product\/aquacorrect-superflock-1-l\/"},"modified":"2025-04-08T12:24:21","modified_gmt":"2025-04-08T10:24:21","slug":"aquacorrect-superflock-1-l","status":"publish","type":"product","link":"https:\/\/pool-house.shop\/de\/product\/aquacorrect-superflock-1-l\/","title":{"rendered":"Aquacorrect Superflock 1 l"},"content":{"rendered":"<p>Aquacorrect Superflock fl\u00fcssiges Flockungsmittel<\/p>\n<p> Fl\u00fcssiges Wasserpflegemittel zur Entfernung von Tr\u00fcbungen im Pool, in 1-Liter-Gebinde. Mit dem fl\u00fcssigen Flockungsmittel bleibt Ihr Pool dauerhaft sauber.<br \/>\n Es ist nur in Pools anwendbar, die mit einer Sandfilteranlage ausgestattet sind!<\/p>\n<p> Wirkungsweise<br \/>\n Vor der Filtration bildet es reinigbare Flocken aus tr\u00fcbungsverursachenden Stoffen. Auch feinste schwebende Partikel bilden Flocken, die der Filter im Sand als Filtermedium zur\u00fcckhalten und beim n\u00e4chsten R\u00fccksp\u00fclen entfernen kann.<br \/>\n Es wird nur f\u00fcr private Pools empfohlen.<\/p>\n<p> Dosierung<br \/>\n F\u00fcr optimale Ergebnisse sollte der pH-Wert des Wassers zwischen 7,0 und 7,4 liegen. Flockungsmittel wirken optimal nur w\u00e4hrend des Filtrationsprozesses, wenn sie direkt in die Zuleitung gegeben werden, daher sollten Flockungsmittel niemals direkt in den Pool gegossen werden. Geben Sie mittels einer Dosierpumpe mindestens 0,15 ml pro m\u00b3 zirkulierendem Poolwasser hinzu.<br \/>\n Zur Filteroptimierung gie\u00dfen Sie 100-200 ml Superflock-Fl\u00fcssigkeit pro 10 m\u00b3 Poolwasser langsam in den Skimmer, w\u00e4hrend die Umw\u00e4lzpumpe l\u00e4uft. Stoppen Sie anschlie\u00dfend die Umw\u00e4lzpumpe sofort f\u00fcr ca. 15 Minuten, damit sich die Flocken bilden k\u00f6nnen. Filtern Sie danach, bis die Tr\u00fcbung verschwunden ist. Sollte die Tr\u00fcbung auch danach nicht vollst\u00e4ndig verschwinden, sp\u00fclen Sie den Filter r\u00fcck und wiederholen Sie die Dosierung.    <\/p>\n","protected":false},"excerpt":{"rendered":"<p>Aquacorrect Superflock fl\u00fcssiges Flockungsmittel<\/p>\n<p> Fl\u00fcssiges Wasserpflegemittel zur Entfernung von Tr\u00fcbungen im Pool, in 1-Liter-Gebinde. Mit dem fl\u00fcssigen Flockungsmittel bleibt Ihr Pool dauerhaft sauber.<br \/>\n Es ist nur in Pools anwendbar, die mit einer Sandfilteranlage ausgestattet sind!<\/p>\n<p> Wirkungsweise<br \/>\n Vor der Filtration bildet es reinigbare Flocken aus tr\u00fcbungsverursachenden Stoffen. Auch feinste schwebende Partikel bilden Flocken, die der Filter im Sand als Filtermedium zur\u00fcckhalten und beim n\u00e4chsten R\u00fccksp\u00fclen entfernen kann.<br \/>\n Es wird nur f\u00fcr private Pools empfohlen.<\/p>\n<p> Dosierung<br \/>\n F\u00fcr optimale Ergebnisse sollte der pH-Wert des Wassers zwischen 7,0 und 7,4 liegen. Flockungsmittel wirken optimal nur w\u00e4hrend des Filtrationsprozesses, wenn sie direkt in die Zuleitung gegeben werden, daher sollten Flockungsmittel niemals direkt in den Pool gegossen werden. Geben Sie mittels einer Dosierpumpe mindestens 0,15 ml pro m\u00b3 zirkulierendem Poolwasser hinzu.<br \/>\n Zur Filteroptimierung gie\u00dfen Sie 100-200 ml Superflock-Fl\u00fcssigkeit pro 10 m\u00b3 Poolwasser langsam in den Skimmer, w\u00e4hrend die Umw\u00e4lzpumpe l\u00e4uft. Stoppen Sie anschlie\u00dfend die Umw\u00e4lzpumpe sofort f\u00fcr ca. 15 Minuten, damit sich die Flocken bilden k\u00f6nnen. Filtern Sie danach, bis die Tr\u00fcbung verschwunden ist. Sollte die Tr\u00fcbung auch danach nicht vollst\u00e4ndig verschwinden, sp\u00fclen Sie den Filter r\u00fcck und wiederholen Sie die Dosierung.    <\/p>\n","protected":false},"featured_media":9843,"template":"","meta":[],"product_brand":[],"product_cat":[333,271],"product_tag":[],"class_list":{"0":"post-9846","1":"product","2":"type-product","3":"status-publish","4":"has-post-thumbnail","6":"product_cat-flockungsmittel","7":"product_cat-poolchemie","8":"thunk-woo-product-list","9":"open-woo-hover-none","10":"open-single-product-tab-horizontal","11":"open-shadow-","12":"open-shadow-hover-","14":"first","15":"instock","16":"taxable","17":"shipping-taxable","18":"purchasable","19":"product-type-simple"},"yoast_head":"<!-- This site is optimized with the Yoast SEO plugin v26.9 - https:\/\/yoast.com\/product\/yoast-seo-wordpress\/ -->\n<title>Aquacorrect Superflock 1 l - Pool-House<\/title>\n<meta name=\"robots\" content=\"index, follow, max-snippet:-1, max-image-preview:large, max-video-preview:-1\" \/>\n<link rel=\"canonical\" href=\"https:\/\/pool-house.shop\/de\/product\/aquacorrect-superflock-1-l\/\" \/>\n<meta property=\"og:locale\" content=\"de_DE\" \/>\n<meta property=\"og:type\" content=\"article\" \/>\n<meta property=\"og:title\" content=\"Aquacorrect Superflock 1 l - Pool-House\" \/>\n<meta property=\"og:description\" content=\"Aquacorrect Superflock fl\u00fcssiges Flockungsmittel  Fl\u00fcssiges Wasserpflegemittel zur Entfernung von Tr\u00fcbungen im Pool, in 1-Liter-Gebinde. Mit dem fl\u00fcssigen Flockungsmittel bleibt Ihr Pool dauerhaft sauber.  Es ist nur in Pools anwendbar, die mit einer Sandfilteranlage ausgestattet sind!  Wirkungsweise  Vor der Filtration bildet es reinigbare Flocken aus tr\u00fcbungsverursachenden Stoffen. Auch feinste schwebende Partikel bilden Flocken, die der Filter im Sand als Filtermedium zur\u00fcckhalten und beim n\u00e4chsten R\u00fccksp\u00fclen entfernen kann.  Es wird nur f\u00fcr private Pools empfohlen.  Dosierung F\u00fcr optimale Ergebnisse sollte der pH-Wert des Wassers zwischen 7,0 und 7,4 liegen. Flockungsmittel wirken optimal nur w\u00e4hrend des Filtrationsprozesses, wenn sie direkt in die Zuleitung gegeben werden, daher sollten Flockungsmittel niemals direkt in den Pool gegossen werden. Geben Sie mittels einer Dosierpumpe mindestens 0,15 ml pro m\u00b3 zirkulierendem Poolwasser hinzu.    Zur Filteroptimierung gie\u00dfen Sie 100-200 ml Superflock-Fl\u00fcssigkeit pro 10 m\u00b3 Poolwasser langsam in den Skimmer, w\u00e4hrend die Umw\u00e4lzpumpe l\u00e4uft. Stoppen Sie anschlie\u00dfend die Umw\u00e4lzpumpe sofort f\u00fcr ca. 15 Minuten, damit sich die Flocken bilden k\u00f6nnen. Filtern Sie danach, bis die Tr\u00fcbung verschwunden ist. Sollte die Tr\u00fcbung auch danach nicht vollst\u00e4ndig verschwinden, sp\u00fclen Sie den Filter r\u00fcck und wiederholen Sie die Dosierung.\" \/>\n<meta property=\"og:url\" content=\"https:\/\/pool-house.shop\/de\/product\/aquacorrect-superflock-1-l\/\" \/>\n<meta property=\"og:site_name\" content=\"Pool-House\" \/>\n<meta property=\"article:publisher\" content=\"https:\/\/www.facebook.com\/termodomsk\/\" \/>\n<meta property=\"og:image\" content=\"https:\/\/pool-house.shop\/wp-content\/uploads\/2025\/04\/150151.png\" \/>\n\t<meta property=\"og:image:width\" content=\"1600\" \/>\n\t<meta property=\"og:image:height\" content=\"1600\" \/>\n\t<meta property=\"og:image:type\" content=\"image\/png\" \/>\n<meta name=\"twitter:card\" content=\"summary_large_image\" \/>\n<meta name=\"twitter:label1\" content=\"Gesch\u00e4tzte Lesezeit\" \/>\n\t<meta name=\"twitter:data1\" content=\"1\u00a0Minute\" \/>\n<script type=\"application\/ld+json\" class=\"yoast-schema-graph\">{\"@context\":\"https:\/\/schema.org\",\"@graph\":[{\"@type\":\"WebPage\",\"@id\":\"https:\/\/pool-house.shop\/de\/product\/aquacorrect-superflock-1-l\/\",\"url\":\"https:\/\/pool-house.shop\/de\/product\/aquacorrect-superflock-1-l\/\",\"name\":\"Aquacorrect Superflock 1 l - Pool-House\",\"isPartOf\":{\"@id\":\"https:\/\/pool-house.shop\/de\/#website\"},\"primaryImageOfPage\":{\"@id\":\"https:\/\/pool-house.shop\/de\/product\/aquacorrect-superflock-1-l\/#primaryimage\"},\"image\":{\"@id\":\"https:\/\/pool-house.shop\/de\/product\/aquacorrect-superflock-1-l\/#primaryimage\"},\"thumbnailUrl\":\"https:\/\/pool-house.shop\/wp-content\/uploads\/2025\/04\/150151.png\",\"datePublished\":\"2025-04-08T10:24:21+00:00\",\"breadcrumb\":{\"@id\":\"https:\/\/pool-house.shop\/de\/product\/aquacorrect-superflock-1-l\/#breadcrumb\"},\"inLanguage\":\"de\",\"potentialAction\":[{\"@type\":\"ReadAction\",\"target\":[\"https:\/\/pool-house.shop\/de\/product\/aquacorrect-superflock-1-l\/\"]}]},{\"@type\":\"ImageObject\",\"inLanguage\":\"de\",\"@id\":\"https:\/\/pool-house.shop\/de\/product\/aquacorrect-superflock-1-l\/#primaryimage\",\"url\":\"https:\/\/pool-house.shop\/wp-content\/uploads\/2025\/04\/150151.png\",\"contentUrl\":\"https:\/\/pool-house.shop\/wp-content\/uploads\/2025\/04\/150151.png\",\"width\":1600,\"height\":1600},{\"@type\":\"BreadcrumbList\",\"@id\":\"https:\/\/pool-house.shop\/de\/product\/aquacorrect-superflock-1-l\/#breadcrumb\",\"itemListElement\":[{\"@type\":\"ListItem\",\"position\":1,\"name\":\"Domovsk\u00e1 str\u00e1nka\",\"item\":\"https:\/\/pool-house.shop\/de\/\"},{\"@type\":\"ListItem\",\"position\":2,\"name\":\"Shop\",\"item\":\"https:\/\/pool-house.shop\/de\/shop\/\"},{\"@type\":\"ListItem\",\"position\":3,\"name\":\"Aquacorrect Superflock 1 l\"}]},{\"@type\":\"WebSite\",\"@id\":\"https:\/\/pool-house.shop\/de\/#website\",\"url\":\"https:\/\/pool-house.shop\/de\/\",\"name\":\"Pool-House\",\"description\":\"\",\"publisher\":{\"@id\":\"https:\/\/pool-house.shop\/de\/#organization\"},\"potentialAction\":[{\"@type\":\"SearchAction\",\"target\":{\"@type\":\"EntryPoint\",\"urlTemplate\":\"https:\/\/pool-house.shop\/de\/?s={search_term_string}\"},\"query-input\":{\"@type\":\"PropertyValueSpecification\",\"valueRequired\":true,\"valueName\":\"search_term_string\"}}],\"inLanguage\":\"de\"},{\"@type\":\"Organization\",\"@id\":\"https:\/\/pool-house.shop\/de\/#organization\",\"name\":\"Pool-House\",\"url\":\"https:\/\/pool-house.shop\/de\/\",\"logo\":{\"@type\":\"ImageObject\",\"inLanguage\":\"de\",\"@id\":\"https:\/\/pool-house.shop\/de\/#\/schema\/logo\/image\/\",\"url\":\"https:\/\/pool-house.shop\/wp-content\/uploads\/2025\/10\/logo-2-stvorec-mobil-modre.png\",\"contentUrl\":\"https:\/\/pool-house.shop\/wp-content\/uploads\/2025\/10\/logo-2-stvorec-mobil-modre.png\",\"width\":273,\"height\":189,\"caption\":\"Pool-House\"},\"image\":{\"@id\":\"https:\/\/pool-house.shop\/de\/#\/schema\/logo\/image\/\"},\"sameAs\":[\"https:\/\/www.facebook.com\/termodomsk\/\"]}]}<\/script>\n<!-- \/ Yoast SEO plugin. -->","yoast_head_json":{"title":"Aquacorrect Superflock 1 l - Pool-House","robots":{"index":"index","follow":"follow","max-snippet":"max-snippet:-1","max-image-preview":"max-image-preview:large","max-video-preview":"max-video-preview:-1"},"canonical":"https:\/\/pool-house.shop\/de\/product\/aquacorrect-superflock-1-l\/","og_locale":"de_DE","og_type":"article","og_title":"Aquacorrect Superflock 1 l - Pool-House","og_description":"Aquacorrect Superflock fl\u00fcssiges Flockungsmittel  Fl\u00fcssiges Wasserpflegemittel zur Entfernung von Tr\u00fcbungen im Pool, in 1-Liter-Gebinde. Mit dem fl\u00fcssigen Flockungsmittel bleibt Ihr Pool dauerhaft sauber.  Es ist nur in Pools anwendbar, die mit einer Sandfilteranlage ausgestattet sind!  Wirkungsweise  Vor der Filtration bildet es reinigbare Flocken aus tr\u00fcbungsverursachenden Stoffen. Auch feinste schwebende Partikel bilden Flocken, die der Filter im Sand als Filtermedium zur\u00fcckhalten und beim n\u00e4chsten R\u00fccksp\u00fclen entfernen kann.  Es wird nur f\u00fcr private Pools empfohlen.  Dosierung F\u00fcr optimale Ergebnisse sollte der pH-Wert des Wassers zwischen 7,0 und 7,4 liegen. Flockungsmittel wirken optimal nur w\u00e4hrend des Filtrationsprozesses, wenn sie direkt in die Zuleitung gegeben werden, daher sollten Flockungsmittel niemals direkt in den Pool gegossen werden. Geben Sie mittels einer Dosierpumpe mindestens 0,15 ml pro m\u00b3 zirkulierendem Poolwasser hinzu.    Zur Filteroptimierung gie\u00dfen Sie 100-200 ml Superflock-Fl\u00fcssigkeit pro 10 m\u00b3 Poolwasser langsam in den Skimmer, w\u00e4hrend die Umw\u00e4lzpumpe l\u00e4uft. Stoppen Sie anschlie\u00dfend die Umw\u00e4lzpumpe sofort f\u00fcr ca. 15 Minuten, damit sich die Flocken bilden k\u00f6nnen. Filtern Sie danach, bis die Tr\u00fcbung verschwunden ist. Sollte die Tr\u00fcbung auch danach nicht vollst\u00e4ndig verschwinden, sp\u00fclen Sie den Filter r\u00fcck und wiederholen Sie die Dosierung.","og_url":"https:\/\/pool-house.shop\/de\/product\/aquacorrect-superflock-1-l\/","og_site_name":"Pool-House","article_publisher":"https:\/\/www.facebook.com\/termodomsk\/","og_image":[{"width":1600,"height":1600,"url":"https:\/\/pool-house.shop\/wp-content\/uploads\/2025\/04\/150151.png","type":"image\/png"}],"twitter_card":"summary_large_image","twitter_misc":{"Gesch\u00e4tzte Lesezeit":"1\u00a0Minute"},"schema":{"@context":"https:\/\/schema.org","@graph":[{"@type":"WebPage","@id":"https:\/\/pool-house.shop\/de\/product\/aquacorrect-superflock-1-l\/","url":"https:\/\/pool-house.shop\/de\/product\/aquacorrect-superflock-1-l\/","name":"Aquacorrect Superflock 1 l - Pool-House","isPartOf":{"@id":"https:\/\/pool-house.shop\/de\/#website"},"primaryImageOfPage":{"@id":"https:\/\/pool-house.shop\/de\/product\/aquacorrect-superflock-1-l\/#primaryimage"},"image":{"@id":"https:\/\/pool-house.shop\/de\/product\/aquacorrect-superflock-1-l\/#primaryimage"},"thumbnailUrl":"https:\/\/pool-house.shop\/wp-content\/uploads\/2025\/04\/150151.png","datePublished":"2025-04-08T10:24:21+00:00","breadcrumb":{"@id":"https:\/\/pool-house.shop\/de\/product\/aquacorrect-superflock-1-l\/#breadcrumb"},"inLanguage":"de","potentialAction":[{"@type":"ReadAction","target":["https:\/\/pool-house.shop\/de\/product\/aquacorrect-superflock-1-l\/"]}]},{"@type":"ImageObject","inLanguage":"de","@id":"https:\/\/pool-house.shop\/de\/product\/aquacorrect-superflock-1-l\/#primaryimage","url":"https:\/\/pool-house.shop\/wp-content\/uploads\/2025\/04\/150151.png","contentUrl":"https:\/\/pool-house.shop\/wp-content\/uploads\/2025\/04\/150151.png","width":1600,"height":1600},{"@type":"BreadcrumbList","@id":"https:\/\/pool-house.shop\/de\/product\/aquacorrect-superflock-1-l\/#breadcrumb","itemListElement":[{"@type":"ListItem","position":1,"name":"Domovsk\u00e1 str\u00e1nka","item":"https:\/\/pool-house.shop\/de\/"},{"@type":"ListItem","position":2,"name":"Shop","item":"https:\/\/pool-house.shop\/de\/shop\/"},{"@type":"ListItem","position":3,"name":"Aquacorrect Superflock 1 l"}]},{"@type":"WebSite","@id":"https:\/\/pool-house.shop\/de\/#website","url":"https:\/\/pool-house.shop\/de\/","name":"Pool-House","description":"","publisher":{"@id":"https:\/\/pool-house.shop\/de\/#organization"},"potentialAction":[{"@type":"SearchAction","target":{"@type":"EntryPoint","urlTemplate":"https:\/\/pool-house.shop\/de\/?s={search_term_string}"},"query-input":{"@type":"PropertyValueSpecification","valueRequired":true,"valueName":"search_term_string"}}],"inLanguage":"de"},{"@type":"Organization","@id":"https:\/\/pool-house.shop\/de\/#organization","name":"Pool-House","url":"https:\/\/pool-house.shop\/de\/","logo":{"@type":"ImageObject","inLanguage":"de","@id":"https:\/\/pool-house.shop\/de\/#\/schema\/logo\/image\/","url":"https:\/\/pool-house.shop\/wp-content\/uploads\/2025\/10\/logo-2-stvorec-mobil-modre.png","contentUrl":"https:\/\/pool-house.shop\/wp-content\/uploads\/2025\/10\/logo-2-stvorec-mobil-modre.png","width":273,"height":189,"caption":"Pool-House"},"image":{"@id":"https:\/\/pool-house.shop\/de\/#\/schema\/logo\/image\/"},"sameAs":["https:\/\/www.facebook.com\/termodomsk\/"]}]}},"_links":{"self":[{"href":"https:\/\/pool-house.shop\/de\/wp-json\/wp\/v2\/product\/9846","targetHints":{"allow":["GET"]}}],"collection":[{"href":"https:\/\/pool-house.shop\/de\/wp-json\/wp\/v2\/product"}],"about":[{"href":"https:\/\/pool-house.shop\/de\/wp-json\/wp\/v2\/types\/product"}],"wp:featuredmedia":[{"embeddable":true,"href":"https:\/\/pool-house.shop\/de\/wp-json\/wp\/v2\/media\/9843"}],"wp:attachment":[{"href":"https:\/\/pool-house.shop\/de\/wp-json\/wp\/v2\/media?parent=9846"}],"wp:term":[{"taxonomy":"product_brand","embeddable":true,"href":"https:\/\/pool-house.shop\/de\/wp-json\/wp\/v2\/product_brand?post=9846"},{"taxonomy":"product_cat","embeddable":true,"href":"https:\/\/pool-house.shop\/de\/wp-json\/wp\/v2\/product_cat?post=9846"},{"taxonomy":"product_tag","embeddable":true,"href":"https:\/\/pool-house.shop\/de\/wp-json\/wp\/v2\/product_tag?post=9846"}],"curies":[{"name":"wp","href":"https:\/\/api.w.org\/{rel}","templated":true}]}}