{"id":9852,"date":"2025-04-08T12:24:11","date_gmt":"2025-04-08T10:24:11","guid":{"rendered":"https:\/\/pool-house.shop\/product\/aquacorrect-reinigungsgel-1-kg\/"},"modified":"2025-04-08T12:24:11","modified_gmt":"2025-04-08T10:24:11","slug":"aquacorrect-reinigungsgel-1-kg","status":"publish","type":"product","link":"https:\/\/pool-house.shop\/de\/product\/aquacorrect-reinigungsgel-1-kg\/","title":{"rendered":"Aquacorrect Reinigungsgel 1 kg"},"content":{"rendered":"<p>Aquacorrect Randreinigungsgel<\/p>\n<p> Spezieller alkalischer Reiniger f\u00fcr die erste gro\u00dfe Fr\u00fchjahrsreinigung des Pools. Er entfernt m\u00fchelos organische Verunreinigungen und Fett aus dem Pool. Dank seiner viskosen Textur haftet der Reiniger besser, sodass er seine Wirkung l\u00e4nger entfalten kann. Alle Poolbereiche k\u00f6nnen damit behandelt werden.<br \/>\n Nach Gebrauch muss der Reiniger sorgf\u00e4ltig entfernt werden. Nicht bei direkter Sonneneinstrahlung verwenden. Ausschlie\u00dflich f\u00fcr private Pools, f\u00fcr den Au\u00dfen- und Innenbereich, auch zur Reinigung von Folien-, Polyester- und gefliesten Pools.<\/p>\n<p> Dosierung<br \/>\n Mit einem sauberen Schwamm oder Pinsel auftragen. Mindestens 10 Minuten einwirken lassen und anschlie\u00dfend mit Wasser absp\u00fclen.<br \/>\n Bei Bedarf starke Ablagerungen mit einer B\u00fcrste entfernen. Bei hartn\u00e4ckigen Flecken den Vorgang wiederholen.<br \/>\n Die Gelkonsistenz erm\u00f6glicht die Anwendung an senkrechten W\u00e4nden und zeichnet sich durch eine lange Haftung aus.<br \/>\n Nicht bei direkter Sonneneinstrahlung verwenden!<\/p>\n","protected":false},"excerpt":{"rendered":"<p>Aquacorrect Randreinigungsgel<\/p>\n<p> Spezieller alkalischer Reiniger f\u00fcr die erste gro\u00dfe Fr\u00fchjahrsreinigung des Pools. Er entfernt m\u00fchelos organische Verunreinigungen und Fett aus dem Pool. Dank seiner viskosen Textur haftet der Reiniger besser, sodass er seine Wirkung l\u00e4nger entfalten kann. Alle Poolbereiche k\u00f6nnen damit behandelt werden.<br \/>\n Nach Gebrauch muss der Reiniger sorgf\u00e4ltig entfernt werden. Nicht bei direkter Sonneneinstrahlung verwenden. Ausschlie\u00dflich f\u00fcr private Pools, f\u00fcr den Au\u00dfen- und Innenbereich, auch zur Reinigung von Folien-, Polyester- und gefliesten Pools.<\/p>\n<p> Dosierung<br \/>\n Mit einem sauberen Schwamm oder Pinsel auftragen. Mindestens 10 Minuten einwirken lassen und anschlie\u00dfend mit Wasser absp\u00fclen.<br \/>\n Bei Bedarf starke Ablagerungen mit einer B\u00fcrste entfernen. Bei hartn\u00e4ckigen Flecken den Vorgang wiederholen.<br \/>\n Die Gelkonsistenz erm\u00f6glicht die Anwendung an senkrechten W\u00e4nden und zeichnet sich durch eine lange Haftung aus.<br \/>\n Nicht bei direkter Sonneneinstrahlung verwenden!<\/p>\n","protected":false},"featured_media":9850,"template":"","meta":[],"product_brand":[],"product_cat":[337,271],"product_tag":[],"class_list":{"0":"post-9852","1":"product","2":"type-product","3":"status-publish","4":"has-post-thumbnail","6":"product_cat-reinigungsmittel","7":"product_cat-poolchemie","8":"thunk-woo-product-list","9":"open-woo-hover-none","10":"open-single-product-tab-horizontal","11":"open-shadow-","12":"open-shadow-hover-","14":"first","15":"instock","16":"taxable","17":"shipping-taxable","18":"purchasable","19":"product-type-simple"},"yoast_head":"<!-- This site is optimized with the Yoast SEO plugin v26.9 - https:\/\/yoast.com\/product\/yoast-seo-wordpress\/ -->\n<title>Aquacorrect Reinigungsgel 1 kg - Pool-House<\/title>\n<meta name=\"robots\" content=\"index, follow, max-snippet:-1, max-image-preview:large, max-video-preview:-1\" \/>\n<link rel=\"canonical\" href=\"https:\/\/pool-house.shop\/de\/product\/aquacorrect-reinigungsgel-1-kg\/\" \/>\n<meta property=\"og:locale\" content=\"de_DE\" \/>\n<meta property=\"og:type\" content=\"article\" \/>\n<meta property=\"og:title\" content=\"Aquacorrect Reinigungsgel 1 kg - Pool-House\" \/>\n<meta property=\"og:description\" content=\"Aquacorrect Randreinigungsgel  Spezieller alkalischer Reiniger f\u00fcr die erste gro\u00dfe Fr\u00fchjahrsreinigung des Pools. Er entfernt m\u00fchelos organische Verunreinigungen und Fett aus dem Pool. Dank seiner viskosen Textur haftet der Reiniger besser, sodass er seine Wirkung l\u00e4nger entfalten kann. Alle Poolbereiche k\u00f6nnen damit behandelt werden.   Nach Gebrauch muss der Reiniger sorgf\u00e4ltig entfernt werden. Nicht bei direkter Sonneneinstrahlung verwenden. Ausschlie\u00dflich f\u00fcr private Pools, f\u00fcr den Au\u00dfen- und Innenbereich, auch zur Reinigung von Folien-, Polyester- und gefliesten Pools.  Dosierung Mit einem sauberen Schwamm oder Pinsel auftragen. Mindestens 10 Minuten einwirken lassen und anschlie\u00dfend mit Wasser absp\u00fclen.   Bei Bedarf starke Ablagerungen mit einer B\u00fcrste entfernen. Bei hartn\u00e4ckigen Flecken den Vorgang wiederholen.  Die Gelkonsistenz erm\u00f6glicht die Anwendung an senkrechten W\u00e4nden und zeichnet sich durch eine lange Haftung aus.  Nicht bei direkter Sonneneinstrahlung verwenden!\" \/>\n<meta property=\"og:url\" content=\"https:\/\/pool-house.shop\/de\/product\/aquacorrect-reinigungsgel-1-kg\/\" \/>\n<meta property=\"og:site_name\" content=\"Pool-House\" \/>\n<meta property=\"article:publisher\" content=\"https:\/\/www.facebook.com\/termodomsk\/\" \/>\n<meta property=\"og:image\" content=\"https:\/\/pool-house.shop\/wp-content\/uploads\/2025\/04\/150111.png\" \/>\n\t<meta property=\"og:image:width\" content=\"1600\" \/>\n\t<meta property=\"og:image:height\" content=\"1600\" \/>\n\t<meta property=\"og:image:type\" content=\"image\/png\" \/>\n<meta name=\"twitter:card\" content=\"summary_large_image\" \/>\n<meta name=\"twitter:label1\" content=\"Gesch\u00e4tzte Lesezeit\" \/>\n\t<meta name=\"twitter:data1\" content=\"1\u00a0Minute\" \/>\n<script type=\"application\/ld+json\" class=\"yoast-schema-graph\">{\"@context\":\"https:\/\/schema.org\",\"@graph\":[{\"@type\":\"WebPage\",\"@id\":\"https:\/\/pool-house.shop\/de\/product\/aquacorrect-reinigungsgel-1-kg\/\",\"url\":\"https:\/\/pool-house.shop\/de\/product\/aquacorrect-reinigungsgel-1-kg\/\",\"name\":\"Aquacorrect Reinigungsgel 1 kg - Pool-House\",\"isPartOf\":{\"@id\":\"https:\/\/pool-house.shop\/de\/#website\"},\"primaryImageOfPage\":{\"@id\":\"https:\/\/pool-house.shop\/de\/product\/aquacorrect-reinigungsgel-1-kg\/#primaryimage\"},\"image\":{\"@id\":\"https:\/\/pool-house.shop\/de\/product\/aquacorrect-reinigungsgel-1-kg\/#primaryimage\"},\"thumbnailUrl\":\"https:\/\/pool-house.shop\/wp-content\/uploads\/2025\/04\/150111.png\",\"datePublished\":\"2025-04-08T10:24:11+00:00\",\"breadcrumb\":{\"@id\":\"https:\/\/pool-house.shop\/de\/product\/aquacorrect-reinigungsgel-1-kg\/#breadcrumb\"},\"inLanguage\":\"de\",\"potentialAction\":[{\"@type\":\"ReadAction\",\"target\":[\"https:\/\/pool-house.shop\/de\/product\/aquacorrect-reinigungsgel-1-kg\/\"]}]},{\"@type\":\"ImageObject\",\"inLanguage\":\"de\",\"@id\":\"https:\/\/pool-house.shop\/de\/product\/aquacorrect-reinigungsgel-1-kg\/#primaryimage\",\"url\":\"https:\/\/pool-house.shop\/wp-content\/uploads\/2025\/04\/150111.png\",\"contentUrl\":\"https:\/\/pool-house.shop\/wp-content\/uploads\/2025\/04\/150111.png\",\"width\":1600,\"height\":1600},{\"@type\":\"BreadcrumbList\",\"@id\":\"https:\/\/pool-house.shop\/de\/product\/aquacorrect-reinigungsgel-1-kg\/#breadcrumb\",\"itemListElement\":[{\"@type\":\"ListItem\",\"position\":1,\"name\":\"Domovsk\u00e1 str\u00e1nka\",\"item\":\"https:\/\/pool-house.shop\/de\/\"},{\"@type\":\"ListItem\",\"position\":2,\"name\":\"Shop\",\"item\":\"https:\/\/pool-house.shop\/de\/shop\/\"},{\"@type\":\"ListItem\",\"position\":3,\"name\":\"Aquacorrect Reinigungsgel 1 kg\"}]},{\"@type\":\"WebSite\",\"@id\":\"https:\/\/pool-house.shop\/de\/#website\",\"url\":\"https:\/\/pool-house.shop\/de\/\",\"name\":\"Pool-House\",\"description\":\"\",\"publisher\":{\"@id\":\"https:\/\/pool-house.shop\/de\/#organization\"},\"potentialAction\":[{\"@type\":\"SearchAction\",\"target\":{\"@type\":\"EntryPoint\",\"urlTemplate\":\"https:\/\/pool-house.shop\/de\/?s={search_term_string}\"},\"query-input\":{\"@type\":\"PropertyValueSpecification\",\"valueRequired\":true,\"valueName\":\"search_term_string\"}}],\"inLanguage\":\"de\"},{\"@type\":\"Organization\",\"@id\":\"https:\/\/pool-house.shop\/de\/#organization\",\"name\":\"Pool-House\",\"url\":\"https:\/\/pool-house.shop\/de\/\",\"logo\":{\"@type\":\"ImageObject\",\"inLanguage\":\"de\",\"@id\":\"https:\/\/pool-house.shop\/de\/#\/schema\/logo\/image\/\",\"url\":\"https:\/\/pool-house.shop\/wp-content\/uploads\/2025\/10\/logo-2-stvorec-mobil-modre.png\",\"contentUrl\":\"https:\/\/pool-house.shop\/wp-content\/uploads\/2025\/10\/logo-2-stvorec-mobil-modre.png\",\"width\":273,\"height\":189,\"caption\":\"Pool-House\"},\"image\":{\"@id\":\"https:\/\/pool-house.shop\/de\/#\/schema\/logo\/image\/\"},\"sameAs\":[\"https:\/\/www.facebook.com\/termodomsk\/\"]}]}<\/script>\n<!-- \/ Yoast SEO plugin. -->","yoast_head_json":{"title":"Aquacorrect Reinigungsgel 1 kg - Pool-House","robots":{"index":"index","follow":"follow","max-snippet":"max-snippet:-1","max-image-preview":"max-image-preview:large","max-video-preview":"max-video-preview:-1"},"canonical":"https:\/\/pool-house.shop\/de\/product\/aquacorrect-reinigungsgel-1-kg\/","og_locale":"de_DE","og_type":"article","og_title":"Aquacorrect Reinigungsgel 1 kg - Pool-House","og_description":"Aquacorrect Randreinigungsgel  Spezieller alkalischer Reiniger f\u00fcr die erste gro\u00dfe Fr\u00fchjahrsreinigung des Pools. Er entfernt m\u00fchelos organische Verunreinigungen und Fett aus dem Pool. Dank seiner viskosen Textur haftet der Reiniger besser, sodass er seine Wirkung l\u00e4nger entfalten kann. Alle Poolbereiche k\u00f6nnen damit behandelt werden.   Nach Gebrauch muss der Reiniger sorgf\u00e4ltig entfernt werden. Nicht bei direkter Sonneneinstrahlung verwenden. Ausschlie\u00dflich f\u00fcr private Pools, f\u00fcr den Au\u00dfen- und Innenbereich, auch zur Reinigung von Folien-, Polyester- und gefliesten Pools.  Dosierung Mit einem sauberen Schwamm oder Pinsel auftragen. Mindestens 10 Minuten einwirken lassen und anschlie\u00dfend mit Wasser absp\u00fclen.   Bei Bedarf starke Ablagerungen mit einer B\u00fcrste entfernen. Bei hartn\u00e4ckigen Flecken den Vorgang wiederholen.  Die Gelkonsistenz erm\u00f6glicht die Anwendung an senkrechten W\u00e4nden und zeichnet sich durch eine lange Haftung aus.  Nicht bei direkter Sonneneinstrahlung verwenden!","og_url":"https:\/\/pool-house.shop\/de\/product\/aquacorrect-reinigungsgel-1-kg\/","og_site_name":"Pool-House","article_publisher":"https:\/\/www.facebook.com\/termodomsk\/","og_image":[{"width":1600,"height":1600,"url":"https:\/\/pool-house.shop\/wp-content\/uploads\/2025\/04\/150111.png","type":"image\/png"}],"twitter_card":"summary_large_image","twitter_misc":{"Gesch\u00e4tzte Lesezeit":"1\u00a0Minute"},"schema":{"@context":"https:\/\/schema.org","@graph":[{"@type":"WebPage","@id":"https:\/\/pool-house.shop\/de\/product\/aquacorrect-reinigungsgel-1-kg\/","url":"https:\/\/pool-house.shop\/de\/product\/aquacorrect-reinigungsgel-1-kg\/","name":"Aquacorrect Reinigungsgel 1 kg - Pool-House","isPartOf":{"@id":"https:\/\/pool-house.shop\/de\/#website"},"primaryImageOfPage":{"@id":"https:\/\/pool-house.shop\/de\/product\/aquacorrect-reinigungsgel-1-kg\/#primaryimage"},"image":{"@id":"https:\/\/pool-house.shop\/de\/product\/aquacorrect-reinigungsgel-1-kg\/#primaryimage"},"thumbnailUrl":"https:\/\/pool-house.shop\/wp-content\/uploads\/2025\/04\/150111.png","datePublished":"2025-04-08T10:24:11+00:00","breadcrumb":{"@id":"https:\/\/pool-house.shop\/de\/product\/aquacorrect-reinigungsgel-1-kg\/#breadcrumb"},"inLanguage":"de","potentialAction":[{"@type":"ReadAction","target":["https:\/\/pool-house.shop\/de\/product\/aquacorrect-reinigungsgel-1-kg\/"]}]},{"@type":"ImageObject","inLanguage":"de","@id":"https:\/\/pool-house.shop\/de\/product\/aquacorrect-reinigungsgel-1-kg\/#primaryimage","url":"https:\/\/pool-house.shop\/wp-content\/uploads\/2025\/04\/150111.png","contentUrl":"https:\/\/pool-house.shop\/wp-content\/uploads\/2025\/04\/150111.png","width":1600,"height":1600},{"@type":"BreadcrumbList","@id":"https:\/\/pool-house.shop\/de\/product\/aquacorrect-reinigungsgel-1-kg\/#breadcrumb","itemListElement":[{"@type":"ListItem","position":1,"name":"Domovsk\u00e1 str\u00e1nka","item":"https:\/\/pool-house.shop\/de\/"},{"@type":"ListItem","position":2,"name":"Shop","item":"https:\/\/pool-house.shop\/de\/shop\/"},{"@type":"ListItem","position":3,"name":"Aquacorrect Reinigungsgel 1 kg"}]},{"@type":"WebSite","@id":"https:\/\/pool-house.shop\/de\/#website","url":"https:\/\/pool-house.shop\/de\/","name":"Pool-House","description":"","publisher":{"@id":"https:\/\/pool-house.shop\/de\/#organization"},"potentialAction":[{"@type":"SearchAction","target":{"@type":"EntryPoint","urlTemplate":"https:\/\/pool-house.shop\/de\/?s={search_term_string}"},"query-input":{"@type":"PropertyValueSpecification","valueRequired":true,"valueName":"search_term_string"}}],"inLanguage":"de"},{"@type":"Organization","@id":"https:\/\/pool-house.shop\/de\/#organization","name":"Pool-House","url":"https:\/\/pool-house.shop\/de\/","logo":{"@type":"ImageObject","inLanguage":"de","@id":"https:\/\/pool-house.shop\/de\/#\/schema\/logo\/image\/","url":"https:\/\/pool-house.shop\/wp-content\/uploads\/2025\/10\/logo-2-stvorec-mobil-modre.png","contentUrl":"https:\/\/pool-house.shop\/wp-content\/uploads\/2025\/10\/logo-2-stvorec-mobil-modre.png","width":273,"height":189,"caption":"Pool-House"},"image":{"@id":"https:\/\/pool-house.shop\/de\/#\/schema\/logo\/image\/"},"sameAs":["https:\/\/www.facebook.com\/termodomsk\/"]}]}},"_links":{"self":[{"href":"https:\/\/pool-house.shop\/de\/wp-json\/wp\/v2\/product\/9852","targetHints":{"allow":["GET"]}}],"collection":[{"href":"https:\/\/pool-house.shop\/de\/wp-json\/wp\/v2\/product"}],"about":[{"href":"https:\/\/pool-house.shop\/de\/wp-json\/wp\/v2\/types\/product"}],"wp:featuredmedia":[{"embeddable":true,"href":"https:\/\/pool-house.shop\/de\/wp-json\/wp\/v2\/media\/9850"}],"wp:attachment":[{"href":"https:\/\/pool-house.shop\/de\/wp-json\/wp\/v2\/media?parent=9852"}],"wp:term":[{"taxonomy":"product_brand","embeddable":true,"href":"https:\/\/pool-house.shop\/de\/wp-json\/wp\/v2\/product_brand?post=9852"},{"taxonomy":"product_cat","embeddable":true,"href":"https:\/\/pool-house.shop\/de\/wp-json\/wp\/v2\/product_cat?post=9852"},{"taxonomy":"product_tag","embeddable":true,"href":"https:\/\/pool-house.shop\/de\/wp-json\/wp\/v2\/product_tag?post=9852"}],"curies":[{"name":"wp","href":"https:\/\/api.w.org\/{rel}","templated":true}]}}