{"id":9853,"date":"2025-04-08T12:24:08","date_gmt":"2025-04-08T10:24:08","guid":{"rendered":"https:\/\/pool-house.shop\/product\/aquacorrect-metal-ex-1l\/"},"modified":"2025-04-08T12:24:08","modified_gmt":"2025-04-08T10:24:08","slug":"aquacorrect-metal-ex-1l","status":"publish","type":"product","link":"https:\/\/pool-house.shop\/de\/product\/aquacorrect-metal-ex-1l\/","title":{"rendered":"Aquacorrect Metal-EX 1L"},"content":{"rendered":"<p>Aquacorrect Metal-EX<\/p>\n<p> Ein Wasserpflegemittel, das zur Entfernung von Metallen und Metallablagerungen aus dem Pool beitr\u00e4gt. Leicht anwendbarer Poolwasserreiniger in 1L-Verpackung.<br \/>\n Metalle sind in fast allen W\u00e4ssern in mehr oder weniger nachweisbarer Form vorhanden. Viele Metalle verursachen entweder Wassertr\u00fcbungen oder Ablagerungen an Armaturen. Die Metal-EX Fl\u00fcssigkeit kristallisiert Metall- und Kalkablagerungen aus, sodass Verunreinigungen durch Filtration \u2013 mittels Filterr\u00fccksp\u00fclung \u2013 aus dem Poolwasser entfernt werden k\u00f6nnen.<br \/>\n Sie k\u00f6nnen es verwenden, bis das Wasser in Ihrem Pool kristallklar ist. Es wird nur f\u00fcr private Pools empfohlen.<\/p>\n<p> Dosierung<br \/>\n Stellen Sie vor Zugabe der Metal-EX Fl\u00fcssigkeit den pH-Wert auf den optimalen Bereich von 7,0 &#8211; 7,4 ein.<br \/>\n Gie\u00dfen Sie w\u00e4hrend des Pumpenbetriebs 0,3 &#8211; 0,6 l \/ 10 m\u00b3 Metal-EX Fl\u00fcssigkeit gleichm\u00e4\u00dfig in der N\u00e4he der Einlaufd\u00fcsen oder auf die Wasseroberfl\u00e4che. Lassen Sie die Filterpumpe mindestens 48 Stunden lang laufen. Sp\u00fclen Sie den Filter anschlie\u00dfend, wenn m\u00f6glich, r\u00fcck. \u00dcberpr\u00fcfen Sie den pH-Wert und passen Sie ihn bei Bedarf an.<br \/>\n Entfernung von angetrockneten Ablagerungen: Tr\u00e4nken Sie ein zu reinigendes Textilst\u00fcck gut mit Metal-EX Fl\u00fcssigkeit und legen Sie es dann f\u00fcr eine Stunde auf die zu reinigende Stelle. Die Metal-EX Fl\u00fcssigkeit l\u00f6st Metall und Kalk, danach waschen Sie die Stelle einfach ab. <\/p>\n<p> Organische oder metallische Ablagerungen<br \/>\n Die Metall-EX Fl\u00fcssigkeit entfernt keine organischen Ablagerungen! Ob die Ablagerung metallisch oder organisch ist, l\u00e4sst sich leicht feststellen:<br \/>\n Legen Sie ein mit Metal-EX Fl\u00fcssigkeit befeuchtetes Tuch f\u00fcr 5-10 Minuten direkt auf die Verunreinigung. Wenn der Fleck heller wird, handelt es sich haupts\u00e4chlich um eine Metallablagerung. Wenn der Fleck gelb wird, liegt eine organische Ablagerung vor, die nicht mit Metal-EX Fl\u00fcssigkeit entfernt werden kann.    <\/p>\n","protected":false},"excerpt":{"rendered":"<p>Aquacorrect Metal-EX<\/p>\n<p> Ein Wasserpflegemittel, das zur Entfernung von Metallen und Metallablagerungen aus dem Pool beitr\u00e4gt. Leicht anwendbarer Poolwasserreiniger in 1L-Verpackung.<br \/>\n Metalle sind in fast allen W\u00e4ssern in mehr oder weniger nachweisbarer Form vorhanden. Viele Metalle verursachen entweder Wassertr\u00fcbungen oder Ablagerungen an Armaturen. Die Metal-EX Fl\u00fcssigkeit kristallisiert Metall- und Kalkablagerungen aus, sodass Verunreinigungen durch Filtration \u2013 mittels Filterr\u00fccksp\u00fclung \u2013 aus dem Poolwasser entfernt werden k\u00f6nnen.<br \/>\n Sie k\u00f6nnen es verwenden, bis das Wasser in Ihrem Pool kristallklar ist. Es wird nur f\u00fcr private Pools empfohlen.<\/p>\n<p> Dosierung<br \/>\n Stellen Sie vor Zugabe der Metal-EX Fl\u00fcssigkeit den pH-Wert auf den optimalen Bereich von 7,0 &#8211; 7,4 ein.<br \/>\n Gie\u00dfen Sie w\u00e4hrend des Pumpenbetriebs 0,3 &#8211; 0,6 l \/ 10 m\u00b3 Metal-EX Fl\u00fcssigkeit gleichm\u00e4\u00dfig in der N\u00e4he der Einlaufd\u00fcsen oder auf die Wasseroberfl\u00e4che. Lassen Sie die Filterpumpe mindestens 48 Stunden lang laufen. Sp\u00fclen Sie den Filter anschlie\u00dfend, wenn m\u00f6glich, r\u00fcck. \u00dcberpr\u00fcfen Sie den pH-Wert und passen Sie ihn bei Bedarf an.<br \/>\n Entfernung von angetrockneten Ablagerungen: Tr\u00e4nken Sie ein zu reinigendes Textilst\u00fcck gut mit Metal-EX Fl\u00fcssigkeit und legen Sie es dann f\u00fcr eine Stunde auf die zu reinigende Stelle. Die Metal-EX Fl\u00fcssigkeit l\u00f6st Metall und Kalk, danach waschen Sie die Stelle einfach ab. <\/p>\n<p> Organische oder metallische Ablagerungen<br \/>\n Die Metall-EX Fl\u00fcssigkeit entfernt keine organischen Ablagerungen! Ob die Ablagerung metallisch oder organisch ist, l\u00e4sst sich leicht feststellen:<br \/>\n Legen Sie ein mit Metal-EX Fl\u00fcssigkeit befeuchtetes Tuch f\u00fcr 5-10 Minuten direkt auf die Verunreinigung. Wenn der Fleck heller wird, handelt es sich haupts\u00e4chlich um eine Metallablagerung. Wenn der Fleck gelb wird, liegt eine organische Ablagerung vor, die nicht mit Metal-EX Fl\u00fcssigkeit entfernt werden kann.    <\/p>\n","protected":false},"featured_media":4290,"template":"","meta":[],"product_brand":[],"product_cat":[271],"product_tag":[],"class_list":{"0":"post-9853","1":"product","2":"type-product","3":"status-publish","4":"has-post-thumbnail","6":"product_cat-poolchemie","7":"thunk-woo-product-list","8":"open-woo-hover-none","9":"open-single-product-tab-horizontal","10":"open-shadow-","11":"open-shadow-hover-","13":"first","14":"instock","15":"taxable","16":"shipping-taxable","17":"purchasable","18":"product-type-simple"},"yoast_head":"<!-- This site is optimized with the Yoast SEO plugin v26.9 - https:\/\/yoast.com\/product\/yoast-seo-wordpress\/ -->\n<title>Aquacorrect Metal-EX 1L - Pool-House<\/title>\n<meta name=\"robots\" content=\"index, follow, max-snippet:-1, max-image-preview:large, max-video-preview:-1\" \/>\n<link rel=\"canonical\" href=\"https:\/\/pool-house.shop\/de\/product\/aquacorrect-metal-ex-1l\/\" \/>\n<meta property=\"og:locale\" content=\"de_DE\" \/>\n<meta property=\"og:type\" content=\"article\" \/>\n<meta property=\"og:title\" content=\"Aquacorrect Metal-EX 1L - Pool-House\" \/>\n<meta property=\"og:description\" content=\"Aquacorrect Metal-EX  Ein Wasserpflegemittel, das zur Entfernung von Metallen und Metallablagerungen aus dem Pool beitr\u00e4gt. Leicht anwendbarer Poolwasserreiniger in 1L-Verpackung.  Metalle sind in fast allen W\u00e4ssern in mehr oder weniger nachweisbarer Form vorhanden. Viele Metalle verursachen entweder Wassertr\u00fcbungen oder Ablagerungen an Armaturen. Die Metal-EX Fl\u00fcssigkeit kristallisiert Metall- und Kalkablagerungen aus, sodass Verunreinigungen durch Filtration \u2013 mittels Filterr\u00fccksp\u00fclung \u2013 aus dem Poolwasser entfernt werden k\u00f6nnen.   Sie k\u00f6nnen es verwenden, bis das Wasser in Ihrem Pool kristallklar ist. Es wird nur f\u00fcr private Pools empfohlen.  Dosierung Stellen Sie vor Zugabe der Metal-EX Fl\u00fcssigkeit den pH-Wert auf den optimalen Bereich von 7,0 - 7,4 ein.  Gie\u00dfen Sie w\u00e4hrend des Pumpenbetriebs 0,3 - 0,6 l \/ 10 m\u00b3 Metal-EX Fl\u00fcssigkeit gleichm\u00e4\u00dfig in der N\u00e4he der Einlaufd\u00fcsen oder auf die Wasseroberfl\u00e4che. Lassen Sie die Filterpumpe mindestens 48 Stunden lang laufen. Sp\u00fclen Sie den Filter anschlie\u00dfend, wenn m\u00f6glich, r\u00fcck. \u00dcberpr\u00fcfen Sie den pH-Wert und passen Sie ihn bei Bedarf an.    Entfernung von angetrockneten Ablagerungen: Tr\u00e4nken Sie ein zu reinigendes Textilst\u00fcck gut mit Metal-EX Fl\u00fcssigkeit und legen Sie es dann f\u00fcr eine Stunde auf die zu reinigende Stelle. Die Metal-EX Fl\u00fcssigkeit l\u00f6st Metall und Kalk, danach waschen Sie die Stelle einfach ab.   Organische oder metallische Ablagerungen Die Metall-EX Fl\u00fcssigkeit entfernt keine organischen Ablagerungen! Ob die Ablagerung metallisch oder organisch ist, l\u00e4sst sich leicht feststellen:  Legen Sie ein mit Metal-EX Fl\u00fcssigkeit befeuchtetes Tuch f\u00fcr 5-10 Minuten direkt auf die Verunreinigung. Wenn der Fleck heller wird, handelt es sich haupts\u00e4chlich um eine Metallablagerung. Wenn der Fleck gelb wird, liegt eine organische Ablagerung vor, die nicht mit Metal-EX Fl\u00fcssigkeit entfernt werden kann.\" \/>\n<meta property=\"og:url\" content=\"https:\/\/pool-house.shop\/de\/product\/aquacorrect-metal-ex-1l\/\" \/>\n<meta property=\"og:site_name\" content=\"Pool-House\" \/>\n<meta property=\"article:publisher\" content=\"https:\/\/www.facebook.com\/termodomsk\/\" \/>\n<meta property=\"og:image\" content=\"https:\/\/pool-house.shop\/wp-content\/uploads\/2025\/04\/150101.png\" \/>\n\t<meta property=\"og:image:width\" content=\"1600\" \/>\n\t<meta property=\"og:image:height\" content=\"1600\" \/>\n\t<meta property=\"og:image:type\" content=\"image\/png\" \/>\n<meta name=\"twitter:card\" content=\"summary_large_image\" \/>\n<meta name=\"twitter:label1\" content=\"Gesch\u00e4tzte Lesezeit\" \/>\n\t<meta name=\"twitter:data1\" content=\"1\u00a0Minute\" \/>\n<script type=\"application\/ld+json\" class=\"yoast-schema-graph\">{\"@context\":\"https:\/\/schema.org\",\"@graph\":[{\"@type\":\"WebPage\",\"@id\":\"https:\/\/pool-house.shop\/de\/product\/aquacorrect-metal-ex-1l\/\",\"url\":\"https:\/\/pool-house.shop\/de\/product\/aquacorrect-metal-ex-1l\/\",\"name\":\"Aquacorrect Metal-EX 1L - Pool-House\",\"isPartOf\":{\"@id\":\"https:\/\/pool-house.shop\/de\/#website\"},\"primaryImageOfPage\":{\"@id\":\"https:\/\/pool-house.shop\/de\/product\/aquacorrect-metal-ex-1l\/#primaryimage\"},\"image\":{\"@id\":\"https:\/\/pool-house.shop\/de\/product\/aquacorrect-metal-ex-1l\/#primaryimage\"},\"thumbnailUrl\":\"https:\/\/pool-house.shop\/wp-content\/uploads\/2025\/04\/150101.png\",\"datePublished\":\"2025-04-08T10:24:08+00:00\",\"breadcrumb\":{\"@id\":\"https:\/\/pool-house.shop\/de\/product\/aquacorrect-metal-ex-1l\/#breadcrumb\"},\"inLanguage\":\"de\",\"potentialAction\":[{\"@type\":\"ReadAction\",\"target\":[\"https:\/\/pool-house.shop\/de\/product\/aquacorrect-metal-ex-1l\/\"]}]},{\"@type\":\"ImageObject\",\"inLanguage\":\"de\",\"@id\":\"https:\/\/pool-house.shop\/de\/product\/aquacorrect-metal-ex-1l\/#primaryimage\",\"url\":\"https:\/\/pool-house.shop\/wp-content\/uploads\/2025\/04\/150101.png\",\"contentUrl\":\"https:\/\/pool-house.shop\/wp-content\/uploads\/2025\/04\/150101.png\",\"width\":1600,\"height\":1600},{\"@type\":\"BreadcrumbList\",\"@id\":\"https:\/\/pool-house.shop\/de\/product\/aquacorrect-metal-ex-1l\/#breadcrumb\",\"itemListElement\":[{\"@type\":\"ListItem\",\"position\":1,\"name\":\"Domovsk\u00e1 str\u00e1nka\",\"item\":\"https:\/\/pool-house.shop\/de\/\"},{\"@type\":\"ListItem\",\"position\":2,\"name\":\"Shop\",\"item\":\"https:\/\/pool-house.shop\/de\/shop\/\"},{\"@type\":\"ListItem\",\"position\":3,\"name\":\"Aquacorrect Metal-EX 1L\"}]},{\"@type\":\"WebSite\",\"@id\":\"https:\/\/pool-house.shop\/de\/#website\",\"url\":\"https:\/\/pool-house.shop\/de\/\",\"name\":\"Pool-House\",\"description\":\"\",\"publisher\":{\"@id\":\"https:\/\/pool-house.shop\/de\/#organization\"},\"potentialAction\":[{\"@type\":\"SearchAction\",\"target\":{\"@type\":\"EntryPoint\",\"urlTemplate\":\"https:\/\/pool-house.shop\/de\/?s={search_term_string}\"},\"query-input\":{\"@type\":\"PropertyValueSpecification\",\"valueRequired\":true,\"valueName\":\"search_term_string\"}}],\"inLanguage\":\"de\"},{\"@type\":\"Organization\",\"@id\":\"https:\/\/pool-house.shop\/de\/#organization\",\"name\":\"Pool-House\",\"url\":\"https:\/\/pool-house.shop\/de\/\",\"logo\":{\"@type\":\"ImageObject\",\"inLanguage\":\"de\",\"@id\":\"https:\/\/pool-house.shop\/de\/#\/schema\/logo\/image\/\",\"url\":\"https:\/\/pool-house.shop\/wp-content\/uploads\/2025\/10\/logo-2-stvorec-mobil-modre.png\",\"contentUrl\":\"https:\/\/pool-house.shop\/wp-content\/uploads\/2025\/10\/logo-2-stvorec-mobil-modre.png\",\"width\":273,\"height\":189,\"caption\":\"Pool-House\"},\"image\":{\"@id\":\"https:\/\/pool-house.shop\/de\/#\/schema\/logo\/image\/\"},\"sameAs\":[\"https:\/\/www.facebook.com\/termodomsk\/\"]}]}<\/script>\n<!-- \/ Yoast SEO plugin. -->","yoast_head_json":{"title":"Aquacorrect Metal-EX 1L - Pool-House","robots":{"index":"index","follow":"follow","max-snippet":"max-snippet:-1","max-image-preview":"max-image-preview:large","max-video-preview":"max-video-preview:-1"},"canonical":"https:\/\/pool-house.shop\/de\/product\/aquacorrect-metal-ex-1l\/","og_locale":"de_DE","og_type":"article","og_title":"Aquacorrect Metal-EX 1L - Pool-House","og_description":"Aquacorrect Metal-EX  Ein Wasserpflegemittel, das zur Entfernung von Metallen und Metallablagerungen aus dem Pool beitr\u00e4gt. Leicht anwendbarer Poolwasserreiniger in 1L-Verpackung.  Metalle sind in fast allen W\u00e4ssern in mehr oder weniger nachweisbarer Form vorhanden. Viele Metalle verursachen entweder Wassertr\u00fcbungen oder Ablagerungen an Armaturen. Die Metal-EX Fl\u00fcssigkeit kristallisiert Metall- und Kalkablagerungen aus, sodass Verunreinigungen durch Filtration \u2013 mittels Filterr\u00fccksp\u00fclung \u2013 aus dem Poolwasser entfernt werden k\u00f6nnen.   Sie k\u00f6nnen es verwenden, bis das Wasser in Ihrem Pool kristallklar ist. Es wird nur f\u00fcr private Pools empfohlen.  Dosierung Stellen Sie vor Zugabe der Metal-EX Fl\u00fcssigkeit den pH-Wert auf den optimalen Bereich von 7,0 - 7,4 ein.  Gie\u00dfen Sie w\u00e4hrend des Pumpenbetriebs 0,3 - 0,6 l \/ 10 m\u00b3 Metal-EX Fl\u00fcssigkeit gleichm\u00e4\u00dfig in der N\u00e4he der Einlaufd\u00fcsen oder auf die Wasseroberfl\u00e4che. Lassen Sie die Filterpumpe mindestens 48 Stunden lang laufen. Sp\u00fclen Sie den Filter anschlie\u00dfend, wenn m\u00f6glich, r\u00fcck. \u00dcberpr\u00fcfen Sie den pH-Wert und passen Sie ihn bei Bedarf an.    Entfernung von angetrockneten Ablagerungen: Tr\u00e4nken Sie ein zu reinigendes Textilst\u00fcck gut mit Metal-EX Fl\u00fcssigkeit und legen Sie es dann f\u00fcr eine Stunde auf die zu reinigende Stelle. Die Metal-EX Fl\u00fcssigkeit l\u00f6st Metall und Kalk, danach waschen Sie die Stelle einfach ab.   Organische oder metallische Ablagerungen Die Metall-EX Fl\u00fcssigkeit entfernt keine organischen Ablagerungen! Ob die Ablagerung metallisch oder organisch ist, l\u00e4sst sich leicht feststellen:  Legen Sie ein mit Metal-EX Fl\u00fcssigkeit befeuchtetes Tuch f\u00fcr 5-10 Minuten direkt auf die Verunreinigung. Wenn der Fleck heller wird, handelt es sich haupts\u00e4chlich um eine Metallablagerung. Wenn der Fleck gelb wird, liegt eine organische Ablagerung vor, die nicht mit Metal-EX Fl\u00fcssigkeit entfernt werden kann.","og_url":"https:\/\/pool-house.shop\/de\/product\/aquacorrect-metal-ex-1l\/","og_site_name":"Pool-House","article_publisher":"https:\/\/www.facebook.com\/termodomsk\/","og_image":[{"width":1600,"height":1600,"url":"https:\/\/pool-house.shop\/wp-content\/uploads\/2025\/04\/150101.png","type":"image\/png"}],"twitter_card":"summary_large_image","twitter_misc":{"Gesch\u00e4tzte Lesezeit":"1\u00a0Minute"},"schema":{"@context":"https:\/\/schema.org","@graph":[{"@type":"WebPage","@id":"https:\/\/pool-house.shop\/de\/product\/aquacorrect-metal-ex-1l\/","url":"https:\/\/pool-house.shop\/de\/product\/aquacorrect-metal-ex-1l\/","name":"Aquacorrect Metal-EX 1L - Pool-House","isPartOf":{"@id":"https:\/\/pool-house.shop\/de\/#website"},"primaryImageOfPage":{"@id":"https:\/\/pool-house.shop\/de\/product\/aquacorrect-metal-ex-1l\/#primaryimage"},"image":{"@id":"https:\/\/pool-house.shop\/de\/product\/aquacorrect-metal-ex-1l\/#primaryimage"},"thumbnailUrl":"https:\/\/pool-house.shop\/wp-content\/uploads\/2025\/04\/150101.png","datePublished":"2025-04-08T10:24:08+00:00","breadcrumb":{"@id":"https:\/\/pool-house.shop\/de\/product\/aquacorrect-metal-ex-1l\/#breadcrumb"},"inLanguage":"de","potentialAction":[{"@type":"ReadAction","target":["https:\/\/pool-house.shop\/de\/product\/aquacorrect-metal-ex-1l\/"]}]},{"@type":"ImageObject","inLanguage":"de","@id":"https:\/\/pool-house.shop\/de\/product\/aquacorrect-metal-ex-1l\/#primaryimage","url":"https:\/\/pool-house.shop\/wp-content\/uploads\/2025\/04\/150101.png","contentUrl":"https:\/\/pool-house.shop\/wp-content\/uploads\/2025\/04\/150101.png","width":1600,"height":1600},{"@type":"BreadcrumbList","@id":"https:\/\/pool-house.shop\/de\/product\/aquacorrect-metal-ex-1l\/#breadcrumb","itemListElement":[{"@type":"ListItem","position":1,"name":"Domovsk\u00e1 str\u00e1nka","item":"https:\/\/pool-house.shop\/de\/"},{"@type":"ListItem","position":2,"name":"Shop","item":"https:\/\/pool-house.shop\/de\/shop\/"},{"@type":"ListItem","position":3,"name":"Aquacorrect Metal-EX 1L"}]},{"@type":"WebSite","@id":"https:\/\/pool-house.shop\/de\/#website","url":"https:\/\/pool-house.shop\/de\/","name":"Pool-House","description":"","publisher":{"@id":"https:\/\/pool-house.shop\/de\/#organization"},"potentialAction":[{"@type":"SearchAction","target":{"@type":"EntryPoint","urlTemplate":"https:\/\/pool-house.shop\/de\/?s={search_term_string}"},"query-input":{"@type":"PropertyValueSpecification","valueRequired":true,"valueName":"search_term_string"}}],"inLanguage":"de"},{"@type":"Organization","@id":"https:\/\/pool-house.shop\/de\/#organization","name":"Pool-House","url":"https:\/\/pool-house.shop\/de\/","logo":{"@type":"ImageObject","inLanguage":"de","@id":"https:\/\/pool-house.shop\/de\/#\/schema\/logo\/image\/","url":"https:\/\/pool-house.shop\/wp-content\/uploads\/2025\/10\/logo-2-stvorec-mobil-modre.png","contentUrl":"https:\/\/pool-house.shop\/wp-content\/uploads\/2025\/10\/logo-2-stvorec-mobil-modre.png","width":273,"height":189,"caption":"Pool-House"},"image":{"@id":"https:\/\/pool-house.shop\/de\/#\/schema\/logo\/image\/"},"sameAs":["https:\/\/www.facebook.com\/termodomsk\/"]}]}},"_links":{"self":[{"href":"https:\/\/pool-house.shop\/de\/wp-json\/wp\/v2\/product\/9853","targetHints":{"allow":["GET"]}}],"collection":[{"href":"https:\/\/pool-house.shop\/de\/wp-json\/wp\/v2\/product"}],"about":[{"href":"https:\/\/pool-house.shop\/de\/wp-json\/wp\/v2\/types\/product"}],"wp:featuredmedia":[{"embeddable":true,"href":"https:\/\/pool-house.shop\/de\/wp-json\/wp\/v2\/media\/4290"}],"wp:attachment":[{"href":"https:\/\/pool-house.shop\/de\/wp-json\/wp\/v2\/media?parent=9853"}],"wp:term":[{"taxonomy":"product_brand","embeddable":true,"href":"https:\/\/pool-house.shop\/de\/wp-json\/wp\/v2\/product_brand?post=9853"},{"taxonomy":"product_cat","embeddable":true,"href":"https:\/\/pool-house.shop\/de\/wp-json\/wp\/v2\/product_cat?post=9853"},{"taxonomy":"product_tag","embeddable":true,"href":"https:\/\/pool-house.shop\/de\/wp-json\/wp\/v2\/product_tag?post=9853"}],"curies":[{"name":"wp","href":"https:\/\/api.w.org\/{rel}","templated":true}]}}