{"id":9856,"date":"2025-04-08T12:24:05","date_gmt":"2025-04-08T10:24:05","guid":{"rendered":"https:\/\/pool-house.shop\/product\/aquacorrect-wasserhaertestabilisator-1-l\/"},"modified":"2025-04-08T12:24:05","modified_gmt":"2025-04-08T10:24:05","slug":"aquacorrect-wasserhaertestabilisator-1-l","status":"publish","type":"product","link":"https:\/\/pool-house.shop\/de\/product\/aquacorrect-wasserhaertestabilisator-1-l\/","title":{"rendered":"Aquacorrect Wasserh\u00e4rtestabilisator 1 l"},"content":{"rendered":"<p>Aquacorrect Wasserh\u00e4rtestabilisator<\/p>\n<p> Ein Wasserpflegemittel, das effektiv zu einem optimalen Mineralgehalt im Poolwasser beitr\u00e4gt. Fl\u00fcssigkeit zur Kontrolle der Wasserh\u00e4rte f\u00fcr das Badewasser in 1-Liter-Packung.<br \/>\n Verhindert Kalkablagerungen und -ausf\u00e4llungen im Pool-Wasserkreislauf.<br \/>\n Verhindert Wassertr\u00fcbung, die durch Metallionen im Wasser verursacht wird, indem diese gebunden werden. Nur f\u00fcr private Pools empfohlen.<\/p>\n<p> Dosierung<br \/>\n Vor Zugabe des Wasserh\u00e4rtestabilisators stellen Sie den pH-Wert auf den optimalen Bereich von 7,0 &#8211; 7,4 ein. Die Fl\u00fcssigkeit sollte sofort nach dem Bef\u00fcllen des Pools hinzugef\u00fcgt werden.<br \/>\n Die Dosierung h\u00e4ngt von der Wasserh\u00e4rte ab:<br \/>\n Bis 20 \u00b0dH = 200 ml\/10m\u00b3<br \/>\n \u00dcber 20 \u00b0dH = 300 ml\/10m\u00b3<br \/>\n Wenn die Wassertemperatur \u00fcber 27\u00b0C liegt, erh\u00f6hen Sie die Dosis um 1\/3!  <\/p>\n","protected":false},"excerpt":{"rendered":"<p>Aquacorrect Wasserh\u00e4rtestabilisator<\/p>\n<p> Ein Wasserpflegemittel, das effektiv zu einem optimalen Mineralgehalt im Poolwasser beitr\u00e4gt. Fl\u00fcssigkeit zur Kontrolle der Wasserh\u00e4rte f\u00fcr das Badewasser in 1-Liter-Packung.<br \/>\n Verhindert Kalkablagerungen und -ausf\u00e4llungen im Pool-Wasserkreislauf.<br \/>\n Verhindert Wassertr\u00fcbung, die durch Metallionen im Wasser verursacht wird, indem diese gebunden werden. Nur f\u00fcr private Pools empfohlen.<\/p>\n<p> Dosierung<br \/>\n Vor Zugabe des Wasserh\u00e4rtestabilisators stellen Sie den pH-Wert auf den optimalen Bereich von 7,0 &#8211; 7,4 ein. Die Fl\u00fcssigkeit sollte sofort nach dem Bef\u00fcllen des Pools hinzugef\u00fcgt werden.<br \/>\n Die Dosierung h\u00e4ngt von der Wasserh\u00e4rte ab:<br \/>\n Bis 20 \u00b0dH = 200 ml\/10m\u00b3<br \/>\n \u00dcber 20 \u00b0dH = 300 ml\/10m\u00b3<br \/>\n Wenn die Wassertemperatur \u00fcber 27\u00b0C liegt, erh\u00f6hen Sie die Dosis um 1\/3!  <\/p>\n","protected":false},"featured_media":4288,"template":"","meta":[],"product_brand":[],"product_cat":[271],"product_tag":[],"class_list":{"0":"post-9856","1":"product","2":"type-product","3":"status-publish","4":"has-post-thumbnail","6":"product_cat-poolchemie","7":"thunk-woo-product-list","8":"open-woo-hover-none","9":"open-single-product-tab-horizontal","10":"open-shadow-","11":"open-shadow-hover-","13":"first","14":"instock","15":"taxable","16":"shipping-taxable","17":"purchasable","18":"product-type-simple"},"yoast_head":"<!-- This site is optimized with the Yoast SEO plugin v26.9 - https:\/\/yoast.com\/product\/yoast-seo-wordpress\/ -->\n<title>Aquacorrect Wasserh\u00e4rtestabilisator 1 l - Pool-House<\/title>\n<meta name=\"robots\" content=\"index, follow, max-snippet:-1, max-image-preview:large, max-video-preview:-1\" \/>\n<link rel=\"canonical\" href=\"https:\/\/pool-house.shop\/de\/product\/aquacorrect-wasserhaertestabilisator-1-l\/\" \/>\n<meta property=\"og:locale\" content=\"de_DE\" \/>\n<meta property=\"og:type\" content=\"article\" \/>\n<meta property=\"og:title\" content=\"Aquacorrect Wasserh\u00e4rtestabilisator 1 l - Pool-House\" \/>\n<meta property=\"og:description\" content=\"Aquacorrect Wasserh\u00e4rtestabilisator  Ein Wasserpflegemittel, das effektiv zu einem optimalen Mineralgehalt im Poolwasser beitr\u00e4gt. Fl\u00fcssigkeit zur Kontrolle der Wasserh\u00e4rte f\u00fcr das Badewasser in 1-Liter-Packung.  Verhindert Kalkablagerungen und -ausf\u00e4llungen im Pool-Wasserkreislauf.  Verhindert Wassertr\u00fcbung, die durch Metallionen im Wasser verursacht wird, indem diese gebunden werden. Nur f\u00fcr private Pools empfohlen.  Dosierung Vor Zugabe des Wasserh\u00e4rtestabilisators stellen Sie den pH-Wert auf den optimalen Bereich von 7,0 - 7,4 ein. Die Fl\u00fcssigkeit sollte sofort nach dem Bef\u00fcllen des Pools hinzugef\u00fcgt werden.  Die Dosierung h\u00e4ngt von der Wasserh\u00e4rte ab:  Bis 20 \u00b0dH = 200 ml\/10m\u00b3  \u00dcber 20 \u00b0dH = 300 ml\/10m\u00b3  Wenn die Wassertemperatur \u00fcber 27\u00b0C liegt, erh\u00f6hen Sie die Dosis um 1\/3!\" \/>\n<meta property=\"og:url\" content=\"https:\/\/pool-house.shop\/de\/product\/aquacorrect-wasserhaertestabilisator-1-l\/\" \/>\n<meta property=\"og:site_name\" content=\"Pool-House\" \/>\n<meta property=\"article:publisher\" content=\"https:\/\/www.facebook.com\/termodomsk\/\" \/>\n<meta property=\"og:image\" content=\"https:\/\/pool-house.shop\/wp-content\/uploads\/2025\/04\/150091.png\" \/>\n\t<meta property=\"og:image:width\" content=\"1600\" \/>\n\t<meta property=\"og:image:height\" content=\"1600\" \/>\n\t<meta property=\"og:image:type\" content=\"image\/png\" \/>\n<meta name=\"twitter:card\" content=\"summary_large_image\" \/>\n<meta name=\"twitter:label1\" content=\"Gesch\u00e4tzte Lesezeit\" \/>\n\t<meta name=\"twitter:data1\" content=\"1\u00a0Minute\" \/>\n<script type=\"application\/ld+json\" class=\"yoast-schema-graph\">{\"@context\":\"https:\/\/schema.org\",\"@graph\":[{\"@type\":\"WebPage\",\"@id\":\"https:\/\/pool-house.shop\/de\/product\/aquacorrect-wasserhaertestabilisator-1-l\/\",\"url\":\"https:\/\/pool-house.shop\/de\/product\/aquacorrect-wasserhaertestabilisator-1-l\/\",\"name\":\"Aquacorrect Wasserh\u00e4rtestabilisator 1 l - Pool-House\",\"isPartOf\":{\"@id\":\"https:\/\/pool-house.shop\/de\/#website\"},\"primaryImageOfPage\":{\"@id\":\"https:\/\/pool-house.shop\/de\/product\/aquacorrect-wasserhaertestabilisator-1-l\/#primaryimage\"},\"image\":{\"@id\":\"https:\/\/pool-house.shop\/de\/product\/aquacorrect-wasserhaertestabilisator-1-l\/#primaryimage\"},\"thumbnailUrl\":\"https:\/\/pool-house.shop\/wp-content\/uploads\/2025\/04\/150091.png\",\"datePublished\":\"2025-04-08T10:24:05+00:00\",\"breadcrumb\":{\"@id\":\"https:\/\/pool-house.shop\/de\/product\/aquacorrect-wasserhaertestabilisator-1-l\/#breadcrumb\"},\"inLanguage\":\"de\",\"potentialAction\":[{\"@type\":\"ReadAction\",\"target\":[\"https:\/\/pool-house.shop\/de\/product\/aquacorrect-wasserhaertestabilisator-1-l\/\"]}]},{\"@type\":\"ImageObject\",\"inLanguage\":\"de\",\"@id\":\"https:\/\/pool-house.shop\/de\/product\/aquacorrect-wasserhaertestabilisator-1-l\/#primaryimage\",\"url\":\"https:\/\/pool-house.shop\/wp-content\/uploads\/2025\/04\/150091.png\",\"contentUrl\":\"https:\/\/pool-house.shop\/wp-content\/uploads\/2025\/04\/150091.png\",\"width\":1600,\"height\":1600},{\"@type\":\"BreadcrumbList\",\"@id\":\"https:\/\/pool-house.shop\/de\/product\/aquacorrect-wasserhaertestabilisator-1-l\/#breadcrumb\",\"itemListElement\":[{\"@type\":\"ListItem\",\"position\":1,\"name\":\"Domovsk\u00e1 str\u00e1nka\",\"item\":\"https:\/\/pool-house.shop\/de\/\"},{\"@type\":\"ListItem\",\"position\":2,\"name\":\"Shop\",\"item\":\"https:\/\/pool-house.shop\/de\/shop\/\"},{\"@type\":\"ListItem\",\"position\":3,\"name\":\"Aquacorrect Wasserh\u00e4rtestabilisator 1 l\"}]},{\"@type\":\"WebSite\",\"@id\":\"https:\/\/pool-house.shop\/de\/#website\",\"url\":\"https:\/\/pool-house.shop\/de\/\",\"name\":\"Pool-House\",\"description\":\"\",\"publisher\":{\"@id\":\"https:\/\/pool-house.shop\/de\/#organization\"},\"potentialAction\":[{\"@type\":\"SearchAction\",\"target\":{\"@type\":\"EntryPoint\",\"urlTemplate\":\"https:\/\/pool-house.shop\/de\/?s={search_term_string}\"},\"query-input\":{\"@type\":\"PropertyValueSpecification\",\"valueRequired\":true,\"valueName\":\"search_term_string\"}}],\"inLanguage\":\"de\"},{\"@type\":\"Organization\",\"@id\":\"https:\/\/pool-house.shop\/de\/#organization\",\"name\":\"Pool-House\",\"url\":\"https:\/\/pool-house.shop\/de\/\",\"logo\":{\"@type\":\"ImageObject\",\"inLanguage\":\"de\",\"@id\":\"https:\/\/pool-house.shop\/de\/#\/schema\/logo\/image\/\",\"url\":\"https:\/\/pool-house.shop\/wp-content\/uploads\/2025\/10\/logo-2-stvorec-mobil-modre.png\",\"contentUrl\":\"https:\/\/pool-house.shop\/wp-content\/uploads\/2025\/10\/logo-2-stvorec-mobil-modre.png\",\"width\":273,\"height\":189,\"caption\":\"Pool-House\"},\"image\":{\"@id\":\"https:\/\/pool-house.shop\/de\/#\/schema\/logo\/image\/\"},\"sameAs\":[\"https:\/\/www.facebook.com\/termodomsk\/\"]}]}<\/script>\n<!-- \/ Yoast SEO plugin. -->","yoast_head_json":{"title":"Aquacorrect Wasserh\u00e4rtestabilisator 1 l - Pool-House","robots":{"index":"index","follow":"follow","max-snippet":"max-snippet:-1","max-image-preview":"max-image-preview:large","max-video-preview":"max-video-preview:-1"},"canonical":"https:\/\/pool-house.shop\/de\/product\/aquacorrect-wasserhaertestabilisator-1-l\/","og_locale":"de_DE","og_type":"article","og_title":"Aquacorrect Wasserh\u00e4rtestabilisator 1 l - Pool-House","og_description":"Aquacorrect Wasserh\u00e4rtestabilisator  Ein Wasserpflegemittel, das effektiv zu einem optimalen Mineralgehalt im Poolwasser beitr\u00e4gt. Fl\u00fcssigkeit zur Kontrolle der Wasserh\u00e4rte f\u00fcr das Badewasser in 1-Liter-Packung.  Verhindert Kalkablagerungen und -ausf\u00e4llungen im Pool-Wasserkreislauf.  Verhindert Wassertr\u00fcbung, die durch Metallionen im Wasser verursacht wird, indem diese gebunden werden. Nur f\u00fcr private Pools empfohlen.  Dosierung Vor Zugabe des Wasserh\u00e4rtestabilisators stellen Sie den pH-Wert auf den optimalen Bereich von 7,0 - 7,4 ein. Die Fl\u00fcssigkeit sollte sofort nach dem Bef\u00fcllen des Pools hinzugef\u00fcgt werden.  Die Dosierung h\u00e4ngt von der Wasserh\u00e4rte ab:  Bis 20 \u00b0dH = 200 ml\/10m\u00b3  \u00dcber 20 \u00b0dH = 300 ml\/10m\u00b3  Wenn die Wassertemperatur \u00fcber 27\u00b0C liegt, erh\u00f6hen Sie die Dosis um 1\/3!","og_url":"https:\/\/pool-house.shop\/de\/product\/aquacorrect-wasserhaertestabilisator-1-l\/","og_site_name":"Pool-House","article_publisher":"https:\/\/www.facebook.com\/termodomsk\/","og_image":[{"width":1600,"height":1600,"url":"https:\/\/pool-house.shop\/wp-content\/uploads\/2025\/04\/150091.png","type":"image\/png"}],"twitter_card":"summary_large_image","twitter_misc":{"Gesch\u00e4tzte Lesezeit":"1\u00a0Minute"},"schema":{"@context":"https:\/\/schema.org","@graph":[{"@type":"WebPage","@id":"https:\/\/pool-house.shop\/de\/product\/aquacorrect-wasserhaertestabilisator-1-l\/","url":"https:\/\/pool-house.shop\/de\/product\/aquacorrect-wasserhaertestabilisator-1-l\/","name":"Aquacorrect Wasserh\u00e4rtestabilisator 1 l - Pool-House","isPartOf":{"@id":"https:\/\/pool-house.shop\/de\/#website"},"primaryImageOfPage":{"@id":"https:\/\/pool-house.shop\/de\/product\/aquacorrect-wasserhaertestabilisator-1-l\/#primaryimage"},"image":{"@id":"https:\/\/pool-house.shop\/de\/product\/aquacorrect-wasserhaertestabilisator-1-l\/#primaryimage"},"thumbnailUrl":"https:\/\/pool-house.shop\/wp-content\/uploads\/2025\/04\/150091.png","datePublished":"2025-04-08T10:24:05+00:00","breadcrumb":{"@id":"https:\/\/pool-house.shop\/de\/product\/aquacorrect-wasserhaertestabilisator-1-l\/#breadcrumb"},"inLanguage":"de","potentialAction":[{"@type":"ReadAction","target":["https:\/\/pool-house.shop\/de\/product\/aquacorrect-wasserhaertestabilisator-1-l\/"]}]},{"@type":"ImageObject","inLanguage":"de","@id":"https:\/\/pool-house.shop\/de\/product\/aquacorrect-wasserhaertestabilisator-1-l\/#primaryimage","url":"https:\/\/pool-house.shop\/wp-content\/uploads\/2025\/04\/150091.png","contentUrl":"https:\/\/pool-house.shop\/wp-content\/uploads\/2025\/04\/150091.png","width":1600,"height":1600},{"@type":"BreadcrumbList","@id":"https:\/\/pool-house.shop\/de\/product\/aquacorrect-wasserhaertestabilisator-1-l\/#breadcrumb","itemListElement":[{"@type":"ListItem","position":1,"name":"Domovsk\u00e1 str\u00e1nka","item":"https:\/\/pool-house.shop\/de\/"},{"@type":"ListItem","position":2,"name":"Shop","item":"https:\/\/pool-house.shop\/de\/shop\/"},{"@type":"ListItem","position":3,"name":"Aquacorrect Wasserh\u00e4rtestabilisator 1 l"}]},{"@type":"WebSite","@id":"https:\/\/pool-house.shop\/de\/#website","url":"https:\/\/pool-house.shop\/de\/","name":"Pool-House","description":"","publisher":{"@id":"https:\/\/pool-house.shop\/de\/#organization"},"potentialAction":[{"@type":"SearchAction","target":{"@type":"EntryPoint","urlTemplate":"https:\/\/pool-house.shop\/de\/?s={search_term_string}"},"query-input":{"@type":"PropertyValueSpecification","valueRequired":true,"valueName":"search_term_string"}}],"inLanguage":"de"},{"@type":"Organization","@id":"https:\/\/pool-house.shop\/de\/#organization","name":"Pool-House","url":"https:\/\/pool-house.shop\/de\/","logo":{"@type":"ImageObject","inLanguage":"de","@id":"https:\/\/pool-house.shop\/de\/#\/schema\/logo\/image\/","url":"https:\/\/pool-house.shop\/wp-content\/uploads\/2025\/10\/logo-2-stvorec-mobil-modre.png","contentUrl":"https:\/\/pool-house.shop\/wp-content\/uploads\/2025\/10\/logo-2-stvorec-mobil-modre.png","width":273,"height":189,"caption":"Pool-House"},"image":{"@id":"https:\/\/pool-house.shop\/de\/#\/schema\/logo\/image\/"},"sameAs":["https:\/\/www.facebook.com\/termodomsk\/"]}]}},"_links":{"self":[{"href":"https:\/\/pool-house.shop\/de\/wp-json\/wp\/v2\/product\/9856","targetHints":{"allow":["GET"]}}],"collection":[{"href":"https:\/\/pool-house.shop\/de\/wp-json\/wp\/v2\/product"}],"about":[{"href":"https:\/\/pool-house.shop\/de\/wp-json\/wp\/v2\/types\/product"}],"wp:featuredmedia":[{"embeddable":true,"href":"https:\/\/pool-house.shop\/de\/wp-json\/wp\/v2\/media\/4288"}],"wp:attachment":[{"href":"https:\/\/pool-house.shop\/de\/wp-json\/wp\/v2\/media?parent=9856"}],"wp:term":[{"taxonomy":"product_brand","embeddable":true,"href":"https:\/\/pool-house.shop\/de\/wp-json\/wp\/v2\/product_brand?post=9856"},{"taxonomy":"product_cat","embeddable":true,"href":"https:\/\/pool-house.shop\/de\/wp-json\/wp\/v2\/product_cat?post=9856"},{"taxonomy":"product_tag","embeddable":true,"href":"https:\/\/pool-house.shop\/de\/wp-json\/wp\/v2\/product_tag?post=9856"}],"curies":[{"name":"wp","href":"https:\/\/api.w.org\/{rel}","templated":true}]}}