{"id":9863,"date":"2025-04-08T12:23:43","date_gmt":"2025-04-08T10:23:43","guid":{"rendered":"https:\/\/pool-house.shop\/product\/aquacorrect-ph-minus-granulat-15-kg\/"},"modified":"2025-04-08T12:23:43","modified_gmt":"2025-04-08T10:23:43","slug":"aquacorrect-ph-minus-granulat-15-kg","status":"publish","type":"product","link":"https:\/\/pool-house.shop\/de\/product\/aquacorrect-ph-minus-granulat-15-kg\/","title":{"rendered":"Aquacorrect pH minus Granulat 1,5 kg"},"content":{"rendered":"<p>Aquacorrect pH minus Granulat<\/p>\n<p> Wasserpflegemittel, das effektiv zu einem optimalen pH-Wert des Poolwassers beitr\u00e4gt. Saures Granulat zur Senkung des pH-Wertes von Poolwasser, in einer 1,5 kg Packung.<br \/>\n Der pH-Wert des Wassers ist einer der wichtigsten Faktoren f\u00fcr die optimale Wirkung von Pooldesinfektionsmitteln. Der optimale pH-Bereich liegt zwischen 7,0 und 7,4. Abweichungen erh\u00f6hen die erforderliche Dosierung anderer Produkte oder verringern deren Wirkung.<br \/>\n Zur Senkung des pH-Wertes werden pH-Minus Granulate verwendet und zur Erh\u00f6hung des pH-Wertes pH-Plus Granulate.<br \/>\n Die Messung kann mit Teststreifen oder Tabletten erfolgen. Empfohlen nur f\u00fcr private Schwimmb\u00e4der.<\/p>\n<p> Dosierung<br \/>\n L\u00f6sen Sie 100 g (ca. 75 ml) pro 10 m\u00b3 Wasser in Wasser auf und geben Sie die Mischung in den Pool, um den pH-Wert des Poolwassers um ca. 0,1 zu senken.<\/p>\n<p> Hoher pH-Wert<br \/>\n Zu alkalisches Badewasser, d.h. \u00fcber 7,0 oder 7,4, st\u00f6rt das nat\u00fcrliche S\u00e4ure-Basen-Gleichgewicht auf Schleimh\u00e4uten und Hautoberfl\u00e4chen und kann zu erh\u00f6hten Reizungen f\u00fchren.<br \/>\n Ein Wert \u00fcber 7,4 f\u00fchrt dazu, dass das Wasser allm\u00e4hlich tr\u00fcb wird, da sich weitere Kalkablagerungen bilden. Je h\u00e4rter das Wasser, desto kalkhaltiger ist es und desto mehr Kalk bildet sich im Pool. Ein zu hoher pH-Wert hemmt stark die Wirkung von Flockungsmitteln und Desinfektionsmitteln.    <\/p>\n","protected":false},"excerpt":{"rendered":"<p>Aquacorrect pH minus Granulat<\/p>\n<p> Wasserpflegemittel, das effektiv zu einem optimalen pH-Wert des Poolwassers beitr\u00e4gt. Saures Granulat zur Senkung des pH-Wertes von Poolwasser, in einer 1,5 kg Packung.<br \/>\n Der pH-Wert des Wassers ist einer der wichtigsten Faktoren f\u00fcr die optimale Wirkung von Pooldesinfektionsmitteln. Der optimale pH-Bereich liegt zwischen 7,0 und 7,4. Abweichungen erh\u00f6hen die erforderliche Dosierung anderer Produkte oder verringern deren Wirkung.<br \/>\n Zur Senkung des pH-Wertes werden pH-Minus Granulate verwendet und zur Erh\u00f6hung des pH-Wertes pH-Plus Granulate.<br \/>\n Die Messung kann mit Teststreifen oder Tabletten erfolgen. Empfohlen nur f\u00fcr private Schwimmb\u00e4der.<\/p>\n<p> Dosierung<br \/>\n L\u00f6sen Sie 100 g (ca. 75 ml) pro 10 m\u00b3 Wasser in Wasser auf und geben Sie die Mischung in den Pool, um den pH-Wert des Poolwassers um ca. 0,1 zu senken.<\/p>\n<p> Hoher pH-Wert<br \/>\n Zu alkalisches Badewasser, d.h. \u00fcber 7,0 oder 7,4, st\u00f6rt das nat\u00fcrliche S\u00e4ure-Basen-Gleichgewicht auf Schleimh\u00e4uten und Hautoberfl\u00e4chen und kann zu erh\u00f6hten Reizungen f\u00fchren.<br \/>\n Ein Wert \u00fcber 7,4 f\u00fchrt dazu, dass das Wasser allm\u00e4hlich tr\u00fcb wird, da sich weitere Kalkablagerungen bilden. Je h\u00e4rter das Wasser, desto kalkhaltiger ist es und desto mehr Kalk bildet sich im Pool. Ein zu hoher pH-Wert hemmt stark die Wirkung von Flockungsmitteln und Desinfektionsmitteln.    <\/p>\n","protected":false},"featured_media":9862,"template":"","meta":[],"product_brand":[],"product_cat":[327,271],"product_tag":[],"class_list":{"0":"post-9863","1":"product","2":"type-product","3":"status-publish","4":"has-post-thumbnail","6":"product_cat-ph_wert_regulierung","7":"product_cat-poolchemie","8":"thunk-woo-product-list","9":"open-woo-hover-none","10":"open-single-product-tab-horizontal","11":"open-shadow-","12":"open-shadow-hover-","14":"first","15":"instock","16":"taxable","17":"shipping-taxable","18":"purchasable","19":"product-type-simple"},"yoast_head":"<!-- This site is optimized with the Yoast SEO plugin v26.9 - https:\/\/yoast.com\/product\/yoast-seo-wordpress\/ -->\n<title>Aquacorrect pH minus Granulat 1,5 kg - Pool-House<\/title>\n<meta name=\"robots\" content=\"index, follow, max-snippet:-1, max-image-preview:large, max-video-preview:-1\" \/>\n<link rel=\"canonical\" href=\"https:\/\/pool-house.shop\/de\/product\/aquacorrect-ph-minus-granulat-15-kg\/\" \/>\n<meta property=\"og:locale\" content=\"de_DE\" \/>\n<meta property=\"og:type\" content=\"article\" \/>\n<meta property=\"og:title\" content=\"Aquacorrect pH minus Granulat 1,5 kg - Pool-House\" \/>\n<meta property=\"og:description\" content=\"Aquacorrect pH minus Granulat  Wasserpflegemittel, das effektiv zu einem optimalen pH-Wert des Poolwassers beitr\u00e4gt. Saures Granulat zur Senkung des pH-Wertes von Poolwasser, in einer 1,5 kg Packung.  Der pH-Wert des Wassers ist einer der wichtigsten Faktoren f\u00fcr die optimale Wirkung von Pooldesinfektionsmitteln. Der optimale pH-Bereich liegt zwischen 7,0 und 7,4. Abweichungen erh\u00f6hen die erforderliche Dosierung anderer Produkte oder verringern deren Wirkung.   Zur Senkung des pH-Wertes werden pH-Minus Granulate verwendet und zur Erh\u00f6hung des pH-Wertes pH-Plus Granulate.  Die Messung kann mit Teststreifen oder Tabletten erfolgen. Empfohlen nur f\u00fcr private Schwimmb\u00e4der.  Dosierung L\u00f6sen Sie 100 g (ca. 75 ml) pro 10 m\u00b3 Wasser in Wasser auf und geben Sie die Mischung in den Pool, um den pH-Wert des Poolwassers um ca. 0,1 zu senken.  Hoher pH-Wert Zu alkalisches Badewasser, d.h. \u00fcber 7,0 oder 7,4, st\u00f6rt das nat\u00fcrliche S\u00e4ure-Basen-Gleichgewicht auf Schleimh\u00e4uten und Hautoberfl\u00e4chen und kann zu erh\u00f6hten Reizungen f\u00fchren.  Ein Wert \u00fcber 7,4 f\u00fchrt dazu, dass das Wasser allm\u00e4hlich tr\u00fcb wird, da sich weitere Kalkablagerungen bilden. Je h\u00e4rter das Wasser, desto kalkhaltiger ist es und desto mehr Kalk bildet sich im Pool. Ein zu hoher pH-Wert hemmt stark die Wirkung von Flockungsmitteln und Desinfektionsmitteln.\" \/>\n<meta property=\"og:url\" content=\"https:\/\/pool-house.shop\/de\/product\/aquacorrect-ph-minus-granulat-15-kg\/\" \/>\n<meta property=\"og:site_name\" content=\"Pool-House\" \/>\n<meta property=\"article:publisher\" content=\"https:\/\/www.facebook.com\/termodomsk\/\" \/>\n<meta property=\"og:image\" content=\"https:\/\/pool-house.shop\/wp-content\/uploads\/2025\/04\/150071.png\" \/>\n\t<meta property=\"og:image:width\" content=\"1600\" \/>\n\t<meta property=\"og:image:height\" content=\"1600\" \/>\n\t<meta property=\"og:image:type\" content=\"image\/png\" \/>\n<meta name=\"twitter:card\" content=\"summary_large_image\" \/>\n<meta name=\"twitter:label1\" content=\"Gesch\u00e4tzte Lesezeit\" \/>\n\t<meta name=\"twitter:data1\" content=\"1\u00a0Minute\" \/>\n<script type=\"application\/ld+json\" class=\"yoast-schema-graph\">{\"@context\":\"https:\/\/schema.org\",\"@graph\":[{\"@type\":\"WebPage\",\"@id\":\"https:\/\/pool-house.shop\/de\/product\/aquacorrect-ph-minus-granulat-15-kg\/\",\"url\":\"https:\/\/pool-house.shop\/de\/product\/aquacorrect-ph-minus-granulat-15-kg\/\",\"name\":\"Aquacorrect pH minus Granulat 1,5 kg - Pool-House\",\"isPartOf\":{\"@id\":\"https:\/\/pool-house.shop\/de\/#website\"},\"primaryImageOfPage\":{\"@id\":\"https:\/\/pool-house.shop\/de\/product\/aquacorrect-ph-minus-granulat-15-kg\/#primaryimage\"},\"image\":{\"@id\":\"https:\/\/pool-house.shop\/de\/product\/aquacorrect-ph-minus-granulat-15-kg\/#primaryimage\"},\"thumbnailUrl\":\"https:\/\/pool-house.shop\/wp-content\/uploads\/2025\/04\/150071.png\",\"datePublished\":\"2025-04-08T10:23:43+00:00\",\"breadcrumb\":{\"@id\":\"https:\/\/pool-house.shop\/de\/product\/aquacorrect-ph-minus-granulat-15-kg\/#breadcrumb\"},\"inLanguage\":\"de\",\"potentialAction\":[{\"@type\":\"ReadAction\",\"target\":[\"https:\/\/pool-house.shop\/de\/product\/aquacorrect-ph-minus-granulat-15-kg\/\"]}]},{\"@type\":\"ImageObject\",\"inLanguage\":\"de\",\"@id\":\"https:\/\/pool-house.shop\/de\/product\/aquacorrect-ph-minus-granulat-15-kg\/#primaryimage\",\"url\":\"https:\/\/pool-house.shop\/wp-content\/uploads\/2025\/04\/150071.png\",\"contentUrl\":\"https:\/\/pool-house.shop\/wp-content\/uploads\/2025\/04\/150071.png\",\"width\":1600,\"height\":1600},{\"@type\":\"BreadcrumbList\",\"@id\":\"https:\/\/pool-house.shop\/de\/product\/aquacorrect-ph-minus-granulat-15-kg\/#breadcrumb\",\"itemListElement\":[{\"@type\":\"ListItem\",\"position\":1,\"name\":\"Domovsk\u00e1 str\u00e1nka\",\"item\":\"https:\/\/pool-house.shop\/de\/\"},{\"@type\":\"ListItem\",\"position\":2,\"name\":\"Shop\",\"item\":\"https:\/\/pool-house.shop\/de\/shop\/\"},{\"@type\":\"ListItem\",\"position\":3,\"name\":\"Aquacorrect pH minus Granulat 1,5 kg\"}]},{\"@type\":\"WebSite\",\"@id\":\"https:\/\/pool-house.shop\/de\/#website\",\"url\":\"https:\/\/pool-house.shop\/de\/\",\"name\":\"Pool-House\",\"description\":\"\",\"publisher\":{\"@id\":\"https:\/\/pool-house.shop\/de\/#organization\"},\"potentialAction\":[{\"@type\":\"SearchAction\",\"target\":{\"@type\":\"EntryPoint\",\"urlTemplate\":\"https:\/\/pool-house.shop\/de\/?s={search_term_string}\"},\"query-input\":{\"@type\":\"PropertyValueSpecification\",\"valueRequired\":true,\"valueName\":\"search_term_string\"}}],\"inLanguage\":\"de\"},{\"@type\":\"Organization\",\"@id\":\"https:\/\/pool-house.shop\/de\/#organization\",\"name\":\"Pool-House\",\"url\":\"https:\/\/pool-house.shop\/de\/\",\"logo\":{\"@type\":\"ImageObject\",\"inLanguage\":\"de\",\"@id\":\"https:\/\/pool-house.shop\/de\/#\/schema\/logo\/image\/\",\"url\":\"https:\/\/pool-house.shop\/wp-content\/uploads\/2025\/10\/logo-2-stvorec-mobil-modre.png\",\"contentUrl\":\"https:\/\/pool-house.shop\/wp-content\/uploads\/2025\/10\/logo-2-stvorec-mobil-modre.png\",\"width\":273,\"height\":189,\"caption\":\"Pool-House\"},\"image\":{\"@id\":\"https:\/\/pool-house.shop\/de\/#\/schema\/logo\/image\/\"},\"sameAs\":[\"https:\/\/www.facebook.com\/termodomsk\/\"]}]}<\/script>\n<!-- \/ Yoast SEO plugin. -->","yoast_head_json":{"title":"Aquacorrect pH minus Granulat 1,5 kg - Pool-House","robots":{"index":"index","follow":"follow","max-snippet":"max-snippet:-1","max-image-preview":"max-image-preview:large","max-video-preview":"max-video-preview:-1"},"canonical":"https:\/\/pool-house.shop\/de\/product\/aquacorrect-ph-minus-granulat-15-kg\/","og_locale":"de_DE","og_type":"article","og_title":"Aquacorrect pH minus Granulat 1,5 kg - Pool-House","og_description":"Aquacorrect pH minus Granulat  Wasserpflegemittel, das effektiv zu einem optimalen pH-Wert des Poolwassers beitr\u00e4gt. Saures Granulat zur Senkung des pH-Wertes von Poolwasser, in einer 1,5 kg Packung.  Der pH-Wert des Wassers ist einer der wichtigsten Faktoren f\u00fcr die optimale Wirkung von Pooldesinfektionsmitteln. Der optimale pH-Bereich liegt zwischen 7,0 und 7,4. Abweichungen erh\u00f6hen die erforderliche Dosierung anderer Produkte oder verringern deren Wirkung.   Zur Senkung des pH-Wertes werden pH-Minus Granulate verwendet und zur Erh\u00f6hung des pH-Wertes pH-Plus Granulate.  Die Messung kann mit Teststreifen oder Tabletten erfolgen. Empfohlen nur f\u00fcr private Schwimmb\u00e4der.  Dosierung L\u00f6sen Sie 100 g (ca. 75 ml) pro 10 m\u00b3 Wasser in Wasser auf und geben Sie die Mischung in den Pool, um den pH-Wert des Poolwassers um ca. 0,1 zu senken.  Hoher pH-Wert Zu alkalisches Badewasser, d.h. \u00fcber 7,0 oder 7,4, st\u00f6rt das nat\u00fcrliche S\u00e4ure-Basen-Gleichgewicht auf Schleimh\u00e4uten und Hautoberfl\u00e4chen und kann zu erh\u00f6hten Reizungen f\u00fchren.  Ein Wert \u00fcber 7,4 f\u00fchrt dazu, dass das Wasser allm\u00e4hlich tr\u00fcb wird, da sich weitere Kalkablagerungen bilden. Je h\u00e4rter das Wasser, desto kalkhaltiger ist es und desto mehr Kalk bildet sich im Pool. Ein zu hoher pH-Wert hemmt stark die Wirkung von Flockungsmitteln und Desinfektionsmitteln.","og_url":"https:\/\/pool-house.shop\/de\/product\/aquacorrect-ph-minus-granulat-15-kg\/","og_site_name":"Pool-House","article_publisher":"https:\/\/www.facebook.com\/termodomsk\/","og_image":[{"width":1600,"height":1600,"url":"https:\/\/pool-house.shop\/wp-content\/uploads\/2025\/04\/150071.png","type":"image\/png"}],"twitter_card":"summary_large_image","twitter_misc":{"Gesch\u00e4tzte Lesezeit":"1\u00a0Minute"},"schema":{"@context":"https:\/\/schema.org","@graph":[{"@type":"WebPage","@id":"https:\/\/pool-house.shop\/de\/product\/aquacorrect-ph-minus-granulat-15-kg\/","url":"https:\/\/pool-house.shop\/de\/product\/aquacorrect-ph-minus-granulat-15-kg\/","name":"Aquacorrect pH minus Granulat 1,5 kg - Pool-House","isPartOf":{"@id":"https:\/\/pool-house.shop\/de\/#website"},"primaryImageOfPage":{"@id":"https:\/\/pool-house.shop\/de\/product\/aquacorrect-ph-minus-granulat-15-kg\/#primaryimage"},"image":{"@id":"https:\/\/pool-house.shop\/de\/product\/aquacorrect-ph-minus-granulat-15-kg\/#primaryimage"},"thumbnailUrl":"https:\/\/pool-house.shop\/wp-content\/uploads\/2025\/04\/150071.png","datePublished":"2025-04-08T10:23:43+00:00","breadcrumb":{"@id":"https:\/\/pool-house.shop\/de\/product\/aquacorrect-ph-minus-granulat-15-kg\/#breadcrumb"},"inLanguage":"de","potentialAction":[{"@type":"ReadAction","target":["https:\/\/pool-house.shop\/de\/product\/aquacorrect-ph-minus-granulat-15-kg\/"]}]},{"@type":"ImageObject","inLanguage":"de","@id":"https:\/\/pool-house.shop\/de\/product\/aquacorrect-ph-minus-granulat-15-kg\/#primaryimage","url":"https:\/\/pool-house.shop\/wp-content\/uploads\/2025\/04\/150071.png","contentUrl":"https:\/\/pool-house.shop\/wp-content\/uploads\/2025\/04\/150071.png","width":1600,"height":1600},{"@type":"BreadcrumbList","@id":"https:\/\/pool-house.shop\/de\/product\/aquacorrect-ph-minus-granulat-15-kg\/#breadcrumb","itemListElement":[{"@type":"ListItem","position":1,"name":"Domovsk\u00e1 str\u00e1nka","item":"https:\/\/pool-house.shop\/de\/"},{"@type":"ListItem","position":2,"name":"Shop","item":"https:\/\/pool-house.shop\/de\/shop\/"},{"@type":"ListItem","position":3,"name":"Aquacorrect pH minus Granulat 1,5 kg"}]},{"@type":"WebSite","@id":"https:\/\/pool-house.shop\/de\/#website","url":"https:\/\/pool-house.shop\/de\/","name":"Pool-House","description":"","publisher":{"@id":"https:\/\/pool-house.shop\/de\/#organization"},"potentialAction":[{"@type":"SearchAction","target":{"@type":"EntryPoint","urlTemplate":"https:\/\/pool-house.shop\/de\/?s={search_term_string}"},"query-input":{"@type":"PropertyValueSpecification","valueRequired":true,"valueName":"search_term_string"}}],"inLanguage":"de"},{"@type":"Organization","@id":"https:\/\/pool-house.shop\/de\/#organization","name":"Pool-House","url":"https:\/\/pool-house.shop\/de\/","logo":{"@type":"ImageObject","inLanguage":"de","@id":"https:\/\/pool-house.shop\/de\/#\/schema\/logo\/image\/","url":"https:\/\/pool-house.shop\/wp-content\/uploads\/2025\/10\/logo-2-stvorec-mobil-modre.png","contentUrl":"https:\/\/pool-house.shop\/wp-content\/uploads\/2025\/10\/logo-2-stvorec-mobil-modre.png","width":273,"height":189,"caption":"Pool-House"},"image":{"@id":"https:\/\/pool-house.shop\/de\/#\/schema\/logo\/image\/"},"sameAs":["https:\/\/www.facebook.com\/termodomsk\/"]}]}},"_links":{"self":[{"href":"https:\/\/pool-house.shop\/de\/wp-json\/wp\/v2\/product\/9863","targetHints":{"allow":["GET"]}}],"collection":[{"href":"https:\/\/pool-house.shop\/de\/wp-json\/wp\/v2\/product"}],"about":[{"href":"https:\/\/pool-house.shop\/de\/wp-json\/wp\/v2\/types\/product"}],"wp:featuredmedia":[{"embeddable":true,"href":"https:\/\/pool-house.shop\/de\/wp-json\/wp\/v2\/media\/9862"}],"wp:attachment":[{"href":"https:\/\/pool-house.shop\/de\/wp-json\/wp\/v2\/media?parent=9863"}],"wp:term":[{"taxonomy":"product_brand","embeddable":true,"href":"https:\/\/pool-house.shop\/de\/wp-json\/wp\/v2\/product_brand?post=9863"},{"taxonomy":"product_cat","embeddable":true,"href":"https:\/\/pool-house.shop\/de\/wp-json\/wp\/v2\/product_cat?post=9863"},{"taxonomy":"product_tag","embeddable":true,"href":"https:\/\/pool-house.shop\/de\/wp-json\/wp\/v2\/product_tag?post=9863"}],"curies":[{"name":"wp","href":"https:\/\/api.w.org\/{rel}","templated":true}]}}