{"id":9881,"date":"2025-04-08T12:22:58","date_gmt":"2025-04-08T10:22:58","guid":{"rendered":"https:\/\/pool-house.shop\/product\/aquacorrect-chlortabletten-200-g-90-1-kg\/"},"modified":"2025-04-08T12:22:58","modified_gmt":"2025-04-08T10:22:58","slug":"aquacorrect-chlortabletten-200-g-90-1-kg","status":"publish","type":"product","link":"https:\/\/pool-house.shop\/de\/product\/aquacorrect-chlortabletten-200-g-90-1-kg\/","title":{"rendered":"Aquacorrect Chlortabletten 200 g 90% 1 kg"},"content":{"rendered":"<p>Langsam l\u00f6sliche Aquacorrect Chlortabletten<\/p>\n<p> Langsam l\u00f6sliche Maxi-Chlortabletten in 1 kg Packung, zur Desinfektion und Reinigung von Pools. Wirkt gegen die Bildung von Algen und Bakterien und erzeugt organische Substanzen, die einer Wassertr\u00fcbung vorbeugen.<br \/>\n Empfohlen f\u00fcr private Pools und kann perfekt bei jeder Wasserh\u00e4rte eingesetzt werden. 1 Tablette 200 g.<br \/>\n Anwendung: allgemeine Chlorung und Langzeitchlorung. Es wird empfohlen, die Tabletten in einen schwimmenden Chemikaliendosierer oder Skimmer zu legen.<\/p>\n<p> Dosierung<br \/>\n Vor Zugabe der Tablette den pH-Wert auf den optimalen Bereich von 7,0 \u2013 7,4 einstellen. Der optimale Chlorgehalt betr\u00e4gt 0,3-0,6 mg\/l bei Langzeitchlorung und max. 3 mg\/l bei Schockchlorung.<br \/>\n F\u00fcr die Initialdosierung geben Sie 100 g (100 ml) Chlorgranulat\/10 m\u00b3 hinzu, danach w\u00f6chentlich 1 Tablette\/25\u201335 m\u00b3 ins Poolwasser.<\/p>\n","protected":false},"excerpt":{"rendered":"<p>Langsam l\u00f6sliche Aquacorrect Chlortabletten<\/p>\n<p> Langsam l\u00f6sliche Maxi-Chlortabletten in 1 kg Packung, zur Desinfektion und Reinigung von Pools. Wirkt gegen die Bildung von Algen und Bakterien und erzeugt organische Substanzen, die einer Wassertr\u00fcbung vorbeugen.<br \/>\n Empfohlen f\u00fcr private Pools und kann perfekt bei jeder Wasserh\u00e4rte eingesetzt werden. 1 Tablette 200 g.<br \/>\n Anwendung: allgemeine Chlorung und Langzeitchlorung. Es wird empfohlen, die Tabletten in einen schwimmenden Chemikaliendosierer oder Skimmer zu legen.<\/p>\n<p> Dosierung<br \/>\n Vor Zugabe der Tablette den pH-Wert auf den optimalen Bereich von 7,0 \u2013 7,4 einstellen. Der optimale Chlorgehalt betr\u00e4gt 0,3-0,6 mg\/l bei Langzeitchlorung und max. 3 mg\/l bei Schockchlorung.<br \/>\n F\u00fcr die Initialdosierung geben Sie 100 g (100 ml) Chlorgranulat\/10 m\u00b3 hinzu, danach w\u00f6chentlich 1 Tablette\/25\u201335 m\u00b3 ins Poolwasser.<\/p>\n","protected":false},"featured_media":9878,"template":"","meta":[],"product_brand":[],"product_cat":[325,271],"product_tag":[],"class_list":{"0":"post-9881","1":"product","2":"type-product","3":"status-publish","4":"has-post-thumbnail","6":"product_cat-chlor-desinfektion","7":"product_cat-poolchemie","8":"thunk-woo-product-list","9":"open-woo-hover-none","10":"open-single-product-tab-horizontal","11":"open-shadow-","12":"open-shadow-hover-","14":"first","15":"instock","16":"taxable","17":"shipping-taxable","18":"purchasable","19":"product-type-simple"},"yoast_head":"<!-- This site is optimized with the Yoast SEO plugin v26.9 - https:\/\/yoast.com\/product\/yoast-seo-wordpress\/ -->\n<title>Aquacorrect Chlortabletten 200 g 90% 1 kg - Pool-House<\/title>\n<meta name=\"robots\" content=\"index, follow, max-snippet:-1, max-image-preview:large, max-video-preview:-1\" \/>\n<link rel=\"canonical\" href=\"https:\/\/pool-house.shop\/de\/product\/aquacorrect-chlortabletten-200-g-90-1-kg\/\" \/>\n<meta property=\"og:locale\" content=\"de_DE\" \/>\n<meta property=\"og:type\" content=\"article\" \/>\n<meta property=\"og:title\" content=\"Aquacorrect Chlortabletten 200 g 90% 1 kg - Pool-House\" \/>\n<meta property=\"og:description\" content=\"Langsam l\u00f6sliche Aquacorrect Chlortabletten  Langsam l\u00f6sliche Maxi-Chlortabletten in 1 kg Packung, zur Desinfektion und Reinigung von Pools. Wirkt gegen die Bildung von Algen und Bakterien und erzeugt organische Substanzen, die einer Wassertr\u00fcbung vorbeugen.  Empfohlen f\u00fcr private Pools und kann perfekt bei jeder Wasserh\u00e4rte eingesetzt werden. 1 Tablette 200 g.  Anwendung: allgemeine Chlorung und Langzeitchlorung. Es wird empfohlen, die Tabletten in einen schwimmenden Chemikaliendosierer oder Skimmer zu legen.  Dosierung Vor Zugabe der Tablette den pH-Wert auf den optimalen Bereich von 7,0 \u2013 7,4 einstellen. Der optimale Chlorgehalt betr\u00e4gt 0,3-0,6 mg\/l bei Langzeitchlorung und max. 3 mg\/l bei Schockchlorung.   F\u00fcr die Initialdosierung geben Sie 100 g (100 ml) Chlorgranulat\/10 m\u00b3 hinzu, danach w\u00f6chentlich 1 Tablette\/25\u201335 m\u00b3 ins Poolwasser.\" \/>\n<meta property=\"og:url\" content=\"https:\/\/pool-house.shop\/de\/product\/aquacorrect-chlortabletten-200-g-90-1-kg\/\" \/>\n<meta property=\"og:site_name\" content=\"Pool-House\" \/>\n<meta property=\"article:publisher\" content=\"https:\/\/www.facebook.com\/termodomsk\/\" \/>\n<meta property=\"og:image\" content=\"https:\/\/pool-house.shop\/wp-content\/uploads\/2025\/04\/150031.png\" \/>\n\t<meta property=\"og:image:width\" content=\"1600\" \/>\n\t<meta property=\"og:image:height\" content=\"1600\" \/>\n\t<meta property=\"og:image:type\" content=\"image\/png\" \/>\n<meta name=\"twitter:card\" content=\"summary_large_image\" \/>\n<meta name=\"twitter:label1\" content=\"Gesch\u00e4tzte Lesezeit\" \/>\n\t<meta name=\"twitter:data1\" content=\"1\u00a0Minute\" \/>\n<script type=\"application\/ld+json\" class=\"yoast-schema-graph\">{\"@context\":\"https:\/\/schema.org\",\"@graph\":[{\"@type\":\"WebPage\",\"@id\":\"https:\/\/pool-house.shop\/de\/product\/aquacorrect-chlortabletten-200-g-90-1-kg\/\",\"url\":\"https:\/\/pool-house.shop\/de\/product\/aquacorrect-chlortabletten-200-g-90-1-kg\/\",\"name\":\"Aquacorrect Chlortabletten 200 g 90% 1 kg - Pool-House\",\"isPartOf\":{\"@id\":\"https:\/\/pool-house.shop\/de\/#website\"},\"primaryImageOfPage\":{\"@id\":\"https:\/\/pool-house.shop\/de\/product\/aquacorrect-chlortabletten-200-g-90-1-kg\/#primaryimage\"},\"image\":{\"@id\":\"https:\/\/pool-house.shop\/de\/product\/aquacorrect-chlortabletten-200-g-90-1-kg\/#primaryimage\"},\"thumbnailUrl\":\"https:\/\/pool-house.shop\/wp-content\/uploads\/2025\/04\/150031.png\",\"datePublished\":\"2025-04-08T10:22:58+00:00\",\"breadcrumb\":{\"@id\":\"https:\/\/pool-house.shop\/de\/product\/aquacorrect-chlortabletten-200-g-90-1-kg\/#breadcrumb\"},\"inLanguage\":\"de\",\"potentialAction\":[{\"@type\":\"ReadAction\",\"target\":[\"https:\/\/pool-house.shop\/de\/product\/aquacorrect-chlortabletten-200-g-90-1-kg\/\"]}]},{\"@type\":\"ImageObject\",\"inLanguage\":\"de\",\"@id\":\"https:\/\/pool-house.shop\/de\/product\/aquacorrect-chlortabletten-200-g-90-1-kg\/#primaryimage\",\"url\":\"https:\/\/pool-house.shop\/wp-content\/uploads\/2025\/04\/150031.png\",\"contentUrl\":\"https:\/\/pool-house.shop\/wp-content\/uploads\/2025\/04\/150031.png\",\"width\":1600,\"height\":1600},{\"@type\":\"BreadcrumbList\",\"@id\":\"https:\/\/pool-house.shop\/de\/product\/aquacorrect-chlortabletten-200-g-90-1-kg\/#breadcrumb\",\"itemListElement\":[{\"@type\":\"ListItem\",\"position\":1,\"name\":\"Domovsk\u00e1 str\u00e1nka\",\"item\":\"https:\/\/pool-house.shop\/de\/\"},{\"@type\":\"ListItem\",\"position\":2,\"name\":\"Shop\",\"item\":\"https:\/\/pool-house.shop\/de\/shop\/\"},{\"@type\":\"ListItem\",\"position\":3,\"name\":\"Aquacorrect Chlortabletten 200 g 90% 1 kg\"}]},{\"@type\":\"WebSite\",\"@id\":\"https:\/\/pool-house.shop\/de\/#website\",\"url\":\"https:\/\/pool-house.shop\/de\/\",\"name\":\"Pool-House\",\"description\":\"\",\"publisher\":{\"@id\":\"https:\/\/pool-house.shop\/de\/#organization\"},\"potentialAction\":[{\"@type\":\"SearchAction\",\"target\":{\"@type\":\"EntryPoint\",\"urlTemplate\":\"https:\/\/pool-house.shop\/de\/?s={search_term_string}\"},\"query-input\":{\"@type\":\"PropertyValueSpecification\",\"valueRequired\":true,\"valueName\":\"search_term_string\"}}],\"inLanguage\":\"de\"},{\"@type\":\"Organization\",\"@id\":\"https:\/\/pool-house.shop\/de\/#organization\",\"name\":\"Pool-House\",\"url\":\"https:\/\/pool-house.shop\/de\/\",\"logo\":{\"@type\":\"ImageObject\",\"inLanguage\":\"de\",\"@id\":\"https:\/\/pool-house.shop\/de\/#\/schema\/logo\/image\/\",\"url\":\"https:\/\/pool-house.shop\/wp-content\/uploads\/2025\/10\/logo-2-stvorec-mobil-modre.png\",\"contentUrl\":\"https:\/\/pool-house.shop\/wp-content\/uploads\/2025\/10\/logo-2-stvorec-mobil-modre.png\",\"width\":273,\"height\":189,\"caption\":\"Pool-House\"},\"image\":{\"@id\":\"https:\/\/pool-house.shop\/de\/#\/schema\/logo\/image\/\"},\"sameAs\":[\"https:\/\/www.facebook.com\/termodomsk\/\"]}]}<\/script>\n<!-- \/ Yoast SEO plugin. -->","yoast_head_json":{"title":"Aquacorrect Chlortabletten 200 g 90% 1 kg - Pool-House","robots":{"index":"index","follow":"follow","max-snippet":"max-snippet:-1","max-image-preview":"max-image-preview:large","max-video-preview":"max-video-preview:-1"},"canonical":"https:\/\/pool-house.shop\/de\/product\/aquacorrect-chlortabletten-200-g-90-1-kg\/","og_locale":"de_DE","og_type":"article","og_title":"Aquacorrect Chlortabletten 200 g 90% 1 kg - Pool-House","og_description":"Langsam l\u00f6sliche Aquacorrect Chlortabletten  Langsam l\u00f6sliche Maxi-Chlortabletten in 1 kg Packung, zur Desinfektion und Reinigung von Pools. Wirkt gegen die Bildung von Algen und Bakterien und erzeugt organische Substanzen, die einer Wassertr\u00fcbung vorbeugen.  Empfohlen f\u00fcr private Pools und kann perfekt bei jeder Wasserh\u00e4rte eingesetzt werden. 1 Tablette 200 g.  Anwendung: allgemeine Chlorung und Langzeitchlorung. Es wird empfohlen, die Tabletten in einen schwimmenden Chemikaliendosierer oder Skimmer zu legen.  Dosierung Vor Zugabe der Tablette den pH-Wert auf den optimalen Bereich von 7,0 \u2013 7,4 einstellen. Der optimale Chlorgehalt betr\u00e4gt 0,3-0,6 mg\/l bei Langzeitchlorung und max. 3 mg\/l bei Schockchlorung.   F\u00fcr die Initialdosierung geben Sie 100 g (100 ml) Chlorgranulat\/10 m\u00b3 hinzu, danach w\u00f6chentlich 1 Tablette\/25\u201335 m\u00b3 ins Poolwasser.","og_url":"https:\/\/pool-house.shop\/de\/product\/aquacorrect-chlortabletten-200-g-90-1-kg\/","og_site_name":"Pool-House","article_publisher":"https:\/\/www.facebook.com\/termodomsk\/","og_image":[{"width":1600,"height":1600,"url":"https:\/\/pool-house.shop\/wp-content\/uploads\/2025\/04\/150031.png","type":"image\/png"}],"twitter_card":"summary_large_image","twitter_misc":{"Gesch\u00e4tzte Lesezeit":"1\u00a0Minute"},"schema":{"@context":"https:\/\/schema.org","@graph":[{"@type":"WebPage","@id":"https:\/\/pool-house.shop\/de\/product\/aquacorrect-chlortabletten-200-g-90-1-kg\/","url":"https:\/\/pool-house.shop\/de\/product\/aquacorrect-chlortabletten-200-g-90-1-kg\/","name":"Aquacorrect Chlortabletten 200 g 90% 1 kg - Pool-House","isPartOf":{"@id":"https:\/\/pool-house.shop\/de\/#website"},"primaryImageOfPage":{"@id":"https:\/\/pool-house.shop\/de\/product\/aquacorrect-chlortabletten-200-g-90-1-kg\/#primaryimage"},"image":{"@id":"https:\/\/pool-house.shop\/de\/product\/aquacorrect-chlortabletten-200-g-90-1-kg\/#primaryimage"},"thumbnailUrl":"https:\/\/pool-house.shop\/wp-content\/uploads\/2025\/04\/150031.png","datePublished":"2025-04-08T10:22:58+00:00","breadcrumb":{"@id":"https:\/\/pool-house.shop\/de\/product\/aquacorrect-chlortabletten-200-g-90-1-kg\/#breadcrumb"},"inLanguage":"de","potentialAction":[{"@type":"ReadAction","target":["https:\/\/pool-house.shop\/de\/product\/aquacorrect-chlortabletten-200-g-90-1-kg\/"]}]},{"@type":"ImageObject","inLanguage":"de","@id":"https:\/\/pool-house.shop\/de\/product\/aquacorrect-chlortabletten-200-g-90-1-kg\/#primaryimage","url":"https:\/\/pool-house.shop\/wp-content\/uploads\/2025\/04\/150031.png","contentUrl":"https:\/\/pool-house.shop\/wp-content\/uploads\/2025\/04\/150031.png","width":1600,"height":1600},{"@type":"BreadcrumbList","@id":"https:\/\/pool-house.shop\/de\/product\/aquacorrect-chlortabletten-200-g-90-1-kg\/#breadcrumb","itemListElement":[{"@type":"ListItem","position":1,"name":"Domovsk\u00e1 str\u00e1nka","item":"https:\/\/pool-house.shop\/de\/"},{"@type":"ListItem","position":2,"name":"Shop","item":"https:\/\/pool-house.shop\/de\/shop\/"},{"@type":"ListItem","position":3,"name":"Aquacorrect Chlortabletten 200 g 90% 1 kg"}]},{"@type":"WebSite","@id":"https:\/\/pool-house.shop\/de\/#website","url":"https:\/\/pool-house.shop\/de\/","name":"Pool-House","description":"","publisher":{"@id":"https:\/\/pool-house.shop\/de\/#organization"},"potentialAction":[{"@type":"SearchAction","target":{"@type":"EntryPoint","urlTemplate":"https:\/\/pool-house.shop\/de\/?s={search_term_string}"},"query-input":{"@type":"PropertyValueSpecification","valueRequired":true,"valueName":"search_term_string"}}],"inLanguage":"de"},{"@type":"Organization","@id":"https:\/\/pool-house.shop\/de\/#organization","name":"Pool-House","url":"https:\/\/pool-house.shop\/de\/","logo":{"@type":"ImageObject","inLanguage":"de","@id":"https:\/\/pool-house.shop\/de\/#\/schema\/logo\/image\/","url":"https:\/\/pool-house.shop\/wp-content\/uploads\/2025\/10\/logo-2-stvorec-mobil-modre.png","contentUrl":"https:\/\/pool-house.shop\/wp-content\/uploads\/2025\/10\/logo-2-stvorec-mobil-modre.png","width":273,"height":189,"caption":"Pool-House"},"image":{"@id":"https:\/\/pool-house.shop\/de\/#\/schema\/logo\/image\/"},"sameAs":["https:\/\/www.facebook.com\/termodomsk\/"]}]}},"_links":{"self":[{"href":"https:\/\/pool-house.shop\/de\/wp-json\/wp\/v2\/product\/9881","targetHints":{"allow":["GET"]}}],"collection":[{"href":"https:\/\/pool-house.shop\/de\/wp-json\/wp\/v2\/product"}],"about":[{"href":"https:\/\/pool-house.shop\/de\/wp-json\/wp\/v2\/types\/product"}],"wp:featuredmedia":[{"embeddable":true,"href":"https:\/\/pool-house.shop\/de\/wp-json\/wp\/v2\/media\/9878"}],"wp:attachment":[{"href":"https:\/\/pool-house.shop\/de\/wp-json\/wp\/v2\/media?parent=9881"}],"wp:term":[{"taxonomy":"product_brand","embeddable":true,"href":"https:\/\/pool-house.shop\/de\/wp-json\/wp\/v2\/product_brand?post=9881"},{"taxonomy":"product_cat","embeddable":true,"href":"https:\/\/pool-house.shop\/de\/wp-json\/wp\/v2\/product_cat?post=9881"},{"taxonomy":"product_tag","embeddable":true,"href":"https:\/\/pool-house.shop\/de\/wp-json\/wp\/v2\/product_tag?post=9881"}],"curies":[{"name":"wp","href":"https:\/\/api.w.org\/{rel}","templated":true}]}}