{"id":9882,"date":"2025-04-08T12:22:55","date_gmt":"2025-04-08T10:22:55","guid":{"rendered":"https:\/\/pool-house.shop\/product\/chlorstabilisator-aquacorrect-1-kg\/"},"modified":"2025-04-08T12:22:55","modified_gmt":"2025-04-08T10:22:55","slug":"chlorstabilisator-aquacorrect-1-kg","status":"publish","type":"product","link":"https:\/\/pool-house.shop\/de\/product\/chlorstabilisator-aquacorrect-1-kg\/","title":{"rendered":"Chlorstabilisator Aquacorrect 1 kg"},"content":{"rendered":"<p>Chlorstabilisator Aquacorrect<\/p>\n<p> Chlorstabilisierendes Granulat, ein Wasserpflegemittel f\u00fcr Schwimmb\u00e4der, das hilft, freies Chlor im Wasser in einer 1 kg Packung zu binden, f\u00fcr einen konstanten und optimalen Chlorgehalt im Pool.<br \/>\n Durch Sonneneinstrahlung und hohe Wassertemperaturen zersetzt sich Chlor schnell. Das Chlorstabilisierungsgranulat verlangsamt diesen Prozess und beseitigt unangenehmen Chlorgeruch, all dies mit hoher Effizienz und geringer Dosierung.<\/p>\n<p> Anwendung<br \/>\n Wasserpflegemittel. Durch Sonneneinstrahlung und h\u00f6here Wassertemperaturen kann der Verlust von ungenutztem Chlor im Wasser sehr hoch sein.<br \/>\n \u201eChlorstabilisator\u201c verlangsamt die Aufl\u00f6sung von Chlor, sodass Chlorverluste erheblich reduziert werden. Gleichzeitig wird auch der unangenehme Chlorgeruch reduziert. \u201eChlorstabilisator\u201c beeinflusst die aktiven Bestandteile nicht und kann unbegrenzt gelagert werden.<br \/>\n \u201eChlorstabilisator\u201c verbraucht sich nicht, was bedeutet, dass nur frisches Wasser nachgef\u00fcllt werden muss. Er wird nur f\u00fcr private Schwimmb\u00e4der empfohlen.<\/p>\n<p> Dosierung<br \/>\n Bevor Sie das Chlorstabilisator-Granulat hinzuf\u00fcgen, stellen Sie den pH-Wert auf den optimalen Bereich von 7,0 &#8211; 7,4 ein.<br \/>\n F\u00fcr die Initialdosierung geben Sie 200 g (ca. 300 ml)\/10 m\u00b3 oder so ins Wasser. Danach, immer wenn Sie frisches Wasser in den Pool geben, f\u00fcgen Sie eine Menge Chlorstabilisator hinzu, die 20 g (ca. 30 ml)\/m\u00b3 Frischwasser entspricht. <\/p>\n","protected":false},"excerpt":{"rendered":"<p>Chlorstabilisator Aquacorrect<\/p>\n<p> Chlorstabilisierendes Granulat, ein Wasserpflegemittel f\u00fcr Schwimmb\u00e4der, das hilft, freies Chlor im Wasser in einer 1 kg Packung zu binden, f\u00fcr einen konstanten und optimalen Chlorgehalt im Pool.<br \/>\n Durch Sonneneinstrahlung und hohe Wassertemperaturen zersetzt sich Chlor schnell. Das Chlorstabilisierungsgranulat verlangsamt diesen Prozess und beseitigt unangenehmen Chlorgeruch, all dies mit hoher Effizienz und geringer Dosierung.<\/p>\n<p> Anwendung<br \/>\n Wasserpflegemittel. Durch Sonneneinstrahlung und h\u00f6here Wassertemperaturen kann der Verlust von ungenutztem Chlor im Wasser sehr hoch sein.<br \/>\n \u201eChlorstabilisator\u201c verlangsamt die Aufl\u00f6sung von Chlor, sodass Chlorverluste erheblich reduziert werden. Gleichzeitig wird auch der unangenehme Chlorgeruch reduziert. \u201eChlorstabilisator\u201c beeinflusst die aktiven Bestandteile nicht und kann unbegrenzt gelagert werden.<br \/>\n \u201eChlorstabilisator\u201c verbraucht sich nicht, was bedeutet, dass nur frisches Wasser nachgef\u00fcllt werden muss. Er wird nur f\u00fcr private Schwimmb\u00e4der empfohlen.<\/p>\n<p> Dosierung<br \/>\n Bevor Sie das Chlorstabilisator-Granulat hinzuf\u00fcgen, stellen Sie den pH-Wert auf den optimalen Bereich von 7,0 &#8211; 7,4 ein.<br \/>\n F\u00fcr die Initialdosierung geben Sie 200 g (ca. 300 ml)\/10 m\u00b3 oder so ins Wasser. Danach, immer wenn Sie frisches Wasser in den Pool geben, f\u00fcgen Sie eine Menge Chlorstabilisator hinzu, die 20 g (ca. 30 ml)\/m\u00b3 Frischwasser entspricht. <\/p>\n","protected":false},"featured_media":9880,"template":"","meta":[],"product_brand":[],"product_cat":[325,271],"product_tag":[],"class_list":{"0":"post-9882","1":"product","2":"type-product","3":"status-publish","4":"has-post-thumbnail","6":"product_cat-chlor-desinfektion","7":"product_cat-poolchemie","8":"thunk-woo-product-list","9":"open-woo-hover-none","10":"open-single-product-tab-horizontal","11":"open-shadow-","12":"open-shadow-hover-","14":"first","15":"instock","16":"taxable","17":"shipping-taxable","18":"purchasable","19":"product-type-simple"},"yoast_head":"<!-- This site is optimized with the Yoast SEO plugin v26.9 - https:\/\/yoast.com\/product\/yoast-seo-wordpress\/ -->\n<title>Chlorstabilisator Aquacorrect 1 kg - Pool-House<\/title>\n<meta name=\"robots\" content=\"index, follow, max-snippet:-1, max-image-preview:large, max-video-preview:-1\" \/>\n<link rel=\"canonical\" href=\"https:\/\/pool-house.shop\/de\/product\/chlorstabilisator-aquacorrect-1-kg\/\" \/>\n<meta property=\"og:locale\" content=\"de_DE\" \/>\n<meta property=\"og:type\" content=\"article\" \/>\n<meta property=\"og:title\" content=\"Chlorstabilisator Aquacorrect 1 kg - Pool-House\" \/>\n<meta property=\"og:description\" content=\"Chlorstabilisator Aquacorrect  Chlorstabilisierendes Granulat, ein Wasserpflegemittel f\u00fcr Schwimmb\u00e4der, das hilft, freies Chlor im Wasser in einer 1 kg Packung zu binden, f\u00fcr einen konstanten und optimalen Chlorgehalt im Pool. Durch Sonneneinstrahlung und hohe Wassertemperaturen zersetzt sich Chlor schnell. Das Chlorstabilisierungsgranulat verlangsamt diesen Prozess und beseitigt unangenehmen Chlorgeruch, all dies mit hoher Effizienz und geringer Dosierung.  Anwendung Wasserpflegemittel. Durch Sonneneinstrahlung und h\u00f6here Wassertemperaturen kann der Verlust von ungenutztem Chlor im Wasser sehr hoch sein.  \u201eChlorstabilisator\u201c verlangsamt die Aufl\u00f6sung von Chlor, sodass Chlorverluste erheblich reduziert werden. Gleichzeitig wird auch der unangenehme Chlorgeruch reduziert. \u201eChlorstabilisator\u201c beeinflusst die aktiven Bestandteile nicht und kann unbegrenzt gelagert werden.   \u201eChlorstabilisator\u201c verbraucht sich nicht, was bedeutet, dass nur frisches Wasser nachgef\u00fcllt werden muss. Er wird nur f\u00fcr private Schwimmb\u00e4der empfohlen.  Dosierung Bevor Sie das Chlorstabilisator-Granulat hinzuf\u00fcgen, stellen Sie den pH-Wert auf den optimalen Bereich von 7,0 - 7,4 ein. F\u00fcr die Initialdosierung geben Sie 200 g (ca. 300 ml)\/10 m\u00b3 oder so ins Wasser. Danach, immer wenn Sie frisches Wasser in den Pool geben, f\u00fcgen Sie eine Menge Chlorstabilisator hinzu, die 20 g (ca. 30 ml)\/m\u00b3 Frischwasser entspricht.\" \/>\n<meta property=\"og:url\" content=\"https:\/\/pool-house.shop\/de\/product\/chlorstabilisator-aquacorrect-1-kg\/\" \/>\n<meta property=\"og:site_name\" content=\"Pool-House\" \/>\n<meta property=\"article:publisher\" content=\"https:\/\/www.facebook.com\/termodomsk\/\" \/>\n<meta property=\"og:image\" content=\"https:\/\/pool-house.shop\/wp-content\/uploads\/2025\/04\/150021.png\" \/>\n\t<meta property=\"og:image:width\" content=\"1600\" \/>\n\t<meta property=\"og:image:height\" content=\"1600\" \/>\n\t<meta property=\"og:image:type\" content=\"image\/png\" \/>\n<meta name=\"twitter:card\" content=\"summary_large_image\" \/>\n<meta name=\"twitter:label1\" content=\"Gesch\u00e4tzte Lesezeit\" \/>\n\t<meta name=\"twitter:data1\" content=\"1\u00a0Minute\" \/>\n<script type=\"application\/ld+json\" class=\"yoast-schema-graph\">{\"@context\":\"https:\/\/schema.org\",\"@graph\":[{\"@type\":\"WebPage\",\"@id\":\"https:\/\/pool-house.shop\/de\/product\/chlorstabilisator-aquacorrect-1-kg\/\",\"url\":\"https:\/\/pool-house.shop\/de\/product\/chlorstabilisator-aquacorrect-1-kg\/\",\"name\":\"Chlorstabilisator Aquacorrect 1 kg - Pool-House\",\"isPartOf\":{\"@id\":\"https:\/\/pool-house.shop\/de\/#website\"},\"primaryImageOfPage\":{\"@id\":\"https:\/\/pool-house.shop\/de\/product\/chlorstabilisator-aquacorrect-1-kg\/#primaryimage\"},\"image\":{\"@id\":\"https:\/\/pool-house.shop\/de\/product\/chlorstabilisator-aquacorrect-1-kg\/#primaryimage\"},\"thumbnailUrl\":\"https:\/\/pool-house.shop\/wp-content\/uploads\/2025\/04\/150021.png\",\"datePublished\":\"2025-04-08T10:22:55+00:00\",\"breadcrumb\":{\"@id\":\"https:\/\/pool-house.shop\/de\/product\/chlorstabilisator-aquacorrect-1-kg\/#breadcrumb\"},\"inLanguage\":\"de\",\"potentialAction\":[{\"@type\":\"ReadAction\",\"target\":[\"https:\/\/pool-house.shop\/de\/product\/chlorstabilisator-aquacorrect-1-kg\/\"]}]},{\"@type\":\"ImageObject\",\"inLanguage\":\"de\",\"@id\":\"https:\/\/pool-house.shop\/de\/product\/chlorstabilisator-aquacorrect-1-kg\/#primaryimage\",\"url\":\"https:\/\/pool-house.shop\/wp-content\/uploads\/2025\/04\/150021.png\",\"contentUrl\":\"https:\/\/pool-house.shop\/wp-content\/uploads\/2025\/04\/150021.png\",\"width\":1600,\"height\":1600},{\"@type\":\"BreadcrumbList\",\"@id\":\"https:\/\/pool-house.shop\/de\/product\/chlorstabilisator-aquacorrect-1-kg\/#breadcrumb\",\"itemListElement\":[{\"@type\":\"ListItem\",\"position\":1,\"name\":\"Domovsk\u00e1 str\u00e1nka\",\"item\":\"https:\/\/pool-house.shop\/de\/\"},{\"@type\":\"ListItem\",\"position\":2,\"name\":\"Shop\",\"item\":\"https:\/\/pool-house.shop\/de\/shop\/\"},{\"@type\":\"ListItem\",\"position\":3,\"name\":\"Chlorstabilisator Aquacorrect 1 kg\"}]},{\"@type\":\"WebSite\",\"@id\":\"https:\/\/pool-house.shop\/de\/#website\",\"url\":\"https:\/\/pool-house.shop\/de\/\",\"name\":\"Pool-House\",\"description\":\"\",\"publisher\":{\"@id\":\"https:\/\/pool-house.shop\/de\/#organization\"},\"potentialAction\":[{\"@type\":\"SearchAction\",\"target\":{\"@type\":\"EntryPoint\",\"urlTemplate\":\"https:\/\/pool-house.shop\/de\/?s={search_term_string}\"},\"query-input\":{\"@type\":\"PropertyValueSpecification\",\"valueRequired\":true,\"valueName\":\"search_term_string\"}}],\"inLanguage\":\"de\"},{\"@type\":\"Organization\",\"@id\":\"https:\/\/pool-house.shop\/de\/#organization\",\"name\":\"Pool-House\",\"url\":\"https:\/\/pool-house.shop\/de\/\",\"logo\":{\"@type\":\"ImageObject\",\"inLanguage\":\"de\",\"@id\":\"https:\/\/pool-house.shop\/de\/#\/schema\/logo\/image\/\",\"url\":\"https:\/\/pool-house.shop\/wp-content\/uploads\/2025\/10\/logo-2-stvorec-mobil-modre.png\",\"contentUrl\":\"https:\/\/pool-house.shop\/wp-content\/uploads\/2025\/10\/logo-2-stvorec-mobil-modre.png\",\"width\":273,\"height\":189,\"caption\":\"Pool-House\"},\"image\":{\"@id\":\"https:\/\/pool-house.shop\/de\/#\/schema\/logo\/image\/\"},\"sameAs\":[\"https:\/\/www.facebook.com\/termodomsk\/\"]}]}<\/script>\n<!-- \/ Yoast SEO plugin. -->","yoast_head_json":{"title":"Chlorstabilisator Aquacorrect 1 kg - Pool-House","robots":{"index":"index","follow":"follow","max-snippet":"max-snippet:-1","max-image-preview":"max-image-preview:large","max-video-preview":"max-video-preview:-1"},"canonical":"https:\/\/pool-house.shop\/de\/product\/chlorstabilisator-aquacorrect-1-kg\/","og_locale":"de_DE","og_type":"article","og_title":"Chlorstabilisator Aquacorrect 1 kg - Pool-House","og_description":"Chlorstabilisator Aquacorrect  Chlorstabilisierendes Granulat, ein Wasserpflegemittel f\u00fcr Schwimmb\u00e4der, das hilft, freies Chlor im Wasser in einer 1 kg Packung zu binden, f\u00fcr einen konstanten und optimalen Chlorgehalt im Pool. Durch Sonneneinstrahlung und hohe Wassertemperaturen zersetzt sich Chlor schnell. Das Chlorstabilisierungsgranulat verlangsamt diesen Prozess und beseitigt unangenehmen Chlorgeruch, all dies mit hoher Effizienz und geringer Dosierung.  Anwendung Wasserpflegemittel. Durch Sonneneinstrahlung und h\u00f6here Wassertemperaturen kann der Verlust von ungenutztem Chlor im Wasser sehr hoch sein.  \u201eChlorstabilisator\u201c verlangsamt die Aufl\u00f6sung von Chlor, sodass Chlorverluste erheblich reduziert werden. Gleichzeitig wird auch der unangenehme Chlorgeruch reduziert. \u201eChlorstabilisator\u201c beeinflusst die aktiven Bestandteile nicht und kann unbegrenzt gelagert werden.   \u201eChlorstabilisator\u201c verbraucht sich nicht, was bedeutet, dass nur frisches Wasser nachgef\u00fcllt werden muss. Er wird nur f\u00fcr private Schwimmb\u00e4der empfohlen.  Dosierung Bevor Sie das Chlorstabilisator-Granulat hinzuf\u00fcgen, stellen Sie den pH-Wert auf den optimalen Bereich von 7,0 - 7,4 ein. F\u00fcr die Initialdosierung geben Sie 200 g (ca. 300 ml)\/10 m\u00b3 oder so ins Wasser. Danach, immer wenn Sie frisches Wasser in den Pool geben, f\u00fcgen Sie eine Menge Chlorstabilisator hinzu, die 20 g (ca. 30 ml)\/m\u00b3 Frischwasser entspricht.","og_url":"https:\/\/pool-house.shop\/de\/product\/chlorstabilisator-aquacorrect-1-kg\/","og_site_name":"Pool-House","article_publisher":"https:\/\/www.facebook.com\/termodomsk\/","og_image":[{"width":1600,"height":1600,"url":"https:\/\/pool-house.shop\/wp-content\/uploads\/2025\/04\/150021.png","type":"image\/png"}],"twitter_card":"summary_large_image","twitter_misc":{"Gesch\u00e4tzte Lesezeit":"1\u00a0Minute"},"schema":{"@context":"https:\/\/schema.org","@graph":[{"@type":"WebPage","@id":"https:\/\/pool-house.shop\/de\/product\/chlorstabilisator-aquacorrect-1-kg\/","url":"https:\/\/pool-house.shop\/de\/product\/chlorstabilisator-aquacorrect-1-kg\/","name":"Chlorstabilisator Aquacorrect 1 kg - Pool-House","isPartOf":{"@id":"https:\/\/pool-house.shop\/de\/#website"},"primaryImageOfPage":{"@id":"https:\/\/pool-house.shop\/de\/product\/chlorstabilisator-aquacorrect-1-kg\/#primaryimage"},"image":{"@id":"https:\/\/pool-house.shop\/de\/product\/chlorstabilisator-aquacorrect-1-kg\/#primaryimage"},"thumbnailUrl":"https:\/\/pool-house.shop\/wp-content\/uploads\/2025\/04\/150021.png","datePublished":"2025-04-08T10:22:55+00:00","breadcrumb":{"@id":"https:\/\/pool-house.shop\/de\/product\/chlorstabilisator-aquacorrect-1-kg\/#breadcrumb"},"inLanguage":"de","potentialAction":[{"@type":"ReadAction","target":["https:\/\/pool-house.shop\/de\/product\/chlorstabilisator-aquacorrect-1-kg\/"]}]},{"@type":"ImageObject","inLanguage":"de","@id":"https:\/\/pool-house.shop\/de\/product\/chlorstabilisator-aquacorrect-1-kg\/#primaryimage","url":"https:\/\/pool-house.shop\/wp-content\/uploads\/2025\/04\/150021.png","contentUrl":"https:\/\/pool-house.shop\/wp-content\/uploads\/2025\/04\/150021.png","width":1600,"height":1600},{"@type":"BreadcrumbList","@id":"https:\/\/pool-house.shop\/de\/product\/chlorstabilisator-aquacorrect-1-kg\/#breadcrumb","itemListElement":[{"@type":"ListItem","position":1,"name":"Domovsk\u00e1 str\u00e1nka","item":"https:\/\/pool-house.shop\/de\/"},{"@type":"ListItem","position":2,"name":"Shop","item":"https:\/\/pool-house.shop\/de\/shop\/"},{"@type":"ListItem","position":3,"name":"Chlorstabilisator Aquacorrect 1 kg"}]},{"@type":"WebSite","@id":"https:\/\/pool-house.shop\/de\/#website","url":"https:\/\/pool-house.shop\/de\/","name":"Pool-House","description":"","publisher":{"@id":"https:\/\/pool-house.shop\/de\/#organization"},"potentialAction":[{"@type":"SearchAction","target":{"@type":"EntryPoint","urlTemplate":"https:\/\/pool-house.shop\/de\/?s={search_term_string}"},"query-input":{"@type":"PropertyValueSpecification","valueRequired":true,"valueName":"search_term_string"}}],"inLanguage":"de"},{"@type":"Organization","@id":"https:\/\/pool-house.shop\/de\/#organization","name":"Pool-House","url":"https:\/\/pool-house.shop\/de\/","logo":{"@type":"ImageObject","inLanguage":"de","@id":"https:\/\/pool-house.shop\/de\/#\/schema\/logo\/image\/","url":"https:\/\/pool-house.shop\/wp-content\/uploads\/2025\/10\/logo-2-stvorec-mobil-modre.png","contentUrl":"https:\/\/pool-house.shop\/wp-content\/uploads\/2025\/10\/logo-2-stvorec-mobil-modre.png","width":273,"height":189,"caption":"Pool-House"},"image":{"@id":"https:\/\/pool-house.shop\/de\/#\/schema\/logo\/image\/"},"sameAs":["https:\/\/www.facebook.com\/termodomsk\/"]}]}},"_links":{"self":[{"href":"https:\/\/pool-house.shop\/de\/wp-json\/wp\/v2\/product\/9882","targetHints":{"allow":["GET"]}}],"collection":[{"href":"https:\/\/pool-house.shop\/de\/wp-json\/wp\/v2\/product"}],"about":[{"href":"https:\/\/pool-house.shop\/de\/wp-json\/wp\/v2\/types\/product"}],"wp:featuredmedia":[{"embeddable":true,"href":"https:\/\/pool-house.shop\/de\/wp-json\/wp\/v2\/media\/9880"}],"wp:attachment":[{"href":"https:\/\/pool-house.shop\/de\/wp-json\/wp\/v2\/media?parent=9882"}],"wp:term":[{"taxonomy":"product_brand","embeddable":true,"href":"https:\/\/pool-house.shop\/de\/wp-json\/wp\/v2\/product_brand?post=9882"},{"taxonomy":"product_cat","embeddable":true,"href":"https:\/\/pool-house.shop\/de\/wp-json\/wp\/v2\/product_cat?post=9882"},{"taxonomy":"product_tag","embeddable":true,"href":"https:\/\/pool-house.shop\/de\/wp-json\/wp\/v2\/product_tag?post=9882"}],"curies":[{"name":"wp","href":"https:\/\/api.w.org\/{rel}","templated":true}]}}