{"id":9886,"date":"2025-04-08T12:22:45","date_gmt":"2025-04-08T10:22:45","guid":{"rendered":"https:\/\/pool-house.shop\/product\/aquacorrect-chlorgranulat-56-1-kg\/"},"modified":"2025-04-08T12:22:45","modified_gmt":"2025-04-08T10:22:45","slug":"aquacorrect-chlorgranulat-56-1-kg","status":"publish","type":"product","link":"https:\/\/pool-house.shop\/de\/product\/aquacorrect-chlorgranulat-56-1-kg\/","title":{"rendered":"Aquacorrect Chlorgranulat 56% 1 kg"},"content":{"rendered":"<p>Schnelll\u00f6sliches Aquacorrect Chlorgranulat<\/p>\n<p> Schnelll\u00f6sliches 56%iges Chlorgranulat in 1 kg Packung, zur Desinfektion und Reinigung von Schwimmb\u00e4dern. Wasserpflegemittel zur Desinfektion und Algenvorbeugung, wirksam gegen Pilze, Viren und organische Verunreinigungen.<br \/>\n Empfohlen f\u00fcr private Schwimmb\u00e4der, zeichnet sich durch neutralen pH-Wert und r\u00fcckstandslose Aufl\u00f6sung aus.<br \/>\n Anwendung: f\u00fcr die normale und Schockchlorung, geeignet f\u00fcr alle Wasserh\u00e4rten.<\/p>\n<p> Chlor<br \/>\n Durch mechanische Reinigung des Beckens und des Filtersystems k\u00f6nnen Mikroorganismen nicht vollst\u00e4ndig entfernt werden. An hei\u00dfen Tagen bietet die hohe Temperatur ideale Bedingungen f\u00fcr das Wachstum von Mikroorganismen und Krankheitserregern. Diese dienen als Nahrung f\u00fcr Algen, die sich schnell vermehren und einen idealen N\u00e4hrboden f\u00fcr Bakterien, Viren und Pilze bilden.<br \/>\n Die Verwendung eines Chlordesinfektionsmittels ist daher \u00e4u\u00dferst wichtig, um das Wachstum von Mikroorganismen zu verhindern, die Wassertr\u00fcbung auszugleichen und das Badewasser sauber zu halten. <\/p>\n<p> Dosierung<br \/>\n Stellen Sie vor Zugabe des Chlorgranulats den pH-Wert auf den optimalen Bereich von 7,0 &#8211; 7,4 ein. Der optimale Chlorgehalt betr\u00e4gt 0,3-0,6 mg\/l f\u00fcr die Langzeitchlorung und max. 3 mg\/l im Falle einer Schockchlorung.<br \/>\n  F\u00fcr die Initialdosis geben Sie 100 g (ca. 100 ml)\/10 m\u00b3 hinzu, danach w\u00f6chentlich 50 g (ca. 50 ml)\/10 m\u00b3 der L\u00f6sung ins Beckenwasser. L\u00f6sen Sie das Chlorgranulat in Wasser auf und geben Sie es idealerweise \u00fcber den Skimmer in den Pool.<br \/>\n  Nach h\u00e4ufiger Nutzung, Gewittern oder hohen Temperaturen, bei tr\u00fcbem Wasser, geben Sie 200 g (ca. 200 ml)\/10 m\u00b3 Chemikalien ins Beckenwasser. Bei glitschigen Ablagerungen oder Algenwachstum (gr\u00fcne Spuren) wenden Sie Algizid gem\u00e4\u00df der empfohlenen Dosierung an. <\/p>\n","protected":false},"excerpt":{"rendered":"<p>Schnelll\u00f6sliches Aquacorrect Chlorgranulat<\/p>\n<p> Schnelll\u00f6sliches 56%iges Chlorgranulat in 1 kg Packung, zur Desinfektion und Reinigung von Schwimmb\u00e4dern. Wasserpflegemittel zur Desinfektion und Algenvorbeugung, wirksam gegen Pilze, Viren und organische Verunreinigungen.<br \/>\n Empfohlen f\u00fcr private Schwimmb\u00e4der, zeichnet sich durch neutralen pH-Wert und r\u00fcckstandslose Aufl\u00f6sung aus.<br \/>\n Anwendung: f\u00fcr die normale und Schockchlorung, geeignet f\u00fcr alle Wasserh\u00e4rten.<\/p>\n<p> Chlor<br \/>\n Durch mechanische Reinigung des Beckens und des Filtersystems k\u00f6nnen Mikroorganismen nicht vollst\u00e4ndig entfernt werden. An hei\u00dfen Tagen bietet die hohe Temperatur ideale Bedingungen f\u00fcr das Wachstum von Mikroorganismen und Krankheitserregern. Diese dienen als Nahrung f\u00fcr Algen, die sich schnell vermehren und einen idealen N\u00e4hrboden f\u00fcr Bakterien, Viren und Pilze bilden.<br \/>\n Die Verwendung eines Chlordesinfektionsmittels ist daher \u00e4u\u00dferst wichtig, um das Wachstum von Mikroorganismen zu verhindern, die Wassertr\u00fcbung auszugleichen und das Badewasser sauber zu halten. <\/p>\n<p> Dosierung<br \/>\n Stellen Sie vor Zugabe des Chlorgranulats den pH-Wert auf den optimalen Bereich von 7,0 &#8211; 7,4 ein. Der optimale Chlorgehalt betr\u00e4gt 0,3-0,6 mg\/l f\u00fcr die Langzeitchlorung und max. 3 mg\/l im Falle einer Schockchlorung.<br \/>\n  F\u00fcr die Initialdosis geben Sie 100 g (ca. 100 ml)\/10 m\u00b3 hinzu, danach w\u00f6chentlich 50 g (ca. 50 ml)\/10 m\u00b3 der L\u00f6sung ins Beckenwasser. L\u00f6sen Sie das Chlorgranulat in Wasser auf und geben Sie es idealerweise \u00fcber den Skimmer in den Pool.<br \/>\n  Nach h\u00e4ufiger Nutzung, Gewittern oder hohen Temperaturen, bei tr\u00fcbem Wasser, geben Sie 200 g (ca. 200 ml)\/10 m\u00b3 Chemikalien ins Beckenwasser. Bei glitschigen Ablagerungen oder Algenwachstum (gr\u00fcne Spuren) wenden Sie Algizid gem\u00e4\u00df der empfohlenen Dosierung an. <\/p>\n","protected":false},"featured_media":9884,"template":"","meta":[],"product_brand":[],"product_cat":[325,271],"product_tag":[],"class_list":{"0":"post-9886","1":"product","2":"type-product","3":"status-publish","4":"has-post-thumbnail","6":"product_cat-chlor-desinfektion","7":"product_cat-poolchemie","8":"thunk-woo-product-list","9":"open-woo-hover-none","10":"open-single-product-tab-horizontal","11":"open-shadow-","12":"open-shadow-hover-","14":"first","15":"instock","16":"taxable","17":"shipping-taxable","18":"purchasable","19":"product-type-simple"},"yoast_head":"<!-- This site is optimized with the Yoast SEO plugin v26.9 - https:\/\/yoast.com\/product\/yoast-seo-wordpress\/ -->\n<title>Aquacorrect Chlorgranulat 56% 1 kg - Pool-House<\/title>\n<meta name=\"robots\" content=\"index, follow, max-snippet:-1, max-image-preview:large, max-video-preview:-1\" \/>\n<link rel=\"canonical\" href=\"https:\/\/pool-house.shop\/de\/product\/aquacorrect-chlorgranulat-56-1-kg\/\" \/>\n<meta property=\"og:locale\" content=\"de_DE\" \/>\n<meta property=\"og:type\" content=\"article\" \/>\n<meta property=\"og:title\" content=\"Aquacorrect Chlorgranulat 56% 1 kg - Pool-House\" \/>\n<meta property=\"og:description\" content=\"Schnelll\u00f6sliches Aquacorrect Chlorgranulat  Schnelll\u00f6sliches 56%iges Chlorgranulat in 1 kg Packung, zur Desinfektion und Reinigung von Schwimmb\u00e4dern. Wasserpflegemittel zur Desinfektion und Algenvorbeugung, wirksam gegen Pilze, Viren und organische Verunreinigungen.  Empfohlen f\u00fcr private Schwimmb\u00e4der, zeichnet sich durch neutralen pH-Wert und r\u00fcckstandslose Aufl\u00f6sung aus.  Anwendung: f\u00fcr die normale und Schockchlorung, geeignet f\u00fcr alle Wasserh\u00e4rten.  Chlor Durch mechanische Reinigung des Beckens und des Filtersystems k\u00f6nnen Mikroorganismen nicht vollst\u00e4ndig entfernt werden. An hei\u00dfen Tagen bietet die hohe Temperatur ideale Bedingungen f\u00fcr das Wachstum von Mikroorganismen und Krankheitserregern. Diese dienen als Nahrung f\u00fcr Algen, die sich schnell vermehren und einen idealen N\u00e4hrboden f\u00fcr Bakterien, Viren und Pilze bilden.  Die Verwendung eines Chlordesinfektionsmittels ist daher \u00e4u\u00dferst wichtig, um das Wachstum von Mikroorganismen zu verhindern, die Wassertr\u00fcbung auszugleichen und das Badewasser sauber zu halten.   Dosierung Stellen Sie vor Zugabe des Chlorgranulats den pH-Wert auf den optimalen Bereich von 7,0 - 7,4 ein. Der optimale Chlorgehalt betr\u00e4gt 0,3-0,6 mg\/l f\u00fcr die Langzeitchlorung und max. 3 mg\/l im Falle einer Schockchlorung.     F\u00fcr die Initialdosis geben Sie 100 g (ca. 100 ml)\/10 m\u00b3 hinzu, danach w\u00f6chentlich 50 g (ca. 50 ml)\/10 m\u00b3 der L\u00f6sung ins Beckenwasser. L\u00f6sen Sie das Chlorgranulat in Wasser auf und geben Sie es idealerweise \u00fcber den Skimmer in den Pool.   Nach h\u00e4ufiger Nutzung, Gewittern oder hohen Temperaturen, bei tr\u00fcbem Wasser, geben Sie 200 g (ca. 200 ml)\/10 m\u00b3 Chemikalien ins Beckenwasser. Bei glitschigen Ablagerungen oder Algenwachstum (gr\u00fcne Spuren) wenden Sie Algizid gem\u00e4\u00df der empfohlenen Dosierung an.\" \/>\n<meta property=\"og:url\" content=\"https:\/\/pool-house.shop\/de\/product\/aquacorrect-chlorgranulat-56-1-kg\/\" \/>\n<meta property=\"og:site_name\" content=\"Pool-House\" \/>\n<meta property=\"article:publisher\" content=\"https:\/\/www.facebook.com\/termodomsk\/\" \/>\n<meta property=\"og:image\" content=\"https:\/\/pool-house.shop\/wp-content\/uploads\/2025\/04\/150011.png\" \/>\n\t<meta property=\"og:image:width\" content=\"1600\" \/>\n\t<meta property=\"og:image:height\" content=\"1600\" \/>\n\t<meta property=\"og:image:type\" content=\"image\/png\" \/>\n<meta name=\"twitter:card\" content=\"summary_large_image\" \/>\n<meta name=\"twitter:label1\" content=\"Gesch\u00e4tzte Lesezeit\" \/>\n\t<meta name=\"twitter:data1\" content=\"1\u00a0Minute\" \/>\n<script type=\"application\/ld+json\" class=\"yoast-schema-graph\">{\"@context\":\"https:\/\/schema.org\",\"@graph\":[{\"@type\":\"WebPage\",\"@id\":\"https:\/\/pool-house.shop\/de\/product\/aquacorrect-chlorgranulat-56-1-kg\/\",\"url\":\"https:\/\/pool-house.shop\/de\/product\/aquacorrect-chlorgranulat-56-1-kg\/\",\"name\":\"Aquacorrect Chlorgranulat 56% 1 kg - Pool-House\",\"isPartOf\":{\"@id\":\"https:\/\/pool-house.shop\/de\/#website\"},\"primaryImageOfPage\":{\"@id\":\"https:\/\/pool-house.shop\/de\/product\/aquacorrect-chlorgranulat-56-1-kg\/#primaryimage\"},\"image\":{\"@id\":\"https:\/\/pool-house.shop\/de\/product\/aquacorrect-chlorgranulat-56-1-kg\/#primaryimage\"},\"thumbnailUrl\":\"https:\/\/pool-house.shop\/wp-content\/uploads\/2025\/04\/150011.png\",\"datePublished\":\"2025-04-08T10:22:45+00:00\",\"breadcrumb\":{\"@id\":\"https:\/\/pool-house.shop\/de\/product\/aquacorrect-chlorgranulat-56-1-kg\/#breadcrumb\"},\"inLanguage\":\"de\",\"potentialAction\":[{\"@type\":\"ReadAction\",\"target\":[\"https:\/\/pool-house.shop\/de\/product\/aquacorrect-chlorgranulat-56-1-kg\/\"]}]},{\"@type\":\"ImageObject\",\"inLanguage\":\"de\",\"@id\":\"https:\/\/pool-house.shop\/de\/product\/aquacorrect-chlorgranulat-56-1-kg\/#primaryimage\",\"url\":\"https:\/\/pool-house.shop\/wp-content\/uploads\/2025\/04\/150011.png\",\"contentUrl\":\"https:\/\/pool-house.shop\/wp-content\/uploads\/2025\/04\/150011.png\",\"width\":1600,\"height\":1600},{\"@type\":\"BreadcrumbList\",\"@id\":\"https:\/\/pool-house.shop\/de\/product\/aquacorrect-chlorgranulat-56-1-kg\/#breadcrumb\",\"itemListElement\":[{\"@type\":\"ListItem\",\"position\":1,\"name\":\"Domovsk\u00e1 str\u00e1nka\",\"item\":\"https:\/\/pool-house.shop\/de\/\"},{\"@type\":\"ListItem\",\"position\":2,\"name\":\"Shop\",\"item\":\"https:\/\/pool-house.shop\/de\/shop\/\"},{\"@type\":\"ListItem\",\"position\":3,\"name\":\"Aquacorrect Chlorgranulat 56% 1 kg\"}]},{\"@type\":\"WebSite\",\"@id\":\"https:\/\/pool-house.shop\/de\/#website\",\"url\":\"https:\/\/pool-house.shop\/de\/\",\"name\":\"Pool-House\",\"description\":\"\",\"publisher\":{\"@id\":\"https:\/\/pool-house.shop\/de\/#organization\"},\"potentialAction\":[{\"@type\":\"SearchAction\",\"target\":{\"@type\":\"EntryPoint\",\"urlTemplate\":\"https:\/\/pool-house.shop\/de\/?s={search_term_string}\"},\"query-input\":{\"@type\":\"PropertyValueSpecification\",\"valueRequired\":true,\"valueName\":\"search_term_string\"}}],\"inLanguage\":\"de\"},{\"@type\":\"Organization\",\"@id\":\"https:\/\/pool-house.shop\/de\/#organization\",\"name\":\"Pool-House\",\"url\":\"https:\/\/pool-house.shop\/de\/\",\"logo\":{\"@type\":\"ImageObject\",\"inLanguage\":\"de\",\"@id\":\"https:\/\/pool-house.shop\/de\/#\/schema\/logo\/image\/\",\"url\":\"https:\/\/pool-house.shop\/wp-content\/uploads\/2025\/10\/logo-2-stvorec-mobil-modre.png\",\"contentUrl\":\"https:\/\/pool-house.shop\/wp-content\/uploads\/2025\/10\/logo-2-stvorec-mobil-modre.png\",\"width\":273,\"height\":189,\"caption\":\"Pool-House\"},\"image\":{\"@id\":\"https:\/\/pool-house.shop\/de\/#\/schema\/logo\/image\/\"},\"sameAs\":[\"https:\/\/www.facebook.com\/termodomsk\/\"]}]}<\/script>\n<!-- \/ Yoast SEO plugin. -->","yoast_head_json":{"title":"Aquacorrect Chlorgranulat 56% 1 kg - Pool-House","robots":{"index":"index","follow":"follow","max-snippet":"max-snippet:-1","max-image-preview":"max-image-preview:large","max-video-preview":"max-video-preview:-1"},"canonical":"https:\/\/pool-house.shop\/de\/product\/aquacorrect-chlorgranulat-56-1-kg\/","og_locale":"de_DE","og_type":"article","og_title":"Aquacorrect Chlorgranulat 56% 1 kg - Pool-House","og_description":"Schnelll\u00f6sliches Aquacorrect Chlorgranulat  Schnelll\u00f6sliches 56%iges Chlorgranulat in 1 kg Packung, zur Desinfektion und Reinigung von Schwimmb\u00e4dern. Wasserpflegemittel zur Desinfektion und Algenvorbeugung, wirksam gegen Pilze, Viren und organische Verunreinigungen.  Empfohlen f\u00fcr private Schwimmb\u00e4der, zeichnet sich durch neutralen pH-Wert und r\u00fcckstandslose Aufl\u00f6sung aus.  Anwendung: f\u00fcr die normale und Schockchlorung, geeignet f\u00fcr alle Wasserh\u00e4rten.  Chlor Durch mechanische Reinigung des Beckens und des Filtersystems k\u00f6nnen Mikroorganismen nicht vollst\u00e4ndig entfernt werden. An hei\u00dfen Tagen bietet die hohe Temperatur ideale Bedingungen f\u00fcr das Wachstum von Mikroorganismen und Krankheitserregern. Diese dienen als Nahrung f\u00fcr Algen, die sich schnell vermehren und einen idealen N\u00e4hrboden f\u00fcr Bakterien, Viren und Pilze bilden.  Die Verwendung eines Chlordesinfektionsmittels ist daher \u00e4u\u00dferst wichtig, um das Wachstum von Mikroorganismen zu verhindern, die Wassertr\u00fcbung auszugleichen und das Badewasser sauber zu halten.   Dosierung Stellen Sie vor Zugabe des Chlorgranulats den pH-Wert auf den optimalen Bereich von 7,0 - 7,4 ein. Der optimale Chlorgehalt betr\u00e4gt 0,3-0,6 mg\/l f\u00fcr die Langzeitchlorung und max. 3 mg\/l im Falle einer Schockchlorung.     F\u00fcr die Initialdosis geben Sie 100 g (ca. 100 ml)\/10 m\u00b3 hinzu, danach w\u00f6chentlich 50 g (ca. 50 ml)\/10 m\u00b3 der L\u00f6sung ins Beckenwasser. L\u00f6sen Sie das Chlorgranulat in Wasser auf und geben Sie es idealerweise \u00fcber den Skimmer in den Pool.   Nach h\u00e4ufiger Nutzung, Gewittern oder hohen Temperaturen, bei tr\u00fcbem Wasser, geben Sie 200 g (ca. 200 ml)\/10 m\u00b3 Chemikalien ins Beckenwasser. Bei glitschigen Ablagerungen oder Algenwachstum (gr\u00fcne Spuren) wenden Sie Algizid gem\u00e4\u00df der empfohlenen Dosierung an.","og_url":"https:\/\/pool-house.shop\/de\/product\/aquacorrect-chlorgranulat-56-1-kg\/","og_site_name":"Pool-House","article_publisher":"https:\/\/www.facebook.com\/termodomsk\/","og_image":[{"width":1600,"height":1600,"url":"https:\/\/pool-house.shop\/wp-content\/uploads\/2025\/04\/150011.png","type":"image\/png"}],"twitter_card":"summary_large_image","twitter_misc":{"Gesch\u00e4tzte Lesezeit":"1\u00a0Minute"},"schema":{"@context":"https:\/\/schema.org","@graph":[{"@type":"WebPage","@id":"https:\/\/pool-house.shop\/de\/product\/aquacorrect-chlorgranulat-56-1-kg\/","url":"https:\/\/pool-house.shop\/de\/product\/aquacorrect-chlorgranulat-56-1-kg\/","name":"Aquacorrect Chlorgranulat 56% 1 kg - Pool-House","isPartOf":{"@id":"https:\/\/pool-house.shop\/de\/#website"},"primaryImageOfPage":{"@id":"https:\/\/pool-house.shop\/de\/product\/aquacorrect-chlorgranulat-56-1-kg\/#primaryimage"},"image":{"@id":"https:\/\/pool-house.shop\/de\/product\/aquacorrect-chlorgranulat-56-1-kg\/#primaryimage"},"thumbnailUrl":"https:\/\/pool-house.shop\/wp-content\/uploads\/2025\/04\/150011.png","datePublished":"2025-04-08T10:22:45+00:00","breadcrumb":{"@id":"https:\/\/pool-house.shop\/de\/product\/aquacorrect-chlorgranulat-56-1-kg\/#breadcrumb"},"inLanguage":"de","potentialAction":[{"@type":"ReadAction","target":["https:\/\/pool-house.shop\/de\/product\/aquacorrect-chlorgranulat-56-1-kg\/"]}]},{"@type":"ImageObject","inLanguage":"de","@id":"https:\/\/pool-house.shop\/de\/product\/aquacorrect-chlorgranulat-56-1-kg\/#primaryimage","url":"https:\/\/pool-house.shop\/wp-content\/uploads\/2025\/04\/150011.png","contentUrl":"https:\/\/pool-house.shop\/wp-content\/uploads\/2025\/04\/150011.png","width":1600,"height":1600},{"@type":"BreadcrumbList","@id":"https:\/\/pool-house.shop\/de\/product\/aquacorrect-chlorgranulat-56-1-kg\/#breadcrumb","itemListElement":[{"@type":"ListItem","position":1,"name":"Domovsk\u00e1 str\u00e1nka","item":"https:\/\/pool-house.shop\/de\/"},{"@type":"ListItem","position":2,"name":"Shop","item":"https:\/\/pool-house.shop\/de\/shop\/"},{"@type":"ListItem","position":3,"name":"Aquacorrect Chlorgranulat 56% 1 kg"}]},{"@type":"WebSite","@id":"https:\/\/pool-house.shop\/de\/#website","url":"https:\/\/pool-house.shop\/de\/","name":"Pool-House","description":"","publisher":{"@id":"https:\/\/pool-house.shop\/de\/#organization"},"potentialAction":[{"@type":"SearchAction","target":{"@type":"EntryPoint","urlTemplate":"https:\/\/pool-house.shop\/de\/?s={search_term_string}"},"query-input":{"@type":"PropertyValueSpecification","valueRequired":true,"valueName":"search_term_string"}}],"inLanguage":"de"},{"@type":"Organization","@id":"https:\/\/pool-house.shop\/de\/#organization","name":"Pool-House","url":"https:\/\/pool-house.shop\/de\/","logo":{"@type":"ImageObject","inLanguage":"de","@id":"https:\/\/pool-house.shop\/de\/#\/schema\/logo\/image\/","url":"https:\/\/pool-house.shop\/wp-content\/uploads\/2025\/10\/logo-2-stvorec-mobil-modre.png","contentUrl":"https:\/\/pool-house.shop\/wp-content\/uploads\/2025\/10\/logo-2-stvorec-mobil-modre.png","width":273,"height":189,"caption":"Pool-House"},"image":{"@id":"https:\/\/pool-house.shop\/de\/#\/schema\/logo\/image\/"},"sameAs":["https:\/\/www.facebook.com\/termodomsk\/"]}]}},"_links":{"self":[{"href":"https:\/\/pool-house.shop\/de\/wp-json\/wp\/v2\/product\/9886","targetHints":{"allow":["GET"]}}],"collection":[{"href":"https:\/\/pool-house.shop\/de\/wp-json\/wp\/v2\/product"}],"about":[{"href":"https:\/\/pool-house.shop\/de\/wp-json\/wp\/v2\/types\/product"}],"wp:featuredmedia":[{"embeddable":true,"href":"https:\/\/pool-house.shop\/de\/wp-json\/wp\/v2\/media\/9884"}],"wp:attachment":[{"href":"https:\/\/pool-house.shop\/de\/wp-json\/wp\/v2\/media?parent=9886"}],"wp:term":[{"taxonomy":"product_brand","embeddable":true,"href":"https:\/\/pool-house.shop\/de\/wp-json\/wp\/v2\/product_brand?post=9886"},{"taxonomy":"product_cat","embeddable":true,"href":"https:\/\/pool-house.shop\/de\/wp-json\/wp\/v2\/product_cat?post=9886"},{"taxonomy":"product_tag","embeddable":true,"href":"https:\/\/pool-house.shop\/de\/wp-json\/wp\/v2\/product_tag?post=9886"}],"curies":[{"name":"wp","href":"https:\/\/api.w.org\/{rel}","templated":true}]}}