{"id":9890,"date":"2025-04-08T12:22:38","date_gmt":"2025-04-08T10:22:38","guid":{"rendered":"https:\/\/pool-house.shop\/product\/aquacorrect-algizid-konzentrat-1-l\/"},"modified":"2025-04-08T12:22:38","modified_gmt":"2025-04-08T10:22:38","slug":"aquacorrect-algizid-konzentrat-1-l","status":"publish","type":"product","link":"https:\/\/pool-house.shop\/de\/product\/aquacorrect-algizid-konzentrat-1-l\/","title":{"rendered":"Aquacorrect Algizid Konzentrat 1 l"},"content":{"rendered":"<p>Aquacorrect Algizid &#8211; Fl\u00fcssiges Algizid<\/p>\n<p> Schaumfreies fl\u00fcssiges Algizid-Konzentrat in 1L-Verpackung. Langzeitwirksames und effektives, hochkonzentriertes, schaumfreies und fl\u00fcssiges Algizid. Verhindert Algenwachstum, hilft Tr\u00fcbungen zu entfernen und reinigt das Poolwasser.<br \/>\n Quart\u00e4re Ammonium-Wirkstoffe, ausschlie\u00dflich f\u00fcr private Pools.<\/p>\n<p> Algenvernichter<br \/>\n Wasserpflegemittel zur Verhinderung von Algenwachstum. Konzentriertes und schaumfreies Algenschutzmittel mit Reinigungswirkung und Langzeitwirkung.<br \/>\n Verhindert Algenwachstum im Pool, hilft Tr\u00fcbungen zu entfernen und reinigt das Poolwasser.<\/p>\n<p> Dosierung<br \/>\n Vor Zugabe des Algizids den pH-Wert auf den optimalen Bereich von 7,0 &#8211; 7,4 einstellen.<br \/>\n Geben Sie f\u00fcr die Initialdosierung 50-100 ml\/10 m\u00b3 des Mittels ins Poolwasser, danach 20 ml\/10 m\u00b3 f\u00fcr Innenbecken und 40 ml\/10 m\u00b3 f\u00fcr Au\u00dfenbecken ins Poolwasser in der N\u00e4he der Einlaufd\u00fcsen.<br \/>\n Bei starkem Algenwachstum (gr\u00fcne Spuren) k\u00f6nnen nach einer Schockchlorung bis zu 600 ml\/10 m\u00b3 dem Poolwasser zugegeben werden. Um Algenwachstum vorzubeugen, kann die Poolwand vor dem Bef\u00fcllen des Pools mit einem unverd\u00fcnnten Schwamm behandelt werden.<\/p>\n<p> Wichtige Informationen<br \/>\n Das Produkt darf nur f\u00fcr die in der Beschreibung angegebenen Zwecke verwendet werden. Die Wirkung tritt sofort nach der Anwendung ein. Alle Dosierungsanweisungen basieren auf Erfahrungswerten und sind nicht verbindlich.<br \/>\n An einem k\u00fchlen, trockenen, gut bel\u00fcfteten und lichtgesch\u00fctzten Ort lagern.<\/p>\n","protected":false},"excerpt":{"rendered":"<p>Aquacorrect Algizid &#8211; Fl\u00fcssiges Algizid<\/p>\n<p> Schaumfreies fl\u00fcssiges Algizid-Konzentrat in 1L-Verpackung. Langzeitwirksames und effektives, hochkonzentriertes, schaumfreies und fl\u00fcssiges Algizid. Verhindert Algenwachstum, hilft Tr\u00fcbungen zu entfernen und reinigt das Poolwasser.<br \/>\n Quart\u00e4re Ammonium-Wirkstoffe, ausschlie\u00dflich f\u00fcr private Pools.<\/p>\n<p> Algenvernichter<br \/>\n Wasserpflegemittel zur Verhinderung von Algenwachstum. Konzentriertes und schaumfreies Algenschutzmittel mit Reinigungswirkung und Langzeitwirkung.<br \/>\n Verhindert Algenwachstum im Pool, hilft Tr\u00fcbungen zu entfernen und reinigt das Poolwasser.<\/p>\n<p> Dosierung<br \/>\n Vor Zugabe des Algizids den pH-Wert auf den optimalen Bereich von 7,0 &#8211; 7,4 einstellen.<br \/>\n Geben Sie f\u00fcr die Initialdosierung 50-100 ml\/10 m\u00b3 des Mittels ins Poolwasser, danach 20 ml\/10 m\u00b3 f\u00fcr Innenbecken und 40 ml\/10 m\u00b3 f\u00fcr Au\u00dfenbecken ins Poolwasser in der N\u00e4he der Einlaufd\u00fcsen.<br \/>\n Bei starkem Algenwachstum (gr\u00fcne Spuren) k\u00f6nnen nach einer Schockchlorung bis zu 600 ml\/10 m\u00b3 dem Poolwasser zugegeben werden. Um Algenwachstum vorzubeugen, kann die Poolwand vor dem Bef\u00fcllen des Pools mit einem unverd\u00fcnnten Schwamm behandelt werden.<\/p>\n<p> Wichtige Informationen<br \/>\n Das Produkt darf nur f\u00fcr die in der Beschreibung angegebenen Zwecke verwendet werden. Die Wirkung tritt sofort nach der Anwendung ein. Alle Dosierungsanweisungen basieren auf Erfahrungswerten und sind nicht verbindlich.<br \/>\n An einem k\u00fchlen, trockenen, gut bel\u00fcfteten und lichtgesch\u00fctzten Ort lagern.<\/p>\n","protected":false},"featured_media":9888,"template":"","meta":[],"product_brand":[],"product_cat":[331,271],"product_tag":[],"class_list":{"0":"post-9890","1":"product","2":"type-product","3":"status-publish","4":"has-post-thumbnail","6":"product_cat-algenbekaempfung","7":"product_cat-poolchemie","8":"thunk-woo-product-list","9":"open-woo-hover-none","10":"open-single-product-tab-horizontal","11":"open-shadow-","12":"open-shadow-hover-","14":"first","15":"instock","16":"taxable","17":"shipping-taxable","18":"purchasable","19":"product-type-simple"},"yoast_head":"<!-- This site is optimized with the Yoast SEO plugin v26.9 - https:\/\/yoast.com\/product\/yoast-seo-wordpress\/ -->\n<title>Aquacorrect Algizid Konzentrat 1 l - Pool-House<\/title>\n<meta name=\"robots\" content=\"index, follow, max-snippet:-1, max-image-preview:large, max-video-preview:-1\" \/>\n<link rel=\"canonical\" href=\"https:\/\/pool-house.shop\/de\/product\/aquacorrect-algizid-konzentrat-1-l\/\" \/>\n<meta property=\"og:locale\" content=\"de_DE\" \/>\n<meta property=\"og:type\" content=\"article\" \/>\n<meta property=\"og:title\" content=\"Aquacorrect Algizid Konzentrat 1 l - Pool-House\" \/>\n<meta property=\"og:description\" content=\"Aquacorrect Algizid - Fl\u00fcssiges Algizid  Schaumfreies fl\u00fcssiges Algizid-Konzentrat in 1L-Verpackung. Langzeitwirksames und effektives, hochkonzentriertes, schaumfreies und fl\u00fcssiges Algizid. Verhindert Algenwachstum, hilft Tr\u00fcbungen zu entfernen und reinigt das Poolwasser.  Quart\u00e4re Ammonium-Wirkstoffe, ausschlie\u00dflich f\u00fcr private Pools.  Algenvernichter Wasserpflegemittel zur Verhinderung von Algenwachstum. Konzentriertes und schaumfreies Algenschutzmittel mit Reinigungswirkung und Langzeitwirkung.  Verhindert Algenwachstum im Pool, hilft Tr\u00fcbungen zu entfernen und reinigt das Poolwasser.  Dosierung Vor Zugabe des Algizids den pH-Wert auf den optimalen Bereich von 7,0 - 7,4 einstellen.  Geben Sie f\u00fcr die Initialdosierung 50-100 ml\/10 m\u00b3 des Mittels ins Poolwasser, danach 20 ml\/10 m\u00b3 f\u00fcr Innenbecken und 40 ml\/10 m\u00b3 f\u00fcr Au\u00dfenbecken ins Poolwasser in der N\u00e4he der Einlaufd\u00fcsen.  Bei starkem Algenwachstum (gr\u00fcne Spuren) k\u00f6nnen nach einer Schockchlorung bis zu 600 ml\/10 m\u00b3 dem Poolwasser zugegeben werden. Um Algenwachstum vorzubeugen, kann die Poolwand vor dem Bef\u00fcllen des Pools mit einem unverd\u00fcnnten Schwamm behandelt werden.  Wichtige Informationen Das Produkt darf nur f\u00fcr die in der Beschreibung angegebenen Zwecke verwendet werden. Die Wirkung tritt sofort nach der Anwendung ein. Alle Dosierungsanweisungen basieren auf Erfahrungswerten und sind nicht verbindlich.     An einem k\u00fchlen, trockenen, gut bel\u00fcfteten und lichtgesch\u00fctzten Ort lagern.\" \/>\n<meta property=\"og:url\" content=\"https:\/\/pool-house.shop\/de\/product\/aquacorrect-algizid-konzentrat-1-l\/\" \/>\n<meta property=\"og:site_name\" content=\"Pool-House\" \/>\n<meta property=\"article:publisher\" content=\"https:\/\/www.facebook.com\/termodomsk\/\" \/>\n<meta property=\"og:image\" content=\"https:\/\/pool-house.shop\/wp-content\/uploads\/2025\/04\/150001.png\" \/>\n\t<meta property=\"og:image:width\" content=\"1600\" \/>\n\t<meta property=\"og:image:height\" content=\"1600\" \/>\n\t<meta property=\"og:image:type\" content=\"image\/png\" \/>\n<meta name=\"twitter:card\" content=\"summary_large_image\" \/>\n<meta name=\"twitter:label1\" content=\"Gesch\u00e4tzte Lesezeit\" \/>\n\t<meta name=\"twitter:data1\" content=\"1\u00a0Minute\" \/>\n<script type=\"application\/ld+json\" class=\"yoast-schema-graph\">{\"@context\":\"https:\/\/schema.org\",\"@graph\":[{\"@type\":\"WebPage\",\"@id\":\"https:\/\/pool-house.shop\/de\/product\/aquacorrect-algizid-konzentrat-1-l\/\",\"url\":\"https:\/\/pool-house.shop\/de\/product\/aquacorrect-algizid-konzentrat-1-l\/\",\"name\":\"Aquacorrect Algizid Konzentrat 1 l - Pool-House\",\"isPartOf\":{\"@id\":\"https:\/\/pool-house.shop\/de\/#website\"},\"primaryImageOfPage\":{\"@id\":\"https:\/\/pool-house.shop\/de\/product\/aquacorrect-algizid-konzentrat-1-l\/#primaryimage\"},\"image\":{\"@id\":\"https:\/\/pool-house.shop\/de\/product\/aquacorrect-algizid-konzentrat-1-l\/#primaryimage\"},\"thumbnailUrl\":\"https:\/\/pool-house.shop\/wp-content\/uploads\/2025\/04\/150001.png\",\"datePublished\":\"2025-04-08T10:22:38+00:00\",\"breadcrumb\":{\"@id\":\"https:\/\/pool-house.shop\/de\/product\/aquacorrect-algizid-konzentrat-1-l\/#breadcrumb\"},\"inLanguage\":\"de\",\"potentialAction\":[{\"@type\":\"ReadAction\",\"target\":[\"https:\/\/pool-house.shop\/de\/product\/aquacorrect-algizid-konzentrat-1-l\/\"]}]},{\"@type\":\"ImageObject\",\"inLanguage\":\"de\",\"@id\":\"https:\/\/pool-house.shop\/de\/product\/aquacorrect-algizid-konzentrat-1-l\/#primaryimage\",\"url\":\"https:\/\/pool-house.shop\/wp-content\/uploads\/2025\/04\/150001.png\",\"contentUrl\":\"https:\/\/pool-house.shop\/wp-content\/uploads\/2025\/04\/150001.png\",\"width\":1600,\"height\":1600},{\"@type\":\"BreadcrumbList\",\"@id\":\"https:\/\/pool-house.shop\/de\/product\/aquacorrect-algizid-konzentrat-1-l\/#breadcrumb\",\"itemListElement\":[{\"@type\":\"ListItem\",\"position\":1,\"name\":\"Domovsk\u00e1 str\u00e1nka\",\"item\":\"https:\/\/pool-house.shop\/de\/\"},{\"@type\":\"ListItem\",\"position\":2,\"name\":\"Shop\",\"item\":\"https:\/\/pool-house.shop\/de\/shop\/\"},{\"@type\":\"ListItem\",\"position\":3,\"name\":\"Aquacorrect Algizid Konzentrat 1 l\"}]},{\"@type\":\"WebSite\",\"@id\":\"https:\/\/pool-house.shop\/de\/#website\",\"url\":\"https:\/\/pool-house.shop\/de\/\",\"name\":\"Pool-House\",\"description\":\"\",\"publisher\":{\"@id\":\"https:\/\/pool-house.shop\/de\/#organization\"},\"potentialAction\":[{\"@type\":\"SearchAction\",\"target\":{\"@type\":\"EntryPoint\",\"urlTemplate\":\"https:\/\/pool-house.shop\/de\/?s={search_term_string}\"},\"query-input\":{\"@type\":\"PropertyValueSpecification\",\"valueRequired\":true,\"valueName\":\"search_term_string\"}}],\"inLanguage\":\"de\"},{\"@type\":\"Organization\",\"@id\":\"https:\/\/pool-house.shop\/de\/#organization\",\"name\":\"Pool-House\",\"url\":\"https:\/\/pool-house.shop\/de\/\",\"logo\":{\"@type\":\"ImageObject\",\"inLanguage\":\"de\",\"@id\":\"https:\/\/pool-house.shop\/de\/#\/schema\/logo\/image\/\",\"url\":\"https:\/\/pool-house.shop\/wp-content\/uploads\/2025\/10\/logo-2-stvorec-mobil-modre.png\",\"contentUrl\":\"https:\/\/pool-house.shop\/wp-content\/uploads\/2025\/10\/logo-2-stvorec-mobil-modre.png\",\"width\":273,\"height\":189,\"caption\":\"Pool-House\"},\"image\":{\"@id\":\"https:\/\/pool-house.shop\/de\/#\/schema\/logo\/image\/\"},\"sameAs\":[\"https:\/\/www.facebook.com\/termodomsk\/\"]}]}<\/script>\n<!-- \/ Yoast SEO plugin. -->","yoast_head_json":{"title":"Aquacorrect Algizid Konzentrat 1 l - Pool-House","robots":{"index":"index","follow":"follow","max-snippet":"max-snippet:-1","max-image-preview":"max-image-preview:large","max-video-preview":"max-video-preview:-1"},"canonical":"https:\/\/pool-house.shop\/de\/product\/aquacorrect-algizid-konzentrat-1-l\/","og_locale":"de_DE","og_type":"article","og_title":"Aquacorrect Algizid Konzentrat 1 l - Pool-House","og_description":"Aquacorrect Algizid - Fl\u00fcssiges Algizid  Schaumfreies fl\u00fcssiges Algizid-Konzentrat in 1L-Verpackung. Langzeitwirksames und effektives, hochkonzentriertes, schaumfreies und fl\u00fcssiges Algizid. Verhindert Algenwachstum, hilft Tr\u00fcbungen zu entfernen und reinigt das Poolwasser.  Quart\u00e4re Ammonium-Wirkstoffe, ausschlie\u00dflich f\u00fcr private Pools.  Algenvernichter Wasserpflegemittel zur Verhinderung von Algenwachstum. Konzentriertes und schaumfreies Algenschutzmittel mit Reinigungswirkung und Langzeitwirkung.  Verhindert Algenwachstum im Pool, hilft Tr\u00fcbungen zu entfernen und reinigt das Poolwasser.  Dosierung Vor Zugabe des Algizids den pH-Wert auf den optimalen Bereich von 7,0 - 7,4 einstellen.  Geben Sie f\u00fcr die Initialdosierung 50-100 ml\/10 m\u00b3 des Mittels ins Poolwasser, danach 20 ml\/10 m\u00b3 f\u00fcr Innenbecken und 40 ml\/10 m\u00b3 f\u00fcr Au\u00dfenbecken ins Poolwasser in der N\u00e4he der Einlaufd\u00fcsen.  Bei starkem Algenwachstum (gr\u00fcne Spuren) k\u00f6nnen nach einer Schockchlorung bis zu 600 ml\/10 m\u00b3 dem Poolwasser zugegeben werden. Um Algenwachstum vorzubeugen, kann die Poolwand vor dem Bef\u00fcllen des Pools mit einem unverd\u00fcnnten Schwamm behandelt werden.  Wichtige Informationen Das Produkt darf nur f\u00fcr die in der Beschreibung angegebenen Zwecke verwendet werden. Die Wirkung tritt sofort nach der Anwendung ein. Alle Dosierungsanweisungen basieren auf Erfahrungswerten und sind nicht verbindlich.     An einem k\u00fchlen, trockenen, gut bel\u00fcfteten und lichtgesch\u00fctzten Ort lagern.","og_url":"https:\/\/pool-house.shop\/de\/product\/aquacorrect-algizid-konzentrat-1-l\/","og_site_name":"Pool-House","article_publisher":"https:\/\/www.facebook.com\/termodomsk\/","og_image":[{"width":1600,"height":1600,"url":"https:\/\/pool-house.shop\/wp-content\/uploads\/2025\/04\/150001.png","type":"image\/png"}],"twitter_card":"summary_large_image","twitter_misc":{"Gesch\u00e4tzte Lesezeit":"1\u00a0Minute"},"schema":{"@context":"https:\/\/schema.org","@graph":[{"@type":"WebPage","@id":"https:\/\/pool-house.shop\/de\/product\/aquacorrect-algizid-konzentrat-1-l\/","url":"https:\/\/pool-house.shop\/de\/product\/aquacorrect-algizid-konzentrat-1-l\/","name":"Aquacorrect Algizid Konzentrat 1 l - Pool-House","isPartOf":{"@id":"https:\/\/pool-house.shop\/de\/#website"},"primaryImageOfPage":{"@id":"https:\/\/pool-house.shop\/de\/product\/aquacorrect-algizid-konzentrat-1-l\/#primaryimage"},"image":{"@id":"https:\/\/pool-house.shop\/de\/product\/aquacorrect-algizid-konzentrat-1-l\/#primaryimage"},"thumbnailUrl":"https:\/\/pool-house.shop\/wp-content\/uploads\/2025\/04\/150001.png","datePublished":"2025-04-08T10:22:38+00:00","breadcrumb":{"@id":"https:\/\/pool-house.shop\/de\/product\/aquacorrect-algizid-konzentrat-1-l\/#breadcrumb"},"inLanguage":"de","potentialAction":[{"@type":"ReadAction","target":["https:\/\/pool-house.shop\/de\/product\/aquacorrect-algizid-konzentrat-1-l\/"]}]},{"@type":"ImageObject","inLanguage":"de","@id":"https:\/\/pool-house.shop\/de\/product\/aquacorrect-algizid-konzentrat-1-l\/#primaryimage","url":"https:\/\/pool-house.shop\/wp-content\/uploads\/2025\/04\/150001.png","contentUrl":"https:\/\/pool-house.shop\/wp-content\/uploads\/2025\/04\/150001.png","width":1600,"height":1600},{"@type":"BreadcrumbList","@id":"https:\/\/pool-house.shop\/de\/product\/aquacorrect-algizid-konzentrat-1-l\/#breadcrumb","itemListElement":[{"@type":"ListItem","position":1,"name":"Domovsk\u00e1 str\u00e1nka","item":"https:\/\/pool-house.shop\/de\/"},{"@type":"ListItem","position":2,"name":"Shop","item":"https:\/\/pool-house.shop\/de\/shop\/"},{"@type":"ListItem","position":3,"name":"Aquacorrect Algizid Konzentrat 1 l"}]},{"@type":"WebSite","@id":"https:\/\/pool-house.shop\/de\/#website","url":"https:\/\/pool-house.shop\/de\/","name":"Pool-House","description":"","publisher":{"@id":"https:\/\/pool-house.shop\/de\/#organization"},"potentialAction":[{"@type":"SearchAction","target":{"@type":"EntryPoint","urlTemplate":"https:\/\/pool-house.shop\/de\/?s={search_term_string}"},"query-input":{"@type":"PropertyValueSpecification","valueRequired":true,"valueName":"search_term_string"}}],"inLanguage":"de"},{"@type":"Organization","@id":"https:\/\/pool-house.shop\/de\/#organization","name":"Pool-House","url":"https:\/\/pool-house.shop\/de\/","logo":{"@type":"ImageObject","inLanguage":"de","@id":"https:\/\/pool-house.shop\/de\/#\/schema\/logo\/image\/","url":"https:\/\/pool-house.shop\/wp-content\/uploads\/2025\/10\/logo-2-stvorec-mobil-modre.png","contentUrl":"https:\/\/pool-house.shop\/wp-content\/uploads\/2025\/10\/logo-2-stvorec-mobil-modre.png","width":273,"height":189,"caption":"Pool-House"},"image":{"@id":"https:\/\/pool-house.shop\/de\/#\/schema\/logo\/image\/"},"sameAs":["https:\/\/www.facebook.com\/termodomsk\/"]}]}},"_links":{"self":[{"href":"https:\/\/pool-house.shop\/de\/wp-json\/wp\/v2\/product\/9890","targetHints":{"allow":["GET"]}}],"collection":[{"href":"https:\/\/pool-house.shop\/de\/wp-json\/wp\/v2\/product"}],"about":[{"href":"https:\/\/pool-house.shop\/de\/wp-json\/wp\/v2\/types\/product"}],"wp:featuredmedia":[{"embeddable":true,"href":"https:\/\/pool-house.shop\/de\/wp-json\/wp\/v2\/media\/9888"}],"wp:attachment":[{"href":"https:\/\/pool-house.shop\/de\/wp-json\/wp\/v2\/media?parent=9890"}],"wp:term":[{"taxonomy":"product_brand","embeddable":true,"href":"https:\/\/pool-house.shop\/de\/wp-json\/wp\/v2\/product_brand?post=9890"},{"taxonomy":"product_cat","embeddable":true,"href":"https:\/\/pool-house.shop\/de\/wp-json\/wp\/v2\/product_cat?post=9890"},{"taxonomy":"product_tag","embeddable":true,"href":"https:\/\/pool-house.shop\/de\/wp-json\/wp\/v2\/product_tag?post=9890"}],"curies":[{"name":"wp","href":"https:\/\/api.w.org\/{rel}","templated":true}]}}