{"id":9956,"date":"2025-04-08T12:28:27","date_gmt":"2025-04-08T10:28:27","guid":{"rendered":"https:\/\/pool-house.shop\/product\/blechprofil-grau-4-cm-2-m\/"},"modified":"2025-04-08T12:28:27","modified_gmt":"2025-04-08T10:28:27","slug":"blechprofil-grau-4-cm-2-m","status":"publish","type":"product","link":"https:\/\/pool-house.shop\/de\/product\/blechprofil-grau-4-cm-2-m\/","title":{"rendered":"Blechprofil grau 4 cm &#8211; 2 m"},"content":{"rendered":"<p>Blech mit grauer Folie<\/p>\n<p> Das graue Folienblech ist ein d\u00fcnnes Folienblech, das als Befestigungsprofil f\u00fcr Poolfolien verwendet werden kann, wodurch ein fester Halt und eine stabile Befestigung der Folie gew\u00e4hrleistet wird.<\/p>\n<p> Eigenschaften<br \/>\n &#8211; Ma\u00dfe: 4 cm<br \/>\n &#8211; L\u00e4nge: 2 m<br \/>\n &#8211; Farbe: grau<\/p>\n","protected":false},"excerpt":{"rendered":"<p>Blech mit grauer Folie<\/p>\n<p> Das graue Folienblech ist ein d\u00fcnnes Folienblech, das als Befestigungsprofil f\u00fcr Poolfolien verwendet werden kann, wodurch ein fester Halt und eine stabile Befestigung der Folie gew\u00e4hrleistet wird.<\/p>\n<p> Eigenschaften<br \/>\n &#8211; Ma\u00dfe: 4 cm<br \/>\n &#8211; L\u00e4nge: 2 m<br \/>\n &#8211; Farbe: grau<\/p>\n","protected":false},"featured_media":4539,"template":"","meta":[],"product_brand":[],"product_cat":[210,211,282,225,298],"product_tag":[],"class_list":{"0":"post-9956","1":"product","2":"type-product","3":"status-publish","4":"has-post-thumbnail","6":"product_cat-poolfolien-und-zubehor","7":"product_cat-renolit-alkorplan","8":"product_cat-zubehor-3","9":"product_cat-soprema-pool","10":"product_cat-zubehor-sopremapool","11":"thunk-woo-product-list","12":"open-woo-hover-none","13":"open-single-product-tab-horizontal","14":"open-shadow-","15":"open-shadow-hover-","17":"first","18":"instock","19":"taxable","20":"shipping-taxable","21":"purchasable","22":"product-type-simple"},"yoast_head":"<!-- This site is optimized with the Yoast SEO plugin v26.9 - https:\/\/yoast.com\/product\/yoast-seo-wordpress\/ -->\n<title>Blechprofil grau 4 cm - 2 m - Pool-House<\/title>\n<meta name=\"robots\" content=\"index, follow, max-snippet:-1, max-image-preview:large, max-video-preview:-1\" \/>\n<link rel=\"canonical\" href=\"https:\/\/pool-house.shop\/de\/product\/blechprofil-grau-4-cm-2-m\/\" \/>\n<meta property=\"og:locale\" content=\"de_DE\" \/>\n<meta property=\"og:type\" content=\"article\" \/>\n<meta property=\"og:title\" content=\"Blechprofil grau 4 cm - 2 m - Pool-House\" \/>\n<meta property=\"og:description\" content=\"Blech mit grauer Folie  Das graue Folienblech ist ein d\u00fcnnes Folienblech, das als Befestigungsprofil f\u00fcr Poolfolien verwendet werden kann, wodurch ein fester Halt und eine stabile Befestigung der Folie gew\u00e4hrleistet wird.  Eigenschaften - Ma\u00dfe: 4 cm - L\u00e4nge: 2 m - Farbe: grau\" \/>\n<meta property=\"og:url\" content=\"https:\/\/pool-house.shop\/de\/product\/blechprofil-grau-4-cm-2-m\/\" \/>\n<meta property=\"og:site_name\" content=\"Pool-House\" \/>\n<meta property=\"article:publisher\" content=\"https:\/\/www.facebook.com\/termodomsk\/\" \/>\n<meta property=\"og:image\" content=\"https:\/\/pool-house.shop\/wp-content\/uploads\/2025\/04\/165104.png\" \/>\n\t<meta property=\"og:image:width\" content=\"1600\" \/>\n\t<meta property=\"og:image:height\" content=\"1600\" \/>\n\t<meta property=\"og:image:type\" content=\"image\/png\" \/>\n<meta name=\"twitter:card\" content=\"summary_large_image\" \/>\n<script type=\"application\/ld+json\" class=\"yoast-schema-graph\">{\"@context\":\"https:\/\/schema.org\",\"@graph\":[{\"@type\":\"WebPage\",\"@id\":\"https:\/\/pool-house.shop\/de\/product\/blechprofil-grau-4-cm-2-m\/\",\"url\":\"https:\/\/pool-house.shop\/de\/product\/blechprofil-grau-4-cm-2-m\/\",\"name\":\"Blechprofil grau 4 cm - 2 m - Pool-House\",\"isPartOf\":{\"@id\":\"https:\/\/pool-house.shop\/de\/#website\"},\"primaryImageOfPage\":{\"@id\":\"https:\/\/pool-house.shop\/de\/product\/blechprofil-grau-4-cm-2-m\/#primaryimage\"},\"image\":{\"@id\":\"https:\/\/pool-house.shop\/de\/product\/blechprofil-grau-4-cm-2-m\/#primaryimage\"},\"thumbnailUrl\":\"https:\/\/pool-house.shop\/wp-content\/uploads\/2025\/04\/165104.png\",\"datePublished\":\"2025-04-08T10:28:27+00:00\",\"breadcrumb\":{\"@id\":\"https:\/\/pool-house.shop\/de\/product\/blechprofil-grau-4-cm-2-m\/#breadcrumb\"},\"inLanguage\":\"de\",\"potentialAction\":[{\"@type\":\"ReadAction\",\"target\":[\"https:\/\/pool-house.shop\/de\/product\/blechprofil-grau-4-cm-2-m\/\"]}]},{\"@type\":\"ImageObject\",\"inLanguage\":\"de\",\"@id\":\"https:\/\/pool-house.shop\/de\/product\/blechprofil-grau-4-cm-2-m\/#primaryimage\",\"url\":\"https:\/\/pool-house.shop\/wp-content\/uploads\/2025\/04\/165104.png\",\"contentUrl\":\"https:\/\/pool-house.shop\/wp-content\/uploads\/2025\/04\/165104.png\",\"width\":1600,\"height\":1600},{\"@type\":\"BreadcrumbList\",\"@id\":\"https:\/\/pool-house.shop\/de\/product\/blechprofil-grau-4-cm-2-m\/#breadcrumb\",\"itemListElement\":[{\"@type\":\"ListItem\",\"position\":1,\"name\":\"Domovsk\u00e1 str\u00e1nka\",\"item\":\"https:\/\/pool-house.shop\/de\/\"},{\"@type\":\"ListItem\",\"position\":2,\"name\":\"Shop\",\"item\":\"https:\/\/pool-house.shop\/de\/shop\/\"},{\"@type\":\"ListItem\",\"position\":3,\"name\":\"Blechprofil grau 4 cm &#8211; 2 m\"}]},{\"@type\":\"WebSite\",\"@id\":\"https:\/\/pool-house.shop\/de\/#website\",\"url\":\"https:\/\/pool-house.shop\/de\/\",\"name\":\"Pool-House\",\"description\":\"\",\"publisher\":{\"@id\":\"https:\/\/pool-house.shop\/de\/#organization\"},\"potentialAction\":[{\"@type\":\"SearchAction\",\"target\":{\"@type\":\"EntryPoint\",\"urlTemplate\":\"https:\/\/pool-house.shop\/de\/?s={search_term_string}\"},\"query-input\":{\"@type\":\"PropertyValueSpecification\",\"valueRequired\":true,\"valueName\":\"search_term_string\"}}],\"inLanguage\":\"de\"},{\"@type\":\"Organization\",\"@id\":\"https:\/\/pool-house.shop\/de\/#organization\",\"name\":\"Pool-House\",\"url\":\"https:\/\/pool-house.shop\/de\/\",\"logo\":{\"@type\":\"ImageObject\",\"inLanguage\":\"de\",\"@id\":\"https:\/\/pool-house.shop\/de\/#\/schema\/logo\/image\/\",\"url\":\"https:\/\/pool-house.shop\/wp-content\/uploads\/2025\/10\/logo-2-stvorec-mobil-modre.png\",\"contentUrl\":\"https:\/\/pool-house.shop\/wp-content\/uploads\/2025\/10\/logo-2-stvorec-mobil-modre.png\",\"width\":273,\"height\":189,\"caption\":\"Pool-House\"},\"image\":{\"@id\":\"https:\/\/pool-house.shop\/de\/#\/schema\/logo\/image\/\"},\"sameAs\":[\"https:\/\/www.facebook.com\/termodomsk\/\"]}]}<\/script>\n<!-- \/ Yoast SEO plugin. -->","yoast_head_json":{"title":"Blechprofil grau 4 cm - 2 m - Pool-House","robots":{"index":"index","follow":"follow","max-snippet":"max-snippet:-1","max-image-preview":"max-image-preview:large","max-video-preview":"max-video-preview:-1"},"canonical":"https:\/\/pool-house.shop\/de\/product\/blechprofil-grau-4-cm-2-m\/","og_locale":"de_DE","og_type":"article","og_title":"Blechprofil grau 4 cm - 2 m - Pool-House","og_description":"Blech mit grauer Folie  Das graue Folienblech ist ein d\u00fcnnes Folienblech, das als Befestigungsprofil f\u00fcr Poolfolien verwendet werden kann, wodurch ein fester Halt und eine stabile Befestigung der Folie gew\u00e4hrleistet wird.  Eigenschaften - Ma\u00dfe: 4 cm - L\u00e4nge: 2 m - Farbe: grau","og_url":"https:\/\/pool-house.shop\/de\/product\/blechprofil-grau-4-cm-2-m\/","og_site_name":"Pool-House","article_publisher":"https:\/\/www.facebook.com\/termodomsk\/","og_image":[{"width":1600,"height":1600,"url":"https:\/\/pool-house.shop\/wp-content\/uploads\/2025\/04\/165104.png","type":"image\/png"}],"twitter_card":"summary_large_image","schema":{"@context":"https:\/\/schema.org","@graph":[{"@type":"WebPage","@id":"https:\/\/pool-house.shop\/de\/product\/blechprofil-grau-4-cm-2-m\/","url":"https:\/\/pool-house.shop\/de\/product\/blechprofil-grau-4-cm-2-m\/","name":"Blechprofil grau 4 cm - 2 m - Pool-House","isPartOf":{"@id":"https:\/\/pool-house.shop\/de\/#website"},"primaryImageOfPage":{"@id":"https:\/\/pool-house.shop\/de\/product\/blechprofil-grau-4-cm-2-m\/#primaryimage"},"image":{"@id":"https:\/\/pool-house.shop\/de\/product\/blechprofil-grau-4-cm-2-m\/#primaryimage"},"thumbnailUrl":"https:\/\/pool-house.shop\/wp-content\/uploads\/2025\/04\/165104.png","datePublished":"2025-04-08T10:28:27+00:00","breadcrumb":{"@id":"https:\/\/pool-house.shop\/de\/product\/blechprofil-grau-4-cm-2-m\/#breadcrumb"},"inLanguage":"de","potentialAction":[{"@type":"ReadAction","target":["https:\/\/pool-house.shop\/de\/product\/blechprofil-grau-4-cm-2-m\/"]}]},{"@type":"ImageObject","inLanguage":"de","@id":"https:\/\/pool-house.shop\/de\/product\/blechprofil-grau-4-cm-2-m\/#primaryimage","url":"https:\/\/pool-house.shop\/wp-content\/uploads\/2025\/04\/165104.png","contentUrl":"https:\/\/pool-house.shop\/wp-content\/uploads\/2025\/04\/165104.png","width":1600,"height":1600},{"@type":"BreadcrumbList","@id":"https:\/\/pool-house.shop\/de\/product\/blechprofil-grau-4-cm-2-m\/#breadcrumb","itemListElement":[{"@type":"ListItem","position":1,"name":"Domovsk\u00e1 str\u00e1nka","item":"https:\/\/pool-house.shop\/de\/"},{"@type":"ListItem","position":2,"name":"Shop","item":"https:\/\/pool-house.shop\/de\/shop\/"},{"@type":"ListItem","position":3,"name":"Blechprofil grau 4 cm &#8211; 2 m"}]},{"@type":"WebSite","@id":"https:\/\/pool-house.shop\/de\/#website","url":"https:\/\/pool-house.shop\/de\/","name":"Pool-House","description":"","publisher":{"@id":"https:\/\/pool-house.shop\/de\/#organization"},"potentialAction":[{"@type":"SearchAction","target":{"@type":"EntryPoint","urlTemplate":"https:\/\/pool-house.shop\/de\/?s={search_term_string}"},"query-input":{"@type":"PropertyValueSpecification","valueRequired":true,"valueName":"search_term_string"}}],"inLanguage":"de"},{"@type":"Organization","@id":"https:\/\/pool-house.shop\/de\/#organization","name":"Pool-House","url":"https:\/\/pool-house.shop\/de\/","logo":{"@type":"ImageObject","inLanguage":"de","@id":"https:\/\/pool-house.shop\/de\/#\/schema\/logo\/image\/","url":"https:\/\/pool-house.shop\/wp-content\/uploads\/2025\/10\/logo-2-stvorec-mobil-modre.png","contentUrl":"https:\/\/pool-house.shop\/wp-content\/uploads\/2025\/10\/logo-2-stvorec-mobil-modre.png","width":273,"height":189,"caption":"Pool-House"},"image":{"@id":"https:\/\/pool-house.shop\/de\/#\/schema\/logo\/image\/"},"sameAs":["https:\/\/www.facebook.com\/termodomsk\/"]}]}},"_links":{"self":[{"href":"https:\/\/pool-house.shop\/de\/wp-json\/wp\/v2\/product\/9956","targetHints":{"allow":["GET"]}}],"collection":[{"href":"https:\/\/pool-house.shop\/de\/wp-json\/wp\/v2\/product"}],"about":[{"href":"https:\/\/pool-house.shop\/de\/wp-json\/wp\/v2\/types\/product"}],"wp:featuredmedia":[{"embeddable":true,"href":"https:\/\/pool-house.shop\/de\/wp-json\/wp\/v2\/media\/4539"}],"wp:attachment":[{"href":"https:\/\/pool-house.shop\/de\/wp-json\/wp\/v2\/media?parent=9956"}],"wp:term":[{"taxonomy":"product_brand","embeddable":true,"href":"https:\/\/pool-house.shop\/de\/wp-json\/wp\/v2\/product_brand?post=9956"},{"taxonomy":"product_cat","embeddable":true,"href":"https:\/\/pool-house.shop\/de\/wp-json\/wp\/v2\/product_cat?post=9956"},{"taxonomy":"product_tag","embeddable":true,"href":"https:\/\/pool-house.shop\/de\/wp-json\/wp\/v2\/product_tag?post=9956"}],"curies":[{"name":"wp","href":"https:\/\/api.w.org\/{rel}","templated":true}]}}