{"id":9958,"date":"2025-04-08T12:28:25","date_gmt":"2025-04-08T10:28:25","guid":{"rendered":"https:\/\/pool-house.shop\/product\/doppelseitiges-klebeband-9-mm-x-50-m\/"},"modified":"2025-04-08T12:28:25","modified_gmt":"2025-04-08T10:28:25","slug":"doppelseitiges-klebeband-9-mm-x-50-m","status":"publish","type":"product","link":"https:\/\/pool-house.shop\/de\/product\/doppelseitiges-klebeband-9-mm-x-50-m\/","title":{"rendered":"Doppelseitiges Klebeband &#8211; 9 mm x 50 m"},"content":{"rendered":"<p>Doppelseitiges Klebeband<\/p>\n<p> Doppelseitiges Klebeband ist eine spezielle Art von Klebeband mit einer Klebeschicht auf beiden Seiten. Erh\u00e4ltlich in schmalen und langen Rollen, ideal f\u00fcr eine Vielzahl von Anwendungen. Das Klebeband l\u00e4sst sich leicht anbringen und verwenden. Es ist wasserdicht und bietet eine starke Haftung, die f\u00fcr Unterwasseranwendungen unerl\u00e4sslich ist.   <\/p>\n<p> Bei der Installation von Poolfolien kann das Klebeband helfen, die Poolfolie an den Innenfl\u00e4chen des Pools zu befestigen. Der doppelseitige Klebstoff sorgt f\u00fcr eine feste Haftung der Folie an der Wand oder am Boden des Pools, wodurch m\u00f6gliche Falten oder Luftblasen vermieden werden.<\/p>\n<p> Eigenschaften<br \/>\n &#8211; Breite: 9 mm<br \/>\n &#8211; Rollengr\u00f6\u00dfe: 50 m <\/p>\n","protected":false},"excerpt":{"rendered":"<p>Doppelseitiges Klebeband<\/p>\n<p> Doppelseitiges Klebeband ist eine spezielle Art von Klebeband mit einer Klebeschicht auf beiden Seiten. Erh\u00e4ltlich in schmalen und langen Rollen, ideal f\u00fcr eine Vielzahl von Anwendungen. Das Klebeband l\u00e4sst sich leicht anbringen und verwenden. Es ist wasserdicht und bietet eine starke Haftung, die f\u00fcr Unterwasseranwendungen unerl\u00e4sslich ist.   <\/p>\n<p> Bei der Installation von Poolfolien kann das Klebeband helfen, die Poolfolie an den Innenfl\u00e4chen des Pools zu befestigen. Der doppelseitige Klebstoff sorgt f\u00fcr eine feste Haftung der Folie an der Wand oder am Boden des Pools, wodurch m\u00f6gliche Falten oder Luftblasen vermieden werden.<\/p>\n<p> Eigenschaften<br \/>\n &#8211; Breite: 9 mm<br \/>\n &#8211; Rollengr\u00f6\u00dfe: 50 m <\/p>\n","protected":false},"featured_media":4537,"template":"","meta":[],"product_brand":[],"product_cat":[210,211,282,225,298],"product_tag":[],"class_list":{"0":"post-9958","1":"product","2":"type-product","3":"status-publish","4":"has-post-thumbnail","6":"product_cat-poolfolien-und-zubehor","7":"product_cat-renolit-alkorplan","8":"product_cat-zubehor-3","9":"product_cat-soprema-pool","10":"product_cat-zubehor-sopremapool","11":"thunk-woo-product-list","12":"open-woo-hover-none","13":"open-single-product-tab-horizontal","14":"open-shadow-","15":"open-shadow-hover-","17":"first","18":"instock","19":"taxable","20":"shipping-taxable","21":"purchasable","22":"product-type-simple"},"yoast_head":"<!-- This site is optimized with the Yoast SEO plugin v26.9 - https:\/\/yoast.com\/product\/yoast-seo-wordpress\/ -->\n<title>Doppelseitiges Klebeband - 9 mm x 50 m - Pool-House<\/title>\n<meta name=\"robots\" content=\"index, follow, max-snippet:-1, max-image-preview:large, max-video-preview:-1\" \/>\n<link rel=\"canonical\" href=\"https:\/\/pool-house.shop\/de\/product\/doppelseitiges-klebeband-9-mm-x-50-m\/\" \/>\n<meta property=\"og:locale\" content=\"de_DE\" \/>\n<meta property=\"og:type\" content=\"article\" \/>\n<meta property=\"og:title\" content=\"Doppelseitiges Klebeband - 9 mm x 50 m - Pool-House\" \/>\n<meta property=\"og:description\" content=\"Doppelseitiges Klebeband  Doppelseitiges Klebeband ist eine spezielle Art von Klebeband mit einer Klebeschicht auf beiden Seiten. Erh\u00e4ltlich in schmalen und langen Rollen, ideal f\u00fcr eine Vielzahl von Anwendungen. Das Klebeband l\u00e4sst sich leicht anbringen und verwenden. Es ist wasserdicht und bietet eine starke Haftung, die f\u00fcr Unterwasseranwendungen unerl\u00e4sslich ist.    Bei der Installation von Poolfolien kann das Klebeband helfen, die Poolfolie an den Innenfl\u00e4chen des Pools zu befestigen. Der doppelseitige Klebstoff sorgt f\u00fcr eine feste Haftung der Folie an der Wand oder am Boden des Pools, wodurch m\u00f6gliche Falten oder Luftblasen vermieden werden.  Eigenschaften - Breite: 9 mm  - Rollengr\u00f6\u00dfe: 50 m\" \/>\n<meta property=\"og:url\" content=\"https:\/\/pool-house.shop\/de\/product\/doppelseitiges-klebeband-9-mm-x-50-m\/\" \/>\n<meta property=\"og:site_name\" content=\"Pool-House\" \/>\n<meta property=\"article:publisher\" content=\"https:\/\/www.facebook.com\/termodomsk\/\" \/>\n<meta property=\"og:image\" content=\"https:\/\/pool-house.shop\/wp-content\/uploads\/2025\/04\/165010.png\" \/>\n\t<meta property=\"og:image:width\" content=\"1800\" \/>\n\t<meta property=\"og:image:height\" content=\"1800\" \/>\n\t<meta property=\"og:image:type\" content=\"image\/png\" \/>\n<meta name=\"twitter:card\" content=\"summary_large_image\" \/>\n<meta name=\"twitter:label1\" content=\"Gesch\u00e4tzte Lesezeit\" \/>\n\t<meta name=\"twitter:data1\" content=\"1\u00a0Minute\" \/>\n<script type=\"application\/ld+json\" class=\"yoast-schema-graph\">{\"@context\":\"https:\/\/schema.org\",\"@graph\":[{\"@type\":\"WebPage\",\"@id\":\"https:\/\/pool-house.shop\/de\/product\/doppelseitiges-klebeband-9-mm-x-50-m\/\",\"url\":\"https:\/\/pool-house.shop\/de\/product\/doppelseitiges-klebeband-9-mm-x-50-m\/\",\"name\":\"Doppelseitiges Klebeband - 9 mm x 50 m - Pool-House\",\"isPartOf\":{\"@id\":\"https:\/\/pool-house.shop\/de\/#website\"},\"primaryImageOfPage\":{\"@id\":\"https:\/\/pool-house.shop\/de\/product\/doppelseitiges-klebeband-9-mm-x-50-m\/#primaryimage\"},\"image\":{\"@id\":\"https:\/\/pool-house.shop\/de\/product\/doppelseitiges-klebeband-9-mm-x-50-m\/#primaryimage\"},\"thumbnailUrl\":\"https:\/\/pool-house.shop\/wp-content\/uploads\/2025\/04\/165010.png\",\"datePublished\":\"2025-04-08T10:28:25+00:00\",\"breadcrumb\":{\"@id\":\"https:\/\/pool-house.shop\/de\/product\/doppelseitiges-klebeband-9-mm-x-50-m\/#breadcrumb\"},\"inLanguage\":\"de\",\"potentialAction\":[{\"@type\":\"ReadAction\",\"target\":[\"https:\/\/pool-house.shop\/de\/product\/doppelseitiges-klebeband-9-mm-x-50-m\/\"]}]},{\"@type\":\"ImageObject\",\"inLanguage\":\"de\",\"@id\":\"https:\/\/pool-house.shop\/de\/product\/doppelseitiges-klebeband-9-mm-x-50-m\/#primaryimage\",\"url\":\"https:\/\/pool-house.shop\/wp-content\/uploads\/2025\/04\/165010.png\",\"contentUrl\":\"https:\/\/pool-house.shop\/wp-content\/uploads\/2025\/04\/165010.png\",\"width\":1800,\"height\":1800},{\"@type\":\"BreadcrumbList\",\"@id\":\"https:\/\/pool-house.shop\/de\/product\/doppelseitiges-klebeband-9-mm-x-50-m\/#breadcrumb\",\"itemListElement\":[{\"@type\":\"ListItem\",\"position\":1,\"name\":\"Domovsk\u00e1 str\u00e1nka\",\"item\":\"https:\/\/pool-house.shop\/de\/\"},{\"@type\":\"ListItem\",\"position\":2,\"name\":\"Shop\",\"item\":\"https:\/\/pool-house.shop\/de\/shop\/\"},{\"@type\":\"ListItem\",\"position\":3,\"name\":\"Doppelseitiges Klebeband &#8211; 9 mm x 50 m\"}]},{\"@type\":\"WebSite\",\"@id\":\"https:\/\/pool-house.shop\/de\/#website\",\"url\":\"https:\/\/pool-house.shop\/de\/\",\"name\":\"Pool-House\",\"description\":\"\",\"publisher\":{\"@id\":\"https:\/\/pool-house.shop\/de\/#organization\"},\"potentialAction\":[{\"@type\":\"SearchAction\",\"target\":{\"@type\":\"EntryPoint\",\"urlTemplate\":\"https:\/\/pool-house.shop\/de\/?s={search_term_string}\"},\"query-input\":{\"@type\":\"PropertyValueSpecification\",\"valueRequired\":true,\"valueName\":\"search_term_string\"}}],\"inLanguage\":\"de\"},{\"@type\":\"Organization\",\"@id\":\"https:\/\/pool-house.shop\/de\/#organization\",\"name\":\"Pool-House\",\"url\":\"https:\/\/pool-house.shop\/de\/\",\"logo\":{\"@type\":\"ImageObject\",\"inLanguage\":\"de\",\"@id\":\"https:\/\/pool-house.shop\/de\/#\/schema\/logo\/image\/\",\"url\":\"https:\/\/pool-house.shop\/wp-content\/uploads\/2025\/10\/logo-2-stvorec-mobil-modre.png\",\"contentUrl\":\"https:\/\/pool-house.shop\/wp-content\/uploads\/2025\/10\/logo-2-stvorec-mobil-modre.png\",\"width\":273,\"height\":189,\"caption\":\"Pool-House\"},\"image\":{\"@id\":\"https:\/\/pool-house.shop\/de\/#\/schema\/logo\/image\/\"},\"sameAs\":[\"https:\/\/www.facebook.com\/termodomsk\/\"]}]}<\/script>\n<!-- \/ Yoast SEO plugin. -->","yoast_head_json":{"title":"Doppelseitiges Klebeband - 9 mm x 50 m - Pool-House","robots":{"index":"index","follow":"follow","max-snippet":"max-snippet:-1","max-image-preview":"max-image-preview:large","max-video-preview":"max-video-preview:-1"},"canonical":"https:\/\/pool-house.shop\/de\/product\/doppelseitiges-klebeband-9-mm-x-50-m\/","og_locale":"de_DE","og_type":"article","og_title":"Doppelseitiges Klebeband - 9 mm x 50 m - Pool-House","og_description":"Doppelseitiges Klebeband  Doppelseitiges Klebeband ist eine spezielle Art von Klebeband mit einer Klebeschicht auf beiden Seiten. Erh\u00e4ltlich in schmalen und langen Rollen, ideal f\u00fcr eine Vielzahl von Anwendungen. Das Klebeband l\u00e4sst sich leicht anbringen und verwenden. Es ist wasserdicht und bietet eine starke Haftung, die f\u00fcr Unterwasseranwendungen unerl\u00e4sslich ist.    Bei der Installation von Poolfolien kann das Klebeband helfen, die Poolfolie an den Innenfl\u00e4chen des Pools zu befestigen. Der doppelseitige Klebstoff sorgt f\u00fcr eine feste Haftung der Folie an der Wand oder am Boden des Pools, wodurch m\u00f6gliche Falten oder Luftblasen vermieden werden.  Eigenschaften - Breite: 9 mm  - Rollengr\u00f6\u00dfe: 50 m","og_url":"https:\/\/pool-house.shop\/de\/product\/doppelseitiges-klebeband-9-mm-x-50-m\/","og_site_name":"Pool-House","article_publisher":"https:\/\/www.facebook.com\/termodomsk\/","og_image":[{"width":1800,"height":1800,"url":"https:\/\/pool-house.shop\/wp-content\/uploads\/2025\/04\/165010.png","type":"image\/png"}],"twitter_card":"summary_large_image","twitter_misc":{"Gesch\u00e4tzte Lesezeit":"1\u00a0Minute"},"schema":{"@context":"https:\/\/schema.org","@graph":[{"@type":"WebPage","@id":"https:\/\/pool-house.shop\/de\/product\/doppelseitiges-klebeband-9-mm-x-50-m\/","url":"https:\/\/pool-house.shop\/de\/product\/doppelseitiges-klebeband-9-mm-x-50-m\/","name":"Doppelseitiges Klebeband - 9 mm x 50 m - Pool-House","isPartOf":{"@id":"https:\/\/pool-house.shop\/de\/#website"},"primaryImageOfPage":{"@id":"https:\/\/pool-house.shop\/de\/product\/doppelseitiges-klebeband-9-mm-x-50-m\/#primaryimage"},"image":{"@id":"https:\/\/pool-house.shop\/de\/product\/doppelseitiges-klebeband-9-mm-x-50-m\/#primaryimage"},"thumbnailUrl":"https:\/\/pool-house.shop\/wp-content\/uploads\/2025\/04\/165010.png","datePublished":"2025-04-08T10:28:25+00:00","breadcrumb":{"@id":"https:\/\/pool-house.shop\/de\/product\/doppelseitiges-klebeband-9-mm-x-50-m\/#breadcrumb"},"inLanguage":"de","potentialAction":[{"@type":"ReadAction","target":["https:\/\/pool-house.shop\/de\/product\/doppelseitiges-klebeband-9-mm-x-50-m\/"]}]},{"@type":"ImageObject","inLanguage":"de","@id":"https:\/\/pool-house.shop\/de\/product\/doppelseitiges-klebeband-9-mm-x-50-m\/#primaryimage","url":"https:\/\/pool-house.shop\/wp-content\/uploads\/2025\/04\/165010.png","contentUrl":"https:\/\/pool-house.shop\/wp-content\/uploads\/2025\/04\/165010.png","width":1800,"height":1800},{"@type":"BreadcrumbList","@id":"https:\/\/pool-house.shop\/de\/product\/doppelseitiges-klebeband-9-mm-x-50-m\/#breadcrumb","itemListElement":[{"@type":"ListItem","position":1,"name":"Domovsk\u00e1 str\u00e1nka","item":"https:\/\/pool-house.shop\/de\/"},{"@type":"ListItem","position":2,"name":"Shop","item":"https:\/\/pool-house.shop\/de\/shop\/"},{"@type":"ListItem","position":3,"name":"Doppelseitiges Klebeband &#8211; 9 mm x 50 m"}]},{"@type":"WebSite","@id":"https:\/\/pool-house.shop\/de\/#website","url":"https:\/\/pool-house.shop\/de\/","name":"Pool-House","description":"","publisher":{"@id":"https:\/\/pool-house.shop\/de\/#organization"},"potentialAction":[{"@type":"SearchAction","target":{"@type":"EntryPoint","urlTemplate":"https:\/\/pool-house.shop\/de\/?s={search_term_string}"},"query-input":{"@type":"PropertyValueSpecification","valueRequired":true,"valueName":"search_term_string"}}],"inLanguage":"de"},{"@type":"Organization","@id":"https:\/\/pool-house.shop\/de\/#organization","name":"Pool-House","url":"https:\/\/pool-house.shop\/de\/","logo":{"@type":"ImageObject","inLanguage":"de","@id":"https:\/\/pool-house.shop\/de\/#\/schema\/logo\/image\/","url":"https:\/\/pool-house.shop\/wp-content\/uploads\/2025\/10\/logo-2-stvorec-mobil-modre.png","contentUrl":"https:\/\/pool-house.shop\/wp-content\/uploads\/2025\/10\/logo-2-stvorec-mobil-modre.png","width":273,"height":189,"caption":"Pool-House"},"image":{"@id":"https:\/\/pool-house.shop\/de\/#\/schema\/logo\/image\/"},"sameAs":["https:\/\/www.facebook.com\/termodomsk\/"]}]}},"_links":{"self":[{"href":"https:\/\/pool-house.shop\/de\/wp-json\/wp\/v2\/product\/9958","targetHints":{"allow":["GET"]}}],"collection":[{"href":"https:\/\/pool-house.shop\/de\/wp-json\/wp\/v2\/product"}],"about":[{"href":"https:\/\/pool-house.shop\/de\/wp-json\/wp\/v2\/types\/product"}],"wp:featuredmedia":[{"embeddable":true,"href":"https:\/\/pool-house.shop\/de\/wp-json\/wp\/v2\/media\/4537"}],"wp:attachment":[{"href":"https:\/\/pool-house.shop\/de\/wp-json\/wp\/v2\/media?parent=9958"}],"wp:term":[{"taxonomy":"product_brand","embeddable":true,"href":"https:\/\/pool-house.shop\/de\/wp-json\/wp\/v2\/product_brand?post=9958"},{"taxonomy":"product_cat","embeddable":true,"href":"https:\/\/pool-house.shop\/de\/wp-json\/wp\/v2\/product_cat?post=9958"},{"taxonomy":"product_tag","embeddable":true,"href":"https:\/\/pool-house.shop\/de\/wp-json\/wp\/v2\/product_tag?post=9958"}],"curies":[{"name":"wp","href":"https:\/\/api.w.org\/{rel}","templated":true}]}}