{"id":9962,"date":"2025-04-08T12:41:44","date_gmt":"2025-04-08T10:41:44","guid":{"rendered":"https:\/\/pool-house.shop\/product\/pool-stahlstuetze\/"},"modified":"2026-01-28T10:10:40","modified_gmt":"2026-01-28T09:10:40","slug":"pool-stahlstuetze","status":"publish","type":"product","link":"https:\/\/pool-house.shop\/de\/product\/pool-stahlstuetze\/","title":{"rendered":"Pool-Stahlst\u00fctze"},"content":{"rendered":"<p>Pool-Stahlst\u00fctze<\/p>\n<p> Ein robustes, langlebiges Stahlrohr, das zur Abst\u00fctzung des Pools mit Fundament verwendet wird. Wird haupts\u00e4chlich bei gr\u00f6\u00dferen und interessanter gestalteten Pools eingesetzt, wenn man nicht jeden Raum und jede L\u00fccke beispielsweise mit Beton f\u00fcllen m\u00f6chte. <\/p>\n","protected":false},"excerpt":{"rendered":"<p>Pool-Stahlst\u00fctze<\/p>\n<p> Ein robustes, langlebiges Stahlrohr, das zur Abst\u00fctzung des Pools mit Fundament verwendet wird. Wird haupts\u00e4chlich bei gr\u00f6\u00dferen und interessanter gestalteten Pools eingesetzt, wenn man nicht jeden Raum und jede L\u00fccke beispielsweise mit Beton f\u00fcllen m\u00f6chte. <\/p>\n","protected":false},"featured_media":5191,"template":"","meta":[],"product_brand":[],"product_cat":[281],"product_tag":[],"class_list":{"0":"post-9962","1":"product","2":"type-product","3":"status-publish","4":"has-post-thumbnail","6":"product_cat-komplettbecken","7":"thunk-woo-product-list","8":"open-woo-hover-none","9":"open-single-product-tab-horizontal","10":"open-shadow-","11":"open-shadow-hover-","13":"first","14":"instock","15":"taxable","16":"shipping-taxable","17":"purchasable","18":"product-type-simple"},"yoast_head":"<!-- This site is optimized with the Yoast SEO plugin v26.9 - https:\/\/yoast.com\/product\/yoast-seo-wordpress\/ -->\n<title>Pool-Stahlst\u00fctze - Pool-House<\/title>\n<meta name=\"robots\" content=\"index, follow, max-snippet:-1, max-image-preview:large, max-video-preview:-1\" \/>\n<link rel=\"canonical\" href=\"https:\/\/pool-house.shop\/de\/product\/pool-stahlstuetze\/\" \/>\n<meta property=\"og:locale\" content=\"de_DE\" \/>\n<meta property=\"og:type\" content=\"article\" \/>\n<meta property=\"og:title\" content=\"Pool-Stahlst\u00fctze - Pool-House\" \/>\n<meta property=\"og:description\" content=\"Pool-Stahlst\u00fctze  Ein robustes, langlebiges Stahlrohr, das zur Abst\u00fctzung des Pools mit Fundament verwendet wird. Wird haupts\u00e4chlich bei gr\u00f6\u00dferen und interessanter gestalteten Pools eingesetzt, wenn man nicht jeden Raum und jede L\u00fccke beispielsweise mit Beton f\u00fcllen m\u00f6chte.\" \/>\n<meta property=\"og:url\" content=\"https:\/\/pool-house.shop\/de\/product\/pool-stahlstuetze\/\" \/>\n<meta property=\"og:site_name\" content=\"Pool-House\" \/>\n<meta property=\"article:publisher\" content=\"https:\/\/www.facebook.com\/termodomsk\/\" \/>\n<meta property=\"article:modified_time\" content=\"2026-01-28T09:10:40+00:00\" \/>\n<meta property=\"og:image\" content=\"https:\/\/pool-house.shop\/wp-content\/uploads\/2025\/04\/188990.png\" \/>\n\t<meta property=\"og:image:width\" content=\"526\" \/>\n\t<meta property=\"og:image:height\" content=\"639\" \/>\n\t<meta property=\"og:image:type\" content=\"image\/png\" \/>\n<meta name=\"twitter:card\" content=\"summary_large_image\" \/>\n<script type=\"application\/ld+json\" class=\"yoast-schema-graph\">{\"@context\":\"https:\/\/schema.org\",\"@graph\":[{\"@type\":\"WebPage\",\"@id\":\"https:\/\/pool-house.shop\/de\/product\/pool-stahlstuetze\/\",\"url\":\"https:\/\/pool-house.shop\/de\/product\/pool-stahlstuetze\/\",\"name\":\"Pool-Stahlst\u00fctze - Pool-House\",\"isPartOf\":{\"@id\":\"https:\/\/pool-house.shop\/de\/#website\"},\"primaryImageOfPage\":{\"@id\":\"https:\/\/pool-house.shop\/de\/product\/pool-stahlstuetze\/#primaryimage\"},\"image\":{\"@id\":\"https:\/\/pool-house.shop\/de\/product\/pool-stahlstuetze\/#primaryimage\"},\"thumbnailUrl\":\"https:\/\/pool-house.shop\/wp-content\/uploads\/2025\/04\/188990.png\",\"datePublished\":\"2025-04-08T10:41:44+00:00\",\"dateModified\":\"2026-01-28T09:10:40+00:00\",\"breadcrumb\":{\"@id\":\"https:\/\/pool-house.shop\/de\/product\/pool-stahlstuetze\/#breadcrumb\"},\"inLanguage\":\"de\",\"potentialAction\":[{\"@type\":\"ReadAction\",\"target\":[\"https:\/\/pool-house.shop\/de\/product\/pool-stahlstuetze\/\"]}]},{\"@type\":\"ImageObject\",\"inLanguage\":\"de\",\"@id\":\"https:\/\/pool-house.shop\/de\/product\/pool-stahlstuetze\/#primaryimage\",\"url\":\"https:\/\/pool-house.shop\/wp-content\/uploads\/2025\/04\/188990.png\",\"contentUrl\":\"https:\/\/pool-house.shop\/wp-content\/uploads\/2025\/04\/188990.png\",\"width\":526,\"height\":639},{\"@type\":\"BreadcrumbList\",\"@id\":\"https:\/\/pool-house.shop\/de\/product\/pool-stahlstuetze\/#breadcrumb\",\"itemListElement\":[{\"@type\":\"ListItem\",\"position\":1,\"name\":\"Domovsk\u00e1 str\u00e1nka\",\"item\":\"https:\/\/pool-house.shop\/de\/\"},{\"@type\":\"ListItem\",\"position\":2,\"name\":\"Shop\",\"item\":\"https:\/\/pool-house.shop\/de\/shop\/\"},{\"@type\":\"ListItem\",\"position\":3,\"name\":\"Pool-Stahlst\u00fctze\"}]},{\"@type\":\"WebSite\",\"@id\":\"https:\/\/pool-house.shop\/de\/#website\",\"url\":\"https:\/\/pool-house.shop\/de\/\",\"name\":\"Pool-House\",\"description\":\"\",\"publisher\":{\"@id\":\"https:\/\/pool-house.shop\/de\/#organization\"},\"potentialAction\":[{\"@type\":\"SearchAction\",\"target\":{\"@type\":\"EntryPoint\",\"urlTemplate\":\"https:\/\/pool-house.shop\/de\/?s={search_term_string}\"},\"query-input\":{\"@type\":\"PropertyValueSpecification\",\"valueRequired\":true,\"valueName\":\"search_term_string\"}}],\"inLanguage\":\"de\"},{\"@type\":\"Organization\",\"@id\":\"https:\/\/pool-house.shop\/de\/#organization\",\"name\":\"Pool-House\",\"url\":\"https:\/\/pool-house.shop\/de\/\",\"logo\":{\"@type\":\"ImageObject\",\"inLanguage\":\"de\",\"@id\":\"https:\/\/pool-house.shop\/de\/#\/schema\/logo\/image\/\",\"url\":\"https:\/\/pool-house.shop\/wp-content\/uploads\/2025\/10\/logo-2-stvorec-mobil-modre.png\",\"contentUrl\":\"https:\/\/pool-house.shop\/wp-content\/uploads\/2025\/10\/logo-2-stvorec-mobil-modre.png\",\"width\":273,\"height\":189,\"caption\":\"Pool-House\"},\"image\":{\"@id\":\"https:\/\/pool-house.shop\/de\/#\/schema\/logo\/image\/\"},\"sameAs\":[\"https:\/\/www.facebook.com\/termodomsk\/\"]}]}<\/script>\n<!-- \/ Yoast SEO plugin. -->","yoast_head_json":{"title":"Pool-Stahlst\u00fctze - Pool-House","robots":{"index":"index","follow":"follow","max-snippet":"max-snippet:-1","max-image-preview":"max-image-preview:large","max-video-preview":"max-video-preview:-1"},"canonical":"https:\/\/pool-house.shop\/de\/product\/pool-stahlstuetze\/","og_locale":"de_DE","og_type":"article","og_title":"Pool-Stahlst\u00fctze - Pool-House","og_description":"Pool-Stahlst\u00fctze  Ein robustes, langlebiges Stahlrohr, das zur Abst\u00fctzung des Pools mit Fundament verwendet wird. Wird haupts\u00e4chlich bei gr\u00f6\u00dferen und interessanter gestalteten Pools eingesetzt, wenn man nicht jeden Raum und jede L\u00fccke beispielsweise mit Beton f\u00fcllen m\u00f6chte.","og_url":"https:\/\/pool-house.shop\/de\/product\/pool-stahlstuetze\/","og_site_name":"Pool-House","article_publisher":"https:\/\/www.facebook.com\/termodomsk\/","article_modified_time":"2026-01-28T09:10:40+00:00","og_image":[{"width":526,"height":639,"url":"https:\/\/pool-house.shop\/wp-content\/uploads\/2025\/04\/188990.png","type":"image\/png"}],"twitter_card":"summary_large_image","schema":{"@context":"https:\/\/schema.org","@graph":[{"@type":"WebPage","@id":"https:\/\/pool-house.shop\/de\/product\/pool-stahlstuetze\/","url":"https:\/\/pool-house.shop\/de\/product\/pool-stahlstuetze\/","name":"Pool-Stahlst\u00fctze - Pool-House","isPartOf":{"@id":"https:\/\/pool-house.shop\/de\/#website"},"primaryImageOfPage":{"@id":"https:\/\/pool-house.shop\/de\/product\/pool-stahlstuetze\/#primaryimage"},"image":{"@id":"https:\/\/pool-house.shop\/de\/product\/pool-stahlstuetze\/#primaryimage"},"thumbnailUrl":"https:\/\/pool-house.shop\/wp-content\/uploads\/2025\/04\/188990.png","datePublished":"2025-04-08T10:41:44+00:00","dateModified":"2026-01-28T09:10:40+00:00","breadcrumb":{"@id":"https:\/\/pool-house.shop\/de\/product\/pool-stahlstuetze\/#breadcrumb"},"inLanguage":"de","potentialAction":[{"@type":"ReadAction","target":["https:\/\/pool-house.shop\/de\/product\/pool-stahlstuetze\/"]}]},{"@type":"ImageObject","inLanguage":"de","@id":"https:\/\/pool-house.shop\/de\/product\/pool-stahlstuetze\/#primaryimage","url":"https:\/\/pool-house.shop\/wp-content\/uploads\/2025\/04\/188990.png","contentUrl":"https:\/\/pool-house.shop\/wp-content\/uploads\/2025\/04\/188990.png","width":526,"height":639},{"@type":"BreadcrumbList","@id":"https:\/\/pool-house.shop\/de\/product\/pool-stahlstuetze\/#breadcrumb","itemListElement":[{"@type":"ListItem","position":1,"name":"Domovsk\u00e1 str\u00e1nka","item":"https:\/\/pool-house.shop\/de\/"},{"@type":"ListItem","position":2,"name":"Shop","item":"https:\/\/pool-house.shop\/de\/shop\/"},{"@type":"ListItem","position":3,"name":"Pool-Stahlst\u00fctze"}]},{"@type":"WebSite","@id":"https:\/\/pool-house.shop\/de\/#website","url":"https:\/\/pool-house.shop\/de\/","name":"Pool-House","description":"","publisher":{"@id":"https:\/\/pool-house.shop\/de\/#organization"},"potentialAction":[{"@type":"SearchAction","target":{"@type":"EntryPoint","urlTemplate":"https:\/\/pool-house.shop\/de\/?s={search_term_string}"},"query-input":{"@type":"PropertyValueSpecification","valueRequired":true,"valueName":"search_term_string"}}],"inLanguage":"de"},{"@type":"Organization","@id":"https:\/\/pool-house.shop\/de\/#organization","name":"Pool-House","url":"https:\/\/pool-house.shop\/de\/","logo":{"@type":"ImageObject","inLanguage":"de","@id":"https:\/\/pool-house.shop\/de\/#\/schema\/logo\/image\/","url":"https:\/\/pool-house.shop\/wp-content\/uploads\/2025\/10\/logo-2-stvorec-mobil-modre.png","contentUrl":"https:\/\/pool-house.shop\/wp-content\/uploads\/2025\/10\/logo-2-stvorec-mobil-modre.png","width":273,"height":189,"caption":"Pool-House"},"image":{"@id":"https:\/\/pool-house.shop\/de\/#\/schema\/logo\/image\/"},"sameAs":["https:\/\/www.facebook.com\/termodomsk\/"]}]}},"_links":{"self":[{"href":"https:\/\/pool-house.shop\/de\/wp-json\/wp\/v2\/product\/9962","targetHints":{"allow":["GET"]}}],"collection":[{"href":"https:\/\/pool-house.shop\/de\/wp-json\/wp\/v2\/product"}],"about":[{"href":"https:\/\/pool-house.shop\/de\/wp-json\/wp\/v2\/types\/product"}],"wp:featuredmedia":[{"embeddable":true,"href":"https:\/\/pool-house.shop\/de\/wp-json\/wp\/v2\/media\/5191"}],"wp:attachment":[{"href":"https:\/\/pool-house.shop\/de\/wp-json\/wp\/v2\/media?parent=9962"}],"wp:term":[{"taxonomy":"product_brand","embeddable":true,"href":"https:\/\/pool-house.shop\/de\/wp-json\/wp\/v2\/product_brand?post=9962"},{"taxonomy":"product_cat","embeddable":true,"href":"https:\/\/pool-house.shop\/de\/wp-json\/wp\/v2\/product_cat?post=9962"},{"taxonomy":"product_tag","embeddable":true,"href":"https:\/\/pool-house.shop\/de\/wp-json\/wp\/v2\/product_tag?post=9962"}],"curies":[{"name":"wp","href":"https:\/\/api.w.org\/{rel}","templated":true}]}}